{"id":3841,"date":"2023-11-22T17:48:21","date_gmt":"2023-11-22T20:48:21","guid":{"rendered":"https:\/\/ffyh.unc.edu.ar\/publicaciones\/?post_type=product&#038;p=3841"},"modified":"2023-11-22T17:48:23","modified_gmt":"2023-11-22T20:48:23","slug":"la-inquietud-por-la-filosofia-ensayos-sobre-canon-historia-y-critica","status":"publish","type":"product","link":"https:\/\/ffyh.unc.edu.ar\/publicaciones\/tienda\/publicaciones-del-area-de-publicaciones-de-la-ffyh\/la-inquietud-por-la-filosofia-ensayos-sobre-canon-historia-y-critica\/","title":{"rendered":"La inquietud por la filosof\u00eda. Ensayos sobre canon, historia y cr\u00edtica"},"content":{"rendered":"<p>Este e-book, editado por Mar\u00eda <span style=\"font-weight: 400\">Carla Galfione y Facundo Jos\u00e9 Moine,<\/span><span style=\"font-weight: 400\">\u00a0recupera los resultados de una investigaci\u00f3n colectiva que invoca a Michel Foucault, en quien se encuentran las claves espec\u00edficas para los abordajes que aqu\u00ed se proponen. <\/span><\/p>\n<p><span style=\"font-weight: 400\">Los di\u00e1logos recuperados en este libro digital concentran los aportes del autor franc\u00e9s, atendiendo desde all\u00ed a los modos singulares y locales en que se ha comprendido la filosof\u00eda, especialmente en sus v\u00ednculos con la historia y la pol\u00edtica. <\/span><\/p>\n<p><span style=\"font-weight: 400\">La motivaci\u00f3n inicial de este libro es la de profundizar indagaciones y difundir algunos resultados de investigaci\u00f3n como un modo de dejar plasmadas algunas ideas y debates, al tiempo que alcanzar nuevos interlocutores que enriquezcan las perspectivas aqu\u00ed plasmadas.<\/span><\/p>\n<p><span style=\"font-weight: 400\">\u00abLa inquietud por la filosof\u00eda. Ensayos sobre canon, historia y cr\u00edtica\u00bb convoca diferentes entradas que, de manera ensay\u00edstica y con mucha libertad en el modo de abordar a Foucault buscan algunas respuestas. Ninguna sola parece ofrecer lo que queda elaborado por el conjunto.\u00a0<\/span><\/p>\n","protected":false},"excerpt":{"rendered":"<p>Este e-book, editado por Mar\u00eda <span style=\"font-weight: 400\">Carla Galfione y Facundo Jos\u00e9 Moine,<\/span><span style=\"font-weight: 400\">\u00a0recupera los resultados de una investigaci\u00f3n colectiva que invoca a Michel Foucault, en quien se encuentran las claves espec\u00edficas para los abordajes que aqu\u00ed se proponen.<\/span><\/p>\n","protected":false},"featured_media":3844,"comment_status":"closed","ping_status":"closed","template":"","meta":{"_acf_changed":false,"colormag_page_container_layout":"default_layout","colormag_page_sidebar_layout":"default_layout"},"product_brand":[],"product_cat":[1576],"product_tag":[1425,1107],"autor":[1385,2216,2002,1391,2220,2217,1593,2214,2215,2219,2213,516,2218],"editor":[2221,2222],"traductor":[],"compilador":[],"coordinador":[],"director":[],"class_list":{"0":"post-3841","1":"product","2":"type-product","3":"status-publish","4":"has-post-thumbnail","6":"product_cat-publicaciones-del-area-de-publicaciones-de-la-ffyh","7":"product_tag-critica","8":"product_tag-filosofia","9":"autor-alicia-loforte","10":"autor-andres-carbel","11":"autor-carlos-longhini","12":"autor-dolores-santamarina","13":"autor-edgar-rufinetti","14":"autor-esteban-juarez","15":"autor-eugenia-gay","16":"autor-facundo-jose-moine","17":"autor-juan-pablo-padovani","18":"autor-julia-monge","19":"autor-maria-carla-galfione","20":"autor-paulo-martinez-da-ros","21":"autor-silvia-manzo","22":"editor-carla-galfione","23":"editor-facundo-jose-moine","25":"first","26":"instock","27":"shipping-taxable","28":"product-type-external"},"acf":[],"_links":{"self":[{"href":"https:\/\/ffyh.unc.edu.ar\/publicaciones\/wp-json\/wp\/v2\/product\/3841","targetHints":{"allow":["GET"]}}],"collection":[{"href":"https:\/\/ffyh.unc.edu.ar\/publicaciones\/wp-json\/wp\/v2\/product"}],"about":[{"href":"https:\/\/ffyh.unc.edu.ar\/publicaciones\/wp-json\/wp\/v2\/types\/product"}],"replies":[{"embeddable":true,"href":"https:\/\/ffyh.unc.edu.ar\/publicaciones\/wp-json\/wp\/v2\/comments?post=3841"}],"wp:featuredmedia":[{"embeddable":true,"href":"https:\/\/ffyh.unc.edu.ar\/publicaciones\/wp-json\/wp\/v2\/media\/3844"}],"wp:attachment":[{"href":"https:\/\/ffyh.unc.edu.ar\/publicaciones\/wp-json\/wp\/v2\/media?parent=3841"}],"wp:term":[{"taxonomy":"product_brand","embeddable":true,"href":"https:\/\/ffyh.unc.edu.ar\/publicaciones\/wp-json\/wp\/v2\/product_brand?post=3841"},{"taxonomy":"product_cat","embeddable":true,"href":"https:\/\/ffyh.unc.edu.ar\/publicaciones\/wp-json\/wp\/v2\/product_cat?post=3841"},{"taxonomy":"product_tag","embeddable":true,"href":"https:\/\/ffyh.unc.edu.ar\/publicaciones\/wp-json\/wp\/v2\/product_tag?post=3841"},{"taxonomy":"autor","embeddable":true,"href":"https:\/\/ffyh.unc.edu.ar\/publicaciones\/wp-json\/wp\/v2\/autor?post=3841"},{"taxonomy":"editor","embeddable":true,"href":"https:\/\/ffyh.unc.edu.ar\/publicaciones\/wp-json\/wp\/v2\/editor?post=3841"},{"taxonomy":"traductor","embeddable":true,"href":"https:\/\/ffyh.unc.edu.ar\/publicaciones\/wp-json\/wp\/v2\/traductor?post=3841"},{"taxonomy":"compilador","embeddable":true,"href":"https:\/\/ffyh.unc.edu.ar\/publicaciones\/wp-json\/wp\/v2\/compilador?post=3841"},{"taxonomy":"coordinador","embeddable":true,"href":"https:\/\/ffyh.unc.edu.ar\/publicaciones\/wp-json\/wp\/v2\/coordinador?post=3841"},{"taxonomy":"director","embeddable":true,"href":"https:\/\/ffyh.unc.edu.ar\/publicaciones\/wp-json\/wp\/v2\/director?post=3841"}],"curies":[{"name":"wp","href":"https:\/\/api.w.org\/{rel}","templated":true}]}}