{"id":3894,"date":"2023-12-12T17:12:12","date_gmt":"2023-12-12T20:12:12","guid":{"rendered":"https:\/\/ffyh.unc.edu.ar\/publicaciones\/?post_type=product&#038;p=3894"},"modified":"2023-12-12T17:12:59","modified_gmt":"2023-12-12T20:12:59","slug":"la-ciudad-que-nos-habita-antologia-del-concurso-literario-arcilla","status":"publish","type":"product","link":"https:\/\/ffyh.unc.edu.ar\/publicaciones\/tienda\/publicaciones-del-area-de-publicaciones-de-la-ffyh\/la-ciudad-que-nos-habita-antologia-del-concurso-literario-arcilla\/","title":{"rendered":"La ciudad que nos habita. Antolog\u00eda del Concurso Literario Arcilla"},"content":{"rendered":"<p><span style=\"font-weight: 400\">La antolog\u00eda del Concurso Arcilla titulada \u201cLa ciudad que nos habita\u201d recopila los primeros tres puestos y siete menciones honor\u00edficas de un concurso literario para j\u00f3venes escritores llevado a cabo entre Agosto y Octubre de 2023 en la ciudad de C\u00f3rdoba Capital, Argentina. <\/span><\/p>\n<p><span style=\"font-weight: 400\">Los textos seleccionados fueron elegidos por los mismos participantes quienes, adem\u00e1s de presentar su textos ten\u00edan la tarea de puntuar, a trav\u00e9s de rondas de votaci\u00f3n, los textos de los otros participantes. <\/span><span style=\"font-weight: 400\">\u00a0<\/span><\/p>\n<p><span style=\"font-weight: 400\">La consigna de esta primera edici\u00f3n del Concurso estuvo atravesada por el 450\u00b0 aniversario de la fundaci\u00f3n de la Ciudad de C\u00f3rdoba y la propuesta fue escribir un texto en prosa que aborde el espacio urbano cordob\u00e9s. As\u00ed rendimos nuestro peque\u00f1o homenaje a esta Ciudad que habitamos y que nos habita.<\/span><\/p>\n<p>&nbsp;<\/p>\n","protected":false},"excerpt":{"rendered":"<p><span style=\"font-weight: 400\">La antolog\u00eda del Concurso Arcilla titulada \u201cLa ciudad que nos habita\u201d recopila los primeros tres puestos y siete menciones honor\u00edficas de un concurso literario para j\u00f3venes escritores llevado a cabo entre Agosto y Octubre de 2023 en la ciudad de C\u00f3rdoba Capital, Argentina.<\/span><\/p>\n","protected":false},"featured_media":3895,"comment_status":"closed","ping_status":"closed","template":"","meta":{"_acf_changed":false,"colormag_page_container_layout":"default_layout","colormag_page_sidebar_layout":"default_layout"},"product_brand":[],"product_cat":[1576],"product_tag":[2244,2245],"autor":[2248,2246,2251,2250,2249,2247,1742,2254,2252,2253],"editor":[],"traductor":[],"compilador":[],"coordinador":[2256,2255],"director":[],"class_list":{"0":"post-3894","1":"product","2":"type-product","3":"status-publish","4":"has-post-thumbnail","6":"product_cat-publicaciones-del-area-de-publicaciones-de-la-ffyh","7":"product_tag-espacio-urbano-cordobes","8":"product_tag-jovenes-escritores","9":"autor-agustina-gallego-vega","10":"autor-camila-biasotti","11":"autor-erik-rosenwald","12":"autor-guadalupe-zaballo-dapuez","13":"autor-mateo-da-rosa","14":"autor-maximiliano-martin-aldecoa","15":"autor-nazira-belen-gunther","16":"autor-santino-pepe","17":"autor-sofia-aldana-perez-ribaudo","18":"autor-sofia-belen-bono-prado","19":"coordinador-fausto-couzo-aspitia","20":"coordinador-florencia-capitaine","22":"first","23":"instock","24":"shipping-taxable","25":"product-type-external"},"acf":[],"_links":{"self":[{"href":"https:\/\/ffyh.unc.edu.ar\/publicaciones\/wp-json\/wp\/v2\/product\/3894","targetHints":{"allow":["GET"]}}],"collection":[{"href":"https:\/\/ffyh.unc.edu.ar\/publicaciones\/wp-json\/wp\/v2\/product"}],"about":[{"href":"https:\/\/ffyh.unc.edu.ar\/publicaciones\/wp-json\/wp\/v2\/types\/product"}],"replies":[{"embeddable":true,"href":"https:\/\/ffyh.unc.edu.ar\/publicaciones\/wp-json\/wp\/v2\/comments?post=3894"}],"wp:featuredmedia":[{"embeddable":true,"href":"https:\/\/ffyh.unc.edu.ar\/publicaciones\/wp-json\/wp\/v2\/media\/3895"}],"wp:attachment":[{"href":"https:\/\/ffyh.unc.edu.ar\/publicaciones\/wp-json\/wp\/v2\/media?parent=3894"}],"wp:term":[{"taxonomy":"product_brand","embeddable":true,"href":"https:\/\/ffyh.unc.edu.ar\/publicaciones\/wp-json\/wp\/v2\/product_brand?post=3894"},{"taxonomy":"product_cat","embeddable":true,"href":"https:\/\/ffyh.unc.edu.ar\/publicaciones\/wp-json\/wp\/v2\/product_cat?post=3894"},{"taxonomy":"product_tag","embeddable":true,"href":"https:\/\/ffyh.unc.edu.ar\/publicaciones\/wp-json\/wp\/v2\/product_tag?post=3894"},{"taxonomy":"autor","embeddable":true,"href":"https:\/\/ffyh.unc.edu.ar\/publicaciones\/wp-json\/wp\/v2\/autor?post=3894"},{"taxonomy":"editor","embeddable":true,"href":"https:\/\/ffyh.unc.edu.ar\/publicaciones\/wp-json\/wp\/v2\/editor?post=3894"},{"taxonomy":"traductor","embeddable":true,"href":"https:\/\/ffyh.unc.edu.ar\/publicaciones\/wp-json\/wp\/v2\/traductor?post=3894"},{"taxonomy":"compilador","embeddable":true,"href":"https:\/\/ffyh.unc.edu.ar\/publicaciones\/wp-json\/wp\/v2\/compilador?post=3894"},{"taxonomy":"coordinador","embeddable":true,"href":"https:\/\/ffyh.unc.edu.ar\/publicaciones\/wp-json\/wp\/v2\/coordinador?post=3894"},{"taxonomy":"director","embeddable":true,"href":"https:\/\/ffyh.unc.edu.ar\/publicaciones\/wp-json\/wp\/v2\/director?post=3894"}],"curies":[{"name":"wp","href":"https:\/\/api.w.org\/{rel}","templated":true}]}}