{"id":3949,"date":"2023-12-15T17:24:54","date_gmt":"2023-12-15T20:24:54","guid":{"rendered":"https:\/\/ffyh.unc.edu.ar\/publicaciones\/?post_type=product&#038;p=3949"},"modified":"2023-12-15T17:24:55","modified_gmt":"2023-12-15T20:24:55","slug":"experiencias-con-personas-mayores-trascendiendo-los-estereotipos","status":"publish","type":"product","link":"https:\/\/ffyh.unc.edu.ar\/publicaciones\/tienda\/publicaciones-de-investigacion\/museo-de-antropologia\/actas-museo-de-antropologia\/experiencias-con-personas-mayores-trascendiendo-los-estereotipos\/","title":{"rendered":"Experiencias con personas mayores trascendiendo los estereotipos"},"content":{"rendered":"<p><span style=\"font-weight: 400\">Este libro que recoge sistematizaciones de las <em>III Jornadas de Reflexi\u00f3n sobre Pr\u00e1cticas Educativas en Museos<\/em> coordinados por el colectivo Encuentro de Educadores de Museos (EEAE). Profundizando sobre diversas problem\u00e1ticas, la tercera edici\u00f3n avoc\u00f3 la necesidad de fortalecer v\u00ednculos entre museos, instituciones y personas mayores generando instancias de debate y formaci\u00f3n horizontal. <\/span><\/p>\n<p><span style=\"font-weight: 400\">En estos intercambios se observa la potencialidad de los museos\/educadorxs para constituirnos en espacios\/v\u00ednculos vitales para la vida de las personas mayores. Entendidos como instituciones en di\u00e1logo donde se generan procesos y transformaciones sociales, los museos\u00a0 a trav\u00e9s de diversos ejercicios de participaci\u00f3n garantizan algunos de los derechos para transitar un envejecimiento activo y saludable.\u00a0<\/span><\/p>\n<p><span style=\"font-weight: 400\">Las miradas, experiencias y trayectorias de lxs participantes nos traen importantes reflexiones que movilizan el encuentro con otrxs actorxs sociales e instituciones; una pr\u00e1ctica necesaria que revitaliza, enriquece y resignifica la acci\u00f3n muse\u00edstica. <\/span><span style=\"font-weight: 400\">Un registro que se convierte en insumo f\u00e9rtil para seguir construyendo museos inclusivos, pol\u00edticos, plurales, participativos, colaborativos, en clave mayor.<\/span><\/p>\n","protected":false},"excerpt":{"rendered":"<p><span style=\"font-weight: 400\">Este libro que recoge sistematizaciones de las <em>III Jornadas de Reflexi\u00f3n sobre Pr\u00e1cticas Educativas en Museos<\/em> coordinados por el colectivo Encuentro de Educadores de Museos (EEAE). <\/span><\/p>\n","protected":false},"featured_media":3951,"comment_status":"closed","ping_status":"closed","template":"","meta":{"_acf_changed":false,"colormag_page_container_layout":"default_layout","colormag_page_sidebar_layout":"default_layout"},"product_brand":[],"product_cat":[39,38],"product_tag":[2260,2261,2259],"autor":[2270,2273,2275,2265,2269,2262,2274,2272,2268,2271,2267,2263,2266,2264,1598],"editor":[],"traductor":[],"compilador":[2276,2277],"coordinador":[],"director":[],"class_list":{"0":"post-3949","1":"product","2":"type-product","3":"status-publish","4":"has-post-thumbnail","6":"product_cat-actas-museo-de-antropologia","7":"product_cat-museo-de-antropologia","8":"product_tag-adultos-mayores","9":"product_tag-experiencias","10":"product_tag-museos","11":"autor-ana-lia-veron","12":"autor-andrea-p-funes","13":"autor-carmen-vallejos","14":"autor-carolina-navas-guzman","15":"autor-claudia-esperguin","16":"autor-gabriela-pedernera","17":"autor-gabriela-reynoso","18":"autor-gisela-vargas","19":"autor-maria-belen-urquiza","20":"autor-maria-gabriela-aguilar","21":"autor-mariana-marrama","22":"autor-mariano-giosa","23":"autor-pablo-alvarez-dominguez","24":"autor-paulina-vega-ortiz","25":"autor-ximena-jaramillo","26":"compilador-gabriela-pedernera","27":"compilador-mariano-giosa","29":"first","30":"instock","31":"shipping-taxable","32":"product-type-external"},"acf":[],"_links":{"self":[{"href":"https:\/\/ffyh.unc.edu.ar\/publicaciones\/wp-json\/wp\/v2\/product\/3949","targetHints":{"allow":["GET"]}}],"collection":[{"href":"https:\/\/ffyh.unc.edu.ar\/publicaciones\/wp-json\/wp\/v2\/product"}],"about":[{"href":"https:\/\/ffyh.unc.edu.ar\/publicaciones\/wp-json\/wp\/v2\/types\/product"}],"replies":[{"embeddable":true,"href":"https:\/\/ffyh.unc.edu.ar\/publicaciones\/wp-json\/wp\/v2\/comments?post=3949"}],"wp:featuredmedia":[{"embeddable":true,"href":"https:\/\/ffyh.unc.edu.ar\/publicaciones\/wp-json\/wp\/v2\/media\/3951"}],"wp:attachment":[{"href":"https:\/\/ffyh.unc.edu.ar\/publicaciones\/wp-json\/wp\/v2\/media?parent=3949"}],"wp:term":[{"taxonomy":"product_brand","embeddable":true,"href":"https:\/\/ffyh.unc.edu.ar\/publicaciones\/wp-json\/wp\/v2\/product_brand?post=3949"},{"taxonomy":"product_cat","embeddable":true,"href":"https:\/\/ffyh.unc.edu.ar\/publicaciones\/wp-json\/wp\/v2\/product_cat?post=3949"},{"taxonomy":"product_tag","embeddable":true,"href":"https:\/\/ffyh.unc.edu.ar\/publicaciones\/wp-json\/wp\/v2\/product_tag?post=3949"},{"taxonomy":"autor","embeddable":true,"href":"https:\/\/ffyh.unc.edu.ar\/publicaciones\/wp-json\/wp\/v2\/autor?post=3949"},{"taxonomy":"editor","embeddable":true,"href":"https:\/\/ffyh.unc.edu.ar\/publicaciones\/wp-json\/wp\/v2\/editor?post=3949"},{"taxonomy":"traductor","embeddable":true,"href":"https:\/\/ffyh.unc.edu.ar\/publicaciones\/wp-json\/wp\/v2\/traductor?post=3949"},{"taxonomy":"compilador","embeddable":true,"href":"https:\/\/ffyh.unc.edu.ar\/publicaciones\/wp-json\/wp\/v2\/compilador?post=3949"},{"taxonomy":"coordinador","embeddable":true,"href":"https:\/\/ffyh.unc.edu.ar\/publicaciones\/wp-json\/wp\/v2\/coordinador?post=3949"},{"taxonomy":"director","embeddable":true,"href":"https:\/\/ffyh.unc.edu.ar\/publicaciones\/wp-json\/wp\/v2\/director?post=3949"}],"curies":[{"name":"wp","href":"https:\/\/api.w.org\/{rel}","templated":true}]}}