{"id":3978,"date":"2023-12-20T13:22:42","date_gmt":"2023-12-20T16:22:42","guid":{"rendered":"https:\/\/ffyh.unc.edu.ar\/publicaciones\/?post_type=product&#038;p=3978"},"modified":"2023-12-20T13:23:23","modified_gmt":"2023-12-20T16:23:23","slug":"cordoba-tierra-que-baila-y-suena-catalogo-de-fichas-musicologicas-y-fotografias-de-la-seccion-musicologia-coleccion-folklorica-del-instituto-de-arqueologia-linguistica-y-folklore-1944-1956","status":"publish","type":"product","link":"https:\/\/ffyh.unc.edu.ar\/publicaciones\/tienda\/publicaciones-de-investigacion\/museo-de-antropologia\/cordoba-tierra-que-baila-y-suena-catalogo-de-fichas-musicologicas-y-fotografias-de-la-seccion-musicologia-coleccion-folklorica-del-instituto-de-arqueologia-linguistica-y-folklore-1944-1956\/","title":{"rendered":"C\u00f3rdoba: tierra que baila y suena. Cat\u00e1logo de fichas musicol\u00f3gicas y fotograf\u00edas de la Secci\u00f3n Musicolog\u00eda. Colecci\u00f3n Folkl\u00f3rica del Instituto de Arqueolog\u00eda, Ling\u00fc\u00edstica y Folklore (1944-1956)"},"content":{"rendered":"<p><span style=\"font-weight: 400\">La publicaci\u00f3n presenta parte de la Colecci\u00f3n Folkl\u00f3rica &#8211; Secci\u00f3n Musicolog\u00eda del Archivo del Museo de Antropolog\u00edas (FFyH-UNC), compuesta por fichas musicol\u00f3gicas y fotograf\u00edas que son el producto de investigaciones realizadas por folklor\u00f3logos en la d\u00e9cada del \u201840 y el \u201850.\u00a0<\/span><\/p>\n<p><span style=\"font-weight: 400\">El cat\u00e1logo propone un registro completo y detallado acerca de la significancia hist\u00f3rica de los objetos de esta colecci\u00f3n dentro de la instituci\u00f3n y en el campo de los estudios musicol\u00f3gicos, folkl\u00f3ricos y antropol\u00f3gicos de la \u00e9poca.\u00a0<\/span><\/p>\n","protected":false},"excerpt":{"rendered":"<p><span style=\"font-weight: 400\">La publicaci\u00f3n presenta parte de la Colecci\u00f3n Folkl\u00f3rica &#8211; Secci\u00f3n Musicolog\u00eda del Archivo del Museo de Antropolog\u00edas (FFyH-UNC), compuesta por fichas musicol\u00f3gicas y fotograf\u00edas que son el producto de investigaciones realizadas por folklor\u00f3logos en la d\u00e9cada del \u201840 y el \u201850.<\/span><\/p>\n","protected":false},"featured_media":3975,"comment_status":"closed","ping_status":"closed","template":"","meta":{"_acf_changed":false,"colormag_page_container_layout":"default_layout","colormag_page_sidebar_layout":"default_layout"},"product_brand":[],"product_cat":[38],"product_tag":[],"autor":[2283,2280,2282,2281],"editor":[],"traductor":[],"compilador":[],"coordinador":[],"director":[],"class_list":{"0":"post-3978","1":"product","2":"type-product","3":"status-publish","4":"has-post-thumbnail","6":"product_cat-museo-de-antropologia","7":"autor-agustin-ramirez","8":"autor-camila-aimar","9":"autor-iara-amancay-angaroni","10":"autor-soledad-ochoa","12":"first","13":"instock","14":"shipping-taxable","15":"product-type-external"},"acf":[],"_links":{"self":[{"href":"https:\/\/ffyh.unc.edu.ar\/publicaciones\/wp-json\/wp\/v2\/product\/3978","targetHints":{"allow":["GET"]}}],"collection":[{"href":"https:\/\/ffyh.unc.edu.ar\/publicaciones\/wp-json\/wp\/v2\/product"}],"about":[{"href":"https:\/\/ffyh.unc.edu.ar\/publicaciones\/wp-json\/wp\/v2\/types\/product"}],"replies":[{"embeddable":true,"href":"https:\/\/ffyh.unc.edu.ar\/publicaciones\/wp-json\/wp\/v2\/comments?post=3978"}],"wp:featuredmedia":[{"embeddable":true,"href":"https:\/\/ffyh.unc.edu.ar\/publicaciones\/wp-json\/wp\/v2\/media\/3975"}],"wp:attachment":[{"href":"https:\/\/ffyh.unc.edu.ar\/publicaciones\/wp-json\/wp\/v2\/media?parent=3978"}],"wp:term":[{"taxonomy":"product_brand","embeddable":true,"href":"https:\/\/ffyh.unc.edu.ar\/publicaciones\/wp-json\/wp\/v2\/product_brand?post=3978"},{"taxonomy":"product_cat","embeddable":true,"href":"https:\/\/ffyh.unc.edu.ar\/publicaciones\/wp-json\/wp\/v2\/product_cat?post=3978"},{"taxonomy":"product_tag","embeddable":true,"href":"https:\/\/ffyh.unc.edu.ar\/publicaciones\/wp-json\/wp\/v2\/product_tag?post=3978"},{"taxonomy":"autor","embeddable":true,"href":"https:\/\/ffyh.unc.edu.ar\/publicaciones\/wp-json\/wp\/v2\/autor?post=3978"},{"taxonomy":"editor","embeddable":true,"href":"https:\/\/ffyh.unc.edu.ar\/publicaciones\/wp-json\/wp\/v2\/editor?post=3978"},{"taxonomy":"traductor","embeddable":true,"href":"https:\/\/ffyh.unc.edu.ar\/publicaciones\/wp-json\/wp\/v2\/traductor?post=3978"},{"taxonomy":"compilador","embeddable":true,"href":"https:\/\/ffyh.unc.edu.ar\/publicaciones\/wp-json\/wp\/v2\/compilador?post=3978"},{"taxonomy":"coordinador","embeddable":true,"href":"https:\/\/ffyh.unc.edu.ar\/publicaciones\/wp-json\/wp\/v2\/coordinador?post=3978"},{"taxonomy":"director","embeddable":true,"href":"https:\/\/ffyh.unc.edu.ar\/publicaciones\/wp-json\/wp\/v2\/director?post=3978"}],"curies":[{"name":"wp","href":"https:\/\/api.w.org\/{rel}","templated":true}]}}