{"id":4017,"date":"2024-02-22T11:29:24","date_gmt":"2024-02-22T14:29:24","guid":{"rendered":"https:\/\/ffyh.unc.edu.ar\/publicaciones\/?post_type=product&#038;p=4017"},"modified":"2024-02-22T11:32:53","modified_gmt":"2024-02-22T14:32:53","slug":"escritos-sobre-la-reforma-universitaria-1915-1928-jose-carlos-mariategui","status":"publish","type":"product","link":"https:\/\/ffyh.unc.edu.ar\/publicaciones\/tienda\/publicaciones-de-la-editorial-de-la-ffyh\/escritos-sobre-la-reforma-universitaria-1915-1928-jose-carlos-mariategui\/","title":{"rendered":"Escritos sobre la Reforma  Universitaria (1915- 1928)  &#8211; Jos\u00e9 Carlos Mari\u00e1tegui"},"content":{"rendered":"<p>Los \u00abEscritos sobre la Reforma Universitaria\u00bb de Jos\u00e9 Carlos Mari\u00e1tegui nos ayudan a poner el foco, una vez m\u00e1s, en los debates y controversias que, desde la memoria del vasto y complejo movimiento reformista, nos arrojan al coraz\u00f3n de los dilemas pol\u00edticos y sociales de nuestra Am\u00e9rica.<\/p>\n","protected":false},"excerpt":{"rendered":"<p>Los \u00abEscritos sobre la Reforma Universitaria\u00bb de Jos\u00e9 Carlos Mari\u00e1tegui nos ayudan a poner el foco, una vez m\u00e1s, en<\/p>\n","protected":false},"featured_media":4016,"comment_status":"closed","ping_status":"closed","template":"","meta":{"_acf_changed":false,"colormag_page_container_layout":"default_layout","colormag_page_sidebar_layout":"default_layout"},"product_brand":[],"product_cat":[771],"product_tag":[],"autor":[2284],"editor":[],"traductor":[],"compilador":[2285],"coordinador":[],"director":[],"class_list":{"0":"post-4017","1":"product","2":"type-product","3":"status-publish","4":"has-post-thumbnail","6":"product_cat-publicaciones-de-la-editorial-de-la-ffyh","7":"autor-jose-carlos-mariategui","8":"compilador-ruben-caro","10":"first","11":"instock","12":"shipping-taxable","13":"product-type-external"},"acf":[],"_links":{"self":[{"href":"https:\/\/ffyh.unc.edu.ar\/publicaciones\/wp-json\/wp\/v2\/product\/4017","targetHints":{"allow":["GET"]}}],"collection":[{"href":"https:\/\/ffyh.unc.edu.ar\/publicaciones\/wp-json\/wp\/v2\/product"}],"about":[{"href":"https:\/\/ffyh.unc.edu.ar\/publicaciones\/wp-json\/wp\/v2\/types\/product"}],"replies":[{"embeddable":true,"href":"https:\/\/ffyh.unc.edu.ar\/publicaciones\/wp-json\/wp\/v2\/comments?post=4017"}],"wp:featuredmedia":[{"embeddable":true,"href":"https:\/\/ffyh.unc.edu.ar\/publicaciones\/wp-json\/wp\/v2\/media\/4016"}],"wp:attachment":[{"href":"https:\/\/ffyh.unc.edu.ar\/publicaciones\/wp-json\/wp\/v2\/media?parent=4017"}],"wp:term":[{"taxonomy":"product_brand","embeddable":true,"href":"https:\/\/ffyh.unc.edu.ar\/publicaciones\/wp-json\/wp\/v2\/product_brand?post=4017"},{"taxonomy":"product_cat","embeddable":true,"href":"https:\/\/ffyh.unc.edu.ar\/publicaciones\/wp-json\/wp\/v2\/product_cat?post=4017"},{"taxonomy":"product_tag","embeddable":true,"href":"https:\/\/ffyh.unc.edu.ar\/publicaciones\/wp-json\/wp\/v2\/product_tag?post=4017"},{"taxonomy":"autor","embeddable":true,"href":"https:\/\/ffyh.unc.edu.ar\/publicaciones\/wp-json\/wp\/v2\/autor?post=4017"},{"taxonomy":"editor","embeddable":true,"href":"https:\/\/ffyh.unc.edu.ar\/publicaciones\/wp-json\/wp\/v2\/editor?post=4017"},{"taxonomy":"traductor","embeddable":true,"href":"https:\/\/ffyh.unc.edu.ar\/publicaciones\/wp-json\/wp\/v2\/traductor?post=4017"},{"taxonomy":"compilador","embeddable":true,"href":"https:\/\/ffyh.unc.edu.ar\/publicaciones\/wp-json\/wp\/v2\/compilador?post=4017"},{"taxonomy":"coordinador","embeddable":true,"href":"https:\/\/ffyh.unc.edu.ar\/publicaciones\/wp-json\/wp\/v2\/coordinador?post=4017"},{"taxonomy":"director","embeddable":true,"href":"https:\/\/ffyh.unc.edu.ar\/publicaciones\/wp-json\/wp\/v2\/director?post=4017"}],"curies":[{"name":"wp","href":"https:\/\/api.w.org\/{rel}","templated":true}]}}