{"id":4047,"date":"2024-03-15T10:35:14","date_gmt":"2024-03-15T13:35:14","guid":{"rendered":"https:\/\/ffyh.unc.edu.ar\/publicaciones\/?post_type=product&#038;p=4047"},"modified":"2024-03-21T11:07:10","modified_gmt":"2024-03-21T14:07:10","slug":"lo-politico-en-disputa","status":"publish","type":"product","link":"https:\/\/ffyh.unc.edu.ar\/publicaciones\/tienda\/publicaciones-de-investigacion\/ciffyh\/lo-politico-en-disputa\/","title":{"rendered":"Lo pol\u00edtico en disputa"},"content":{"rendered":"<p><em>Este libro, editado por Jessica Blanco, es el resultado de avances de investigaci\u00f3n de integrantes del proyecto Consolidar \u201cCulturas y acciones pol\u00edticas en C\u00f3rdoba durante el siglo XX\u201d (2020-2024), radicado en el Centro de Investigaciones de la FFyH,<\/em><\/p>\n<p><!--more--><\/p>\n<p>El texto ofrece un an\u00e1lisis profundo de las culturas pol\u00edticas en Argentina durante el siglo XX, explorando c\u00f3mo influyen en las pr\u00e1cticas pol\u00edticas individuales y grupales, desde votar hasta participar en movimientos pol\u00edticos.<\/p>\n<p>Examina conceptos clave como democracia, ciudadan\u00eda y militancia, contextualiz\u00e1ndolos en el marco hist\u00f3rico y cultural de la \u00e9poca.<\/p>\n<p>Adem\u00e1s, aborda antinomias y tensiones pol\u00edticas como imperialismo\/antiimperialismo, fascismo\/antifascismo y peronismo\/antiperonismo, proporcionando una comprensi\u00f3n completa de la historia pol\u00edtica argentina.<\/p>\n","protected":false},"excerpt":{"rendered":"<p><em>Este libro, editado por Jessica Blanco, es el resultado de avances de investigaci\u00f3n de integrantes del proyecto Consolidar \u201cCulturas y acciones pol\u00edticas en C\u00f3rdoba durante el siglo XX\u201d (2020-2024), radicado en el Centro de Investigaciones de la FFyH.<\/em><\/p>\n","protected":false},"featured_media":4112,"comment_status":"closed","ping_status":"closed","template":"","meta":{"_acf_changed":false,"colormag_page_container_layout":"default_layout","colormag_page_sidebar_layout":"default_layout"},"product_brand":[],"product_cat":[30],"product_tag":[1240,1234,2286],"autor":[814,2288,503,815,2287],"editor":[2289],"traductor":[],"compilador":[],"coordinador":[],"director":[],"class_list":{"0":"post-4047","1":"product","2":"type-product","3":"status-publish","4":"has-post-thumbnail","6":"product_cat-ciffyh","7":"product_tag-argentina","8":"product_tag-politica","9":"product_tag-siglo-xx","10":"autor-constanza-bosch-alessio","11":"autor-eugenia-sanchez","12":"autor-fernando-aiziczon","13":"autor-jessica-blanco","14":"autor-sara-martinez-gutierrez","15":"editor-jessica-blanco","17":"first","18":"instock","19":"shipping-taxable","20":"product-type-external"},"acf":[],"_links":{"self":[{"href":"https:\/\/ffyh.unc.edu.ar\/publicaciones\/wp-json\/wp\/v2\/product\/4047","targetHints":{"allow":["GET"]}}],"collection":[{"href":"https:\/\/ffyh.unc.edu.ar\/publicaciones\/wp-json\/wp\/v2\/product"}],"about":[{"href":"https:\/\/ffyh.unc.edu.ar\/publicaciones\/wp-json\/wp\/v2\/types\/product"}],"replies":[{"embeddable":true,"href":"https:\/\/ffyh.unc.edu.ar\/publicaciones\/wp-json\/wp\/v2\/comments?post=4047"}],"wp:featuredmedia":[{"embeddable":true,"href":"https:\/\/ffyh.unc.edu.ar\/publicaciones\/wp-json\/wp\/v2\/media\/4112"}],"wp:attachment":[{"href":"https:\/\/ffyh.unc.edu.ar\/publicaciones\/wp-json\/wp\/v2\/media?parent=4047"}],"wp:term":[{"taxonomy":"product_brand","embeddable":true,"href":"https:\/\/ffyh.unc.edu.ar\/publicaciones\/wp-json\/wp\/v2\/product_brand?post=4047"},{"taxonomy":"product_cat","embeddable":true,"href":"https:\/\/ffyh.unc.edu.ar\/publicaciones\/wp-json\/wp\/v2\/product_cat?post=4047"},{"taxonomy":"product_tag","embeddable":true,"href":"https:\/\/ffyh.unc.edu.ar\/publicaciones\/wp-json\/wp\/v2\/product_tag?post=4047"},{"taxonomy":"autor","embeddable":true,"href":"https:\/\/ffyh.unc.edu.ar\/publicaciones\/wp-json\/wp\/v2\/autor?post=4047"},{"taxonomy":"editor","embeddable":true,"href":"https:\/\/ffyh.unc.edu.ar\/publicaciones\/wp-json\/wp\/v2\/editor?post=4047"},{"taxonomy":"traductor","embeddable":true,"href":"https:\/\/ffyh.unc.edu.ar\/publicaciones\/wp-json\/wp\/v2\/traductor?post=4047"},{"taxonomy":"compilador","embeddable":true,"href":"https:\/\/ffyh.unc.edu.ar\/publicaciones\/wp-json\/wp\/v2\/compilador?post=4047"},{"taxonomy":"coordinador","embeddable":true,"href":"https:\/\/ffyh.unc.edu.ar\/publicaciones\/wp-json\/wp\/v2\/coordinador?post=4047"},{"taxonomy":"director","embeddable":true,"href":"https:\/\/ffyh.unc.edu.ar\/publicaciones\/wp-json\/wp\/v2\/director?post=4047"}],"curies":[{"name":"wp","href":"https:\/\/api.w.org\/{rel}","templated":true}]}}