{"id":4059,"date":"2024-03-19T11:03:37","date_gmt":"2024-03-19T14:03:37","guid":{"rendered":"https:\/\/ffyh.unc.edu.ar\/publicaciones\/?post_type=product&#038;p=4059"},"modified":"2024-03-19T11:03:37","modified_gmt":"2024-03-19T14:03:37","slug":"marzo-mes-de-luchas-conversaciones-en-torno-al-8m-y-24m-en-la-imaginacion-del-futuro","status":"publish","type":"product","link":"https:\/\/ffyh.unc.edu.ar\/publicaciones\/tienda\/publicaciones-del-area-de-publicaciones-de-la-ffyh\/marzo-mes-de-luchas-conversaciones-en-torno-al-8m-y-24m-en-la-imaginacion-del-futuro\/","title":{"rendered":"Marzo, mes de luchas. Conversaciones en torno al 8M y 24M en la imaginaci\u00f3n del futuro"},"content":{"rendered":"<p>Esta publicaci\u00f3n es una propuesta que supone un cruce activo entre los feminismos y la<br \/>\nperspectiva de Derechos Humanos. En una idea de entrelazar agendas, las conmemoraciones<br \/>\npor el D\u00eda Internacional de la Mujer Trabajadora y el D\u00eda Nacional de la Memoria, por la Verdad<br \/>\ny la Justicia, se presentan como una invitaci\u00f3n a visibilizar el desaf\u00edo de reconocer cruces de<br \/>\nperspectivas, miradas y acciones. Este trabajo es producto del encuentro realizado el 30 de<br \/>\nmarzo en la Facultad de Filosof\u00eda y Humanidades llamado: \u201cMarzo. Mes de luchas.<br \/>\nConversaciones en torno al 24M y 8M en la imaginaci\u00f3n del futuro\u201d, actividad en la que Ana<br \/>\nLevstein y Mar\u00eda Teresa S\u00e1nchez, en una conversaci\u00f3n clara y conmovedora, narraron algunas<br \/>\nde sus implicancias en las luchas por Memoria, Verdad y Justicia y c\u00f3mo el g\u00e9nero fue un<br \/>\ncomponente en la especificidad de sus trayectorias.<br \/>\nDesde el Programa de Derechos Humanos y el \u00c1rea de Formaci\u00f3n en G\u00e9nero, Sexualidades y<br \/>\nESI de la FFyH , invitamos a ser parte de esta trama en la que pasado, presente y futuro se<br \/>\nentrelazan con las narraciones de lo ocurrido, sus huellas y sus proyecciones.<\/p>\n","protected":false},"excerpt":{"rendered":"<p>Esta publicaci\u00f3n es una propuesta que supone un cruce activo entre los feminismos y la<br \/>\nperspectiva de Derechos Humanos. En una idea de entrelazar agendas, las conmemoraciones<br \/>\npor el D\u00eda Internacional de la Mujer Trabajadora y el D\u00eda Nacional de la Memoria, por la Verdad<br \/>\ny la Justicia, se presentan como una invitaci\u00f3n a visibilizar el desaf\u00edo de reconocer cruces de<br \/>\nperspectivas, miradas y acciones. Este trabajo es producto del encuentro realizado el 30 de<br \/>\nmarzo en la Facultad de Filosof\u00eda y Humanidades llamado: \u201cMarzo. Mes de luchas.<br \/>\nConversaciones en torno al 24M y 8M en la imaginaci\u00f3n del futuro\u201d.<\/p>\n","protected":false},"featured_media":4058,"comment_status":"closed","ping_status":"closed","template":"","meta":{"_acf_changed":false,"colormag_page_container_layout":"default_layout","colormag_page_sidebar_layout":"default_layout"},"product_brand":[],"product_cat":[1576],"product_tag":[],"autor":[287,2290],"editor":[2291,2292],"traductor":[],"compilador":[],"coordinador":[],"director":[],"class_list":{"0":"post-4059","1":"product","2":"type-product","3":"status-publish","4":"has-post-thumbnail","6":"product_cat-publicaciones-del-area-de-publicaciones-de-la-ffyh","7":"autor-ana-levstein","8":"autor-maria-teresa-sanchez","9":"editor-ianina-moretti-basso","10":"editor-victoria-chabrando","12":"first","13":"instock","14":"shipping-taxable","15":"product-type-external"},"acf":[],"_links":{"self":[{"href":"https:\/\/ffyh.unc.edu.ar\/publicaciones\/wp-json\/wp\/v2\/product\/4059","targetHints":{"allow":["GET"]}}],"collection":[{"href":"https:\/\/ffyh.unc.edu.ar\/publicaciones\/wp-json\/wp\/v2\/product"}],"about":[{"href":"https:\/\/ffyh.unc.edu.ar\/publicaciones\/wp-json\/wp\/v2\/types\/product"}],"replies":[{"embeddable":true,"href":"https:\/\/ffyh.unc.edu.ar\/publicaciones\/wp-json\/wp\/v2\/comments?post=4059"}],"wp:featuredmedia":[{"embeddable":true,"href":"https:\/\/ffyh.unc.edu.ar\/publicaciones\/wp-json\/wp\/v2\/media\/4058"}],"wp:attachment":[{"href":"https:\/\/ffyh.unc.edu.ar\/publicaciones\/wp-json\/wp\/v2\/media?parent=4059"}],"wp:term":[{"taxonomy":"product_brand","embeddable":true,"href":"https:\/\/ffyh.unc.edu.ar\/publicaciones\/wp-json\/wp\/v2\/product_brand?post=4059"},{"taxonomy":"product_cat","embeddable":true,"href":"https:\/\/ffyh.unc.edu.ar\/publicaciones\/wp-json\/wp\/v2\/product_cat?post=4059"},{"taxonomy":"product_tag","embeddable":true,"href":"https:\/\/ffyh.unc.edu.ar\/publicaciones\/wp-json\/wp\/v2\/product_tag?post=4059"},{"taxonomy":"autor","embeddable":true,"href":"https:\/\/ffyh.unc.edu.ar\/publicaciones\/wp-json\/wp\/v2\/autor?post=4059"},{"taxonomy":"editor","embeddable":true,"href":"https:\/\/ffyh.unc.edu.ar\/publicaciones\/wp-json\/wp\/v2\/editor?post=4059"},{"taxonomy":"traductor","embeddable":true,"href":"https:\/\/ffyh.unc.edu.ar\/publicaciones\/wp-json\/wp\/v2\/traductor?post=4059"},{"taxonomy":"compilador","embeddable":true,"href":"https:\/\/ffyh.unc.edu.ar\/publicaciones\/wp-json\/wp\/v2\/compilador?post=4059"},{"taxonomy":"coordinador","embeddable":true,"href":"https:\/\/ffyh.unc.edu.ar\/publicaciones\/wp-json\/wp\/v2\/coordinador?post=4059"},{"taxonomy":"director","embeddable":true,"href":"https:\/\/ffyh.unc.edu.ar\/publicaciones\/wp-json\/wp\/v2\/director?post=4059"}],"curies":[{"name":"wp","href":"https:\/\/api.w.org\/{rel}","templated":true}]}}