{"id":4190,"date":"2024-07-24T10:00:21","date_gmt":"2024-07-24T13:00:21","guid":{"rendered":"https:\/\/ffyh.unc.edu.ar\/publicaciones\/?post_type=product&#038;p=4190"},"modified":"2025-03-05T09:41:19","modified_gmt":"2025-03-05T12:41:19","slug":"los-lenguajes-de-las-memorias-y-los-derechos-humanos-en-el-cono-sur-1970-2022","status":"publish","type":"product","link":"https:\/\/ffyh.unc.edu.ar\/publicaciones\/tienda\/sin-categorizar\/los-lenguajes-de-las-memorias-y-los-derechos-humanos-en-el-cono-sur-1970-2022\/","title":{"rendered":"Los lenguajes de las memorias y los derechos humanos en el Cono Sur 1970-2022"},"content":{"rendered":"<p>Este libro nos habla de las memorias como nodo central que deshace la ociosa linealidad temporal para dejar paso a una evocaci\u00f3n en la cual el futuro es un hilo de Ariadna que teje y anuda los tiempos. Abordar las memorias desde los lenguajes de la cultura potencia tambi\u00e9n romper con la monoton\u00eda de una sola voz disciplinar para ir al encuentro de una articulaci\u00f3n epist\u00e9mica que se nutre de las Ciencias Sociales, las Humanidades y las Artes en di\u00e1logos con otros saberes y experiencias vitales. Las m\u00faltiples memorias se mueven por territorios en los cuales la reflexi\u00f3n no solo necesita del discurso cr\u00edtico, sino tambi\u00e9n de la poes\u00eda en \u201cprimera voz\u201d, la narrativa \u201cen primera voz\u201d, o del colapso de los g\u00e9neros, porque la delimitaci\u00f3n de las fronteras entre ellos es peque\u00f1a para las voces que recuerdan. Tambi\u00e9n se advierten las memorias en los espacios, en busca de una nueva semiosis del pasado, que interrogan al monumento y al patrimonio, o la filosof\u00eda que acude a los cuerpos y la fotograf\u00eda para construir un discurso que alcance a atisbar lo que no se puede decir del todo.<\/p>\n","protected":false},"excerpt":{"rendered":"<p>Abordar las memorias desde los lenguajes de la cultura potencia tambi\u00e9n romper con la monoton\u00eda de una sola voz disciplinar para ir al encuentro de una articulaci\u00f3n epist\u00e9mica que se nutre de las Ciencias Sociales, las Humanidades y las Artes en di\u00e1logos con otros saberes y experiencias vitales.<\/p>\n","protected":false},"featured_media":4188,"comment_status":"closed","ping_status":"closed","template":"","meta":{"_acf_changed":false,"colormag_page_container_layout":"default_layout","colormag_page_sidebar_layout":"default_layout"},"product_brand":[],"product_cat":[17],"product_tag":[1215,1683,1080],"autor":[2314,2346,2319,2323,2334,2309,2298,2340,2335,2337,2300,2310,2339,2347,2351,2326,2332,2350,2338,2320,2311,2317,171,2315,2333,2349,2305,2341,2330,2343,2299,2344,2307,2324,2327,2336,2312,2302,2318,2331,2322,2301,2328,859,2348,2125,1704,2297,2303,2304,2306,2345,2308,2321,2325,2342,2329,2085,2313,2316],"editor":[2353,2352,2354],"traductor":[],"compilador":[],"coordinador":[],"director":[],"class_list":{"0":"post-4190","1":"product","2":"type-product","3":"status-publish","4":"has-post-thumbnail","6":"product_cat-sin-categorizar","7":"product_tag-derechos-humanos","8":"product_tag-lenguaje","9":"product_tag-memoria","10":"autor-agustina-catalano","11":"autor-alejandra-romano","12":"autor-alejandra-wolff-rojas","13":"autor-alexandra-novoa-romero","14":"autor-almendra-garcia-huidobro-venegas","15":"autor-amandine-guillard","16":"autor-ana-iliovich","17":"autor-ana-maria-rodriguez-sierra","18":"autor-andrea-ostrov","19":"autor-anibal-gabriel-carrasco-rodriguez","20":"autor-ariel-gomez-ponce","21":"autor-ayelen-koopmann","22":"autor-bruno-andres-longoni","23":"autor-carina-blixen","24":"autor-carlos-ruiz-figueroa","25":"autor-carolina-bravo","26":"autor-catalina-cantos-pavez","27":"autor-edwin-mauricio-padilla-villada","28":"autor-elsa-danna","29":"autor-federico-cabrera","30":"autor-florencia-larralde-armas","31":"autor-gabriela-sosa-san-martin","32":"autor-irene-audisio","33":"autor-irene-theiner","34":"autor-javiera-medina-lopez","35":"autor-jesica-soledad-mariotta","36":"autor-jose-ignacio-stang","37":"autor-juan-paez","38":"autor-judith-de-los-angeles-moreno","39":"autor-karen-pesenti-miranda","40":"autor-leticia-raggiotti","41":"autor-lorena-rojas","42":"autor-lucas-herrera","43":"autor-lucia-bruzzoni","44":"autor-luis-eduardo-imhoff","45":"autor-ma-trinidad-cornavaca","46":"autor-marcela-cecilia-marin","47":"autor-maria-ana-beatriz-masera-cerutti","48":"autor-maria-manuela-corral","49":"autor-mariana-ferraresi-curotto","50":"autor-mariela-andrea-ramirez-pena","51":"autor-mirian-pino","52":"autor-monica-medina","53":"autor-norma-san-nicolas","54":"autor-oscar-brando","55":"autor-pablo-heredia","56":"autor-patricia-rotger","57":"autor-pilar-calveiro","58":"autor-ramon-inama","59":"autor-raquel-robles","60":"autor-sabrina-bermudez","61":"autor-sofia-lamarca","62":"autor-sofia-rizzo","63":"autor-stephanie-simpson","64":"autor-surendra-singh-negi","65":"autor-susana-valdes-pena","66":"autor-sylvia-nasif","67":"autor-vanesa-garbero","68":"autor-virginia-saint-bonnet","69":"autor-ximena-figueroa-flores","70":"editor-irene-audisio","71":"editor-mirian-pino","72":"editor-trinidad-cornavaca","74":"first","75":"instock","76":"shipping-taxable","77":"product-type-external"},"acf":[],"_links":{"self":[{"href":"https:\/\/ffyh.unc.edu.ar\/publicaciones\/wp-json\/wp\/v2\/product\/4190","targetHints":{"allow":["GET"]}}],"collection":[{"href":"https:\/\/ffyh.unc.edu.ar\/publicaciones\/wp-json\/wp\/v2\/product"}],"about":[{"href":"https:\/\/ffyh.unc.edu.ar\/publicaciones\/wp-json\/wp\/v2\/types\/product"}],"replies":[{"embeddable":true,"href":"https:\/\/ffyh.unc.edu.ar\/publicaciones\/wp-json\/wp\/v2\/comments?post=4190"}],"wp:featuredmedia":[{"embeddable":true,"href":"https:\/\/ffyh.unc.edu.ar\/publicaciones\/wp-json\/wp\/v2\/media\/4188"}],"wp:attachment":[{"href":"https:\/\/ffyh.unc.edu.ar\/publicaciones\/wp-json\/wp\/v2\/media?parent=4190"}],"wp:term":[{"taxonomy":"product_brand","embeddable":true,"href":"https:\/\/ffyh.unc.edu.ar\/publicaciones\/wp-json\/wp\/v2\/product_brand?post=4190"},{"taxonomy":"product_cat","embeddable":true,"href":"https:\/\/ffyh.unc.edu.ar\/publicaciones\/wp-json\/wp\/v2\/product_cat?post=4190"},{"taxonomy":"product_tag","embeddable":true,"href":"https:\/\/ffyh.unc.edu.ar\/publicaciones\/wp-json\/wp\/v2\/product_tag?post=4190"},{"taxonomy":"autor","embeddable":true,"href":"https:\/\/ffyh.unc.edu.ar\/publicaciones\/wp-json\/wp\/v2\/autor?post=4190"},{"taxonomy":"editor","embeddable":true,"href":"https:\/\/ffyh.unc.edu.ar\/publicaciones\/wp-json\/wp\/v2\/editor?post=4190"},{"taxonomy":"traductor","embeddable":true,"href":"https:\/\/ffyh.unc.edu.ar\/publicaciones\/wp-json\/wp\/v2\/traductor?post=4190"},{"taxonomy":"compilador","embeddable":true,"href":"https:\/\/ffyh.unc.edu.ar\/publicaciones\/wp-json\/wp\/v2\/compilador?post=4190"},{"taxonomy":"coordinador","embeddable":true,"href":"https:\/\/ffyh.unc.edu.ar\/publicaciones\/wp-json\/wp\/v2\/coordinador?post=4190"},{"taxonomy":"director","embeddable":true,"href":"https:\/\/ffyh.unc.edu.ar\/publicaciones\/wp-json\/wp\/v2\/director?post=4190"}],"curies":[{"name":"wp","href":"https:\/\/api.w.org\/{rel}","templated":true}]}}