{"id":4267,"date":"2024-08-30T11:14:36","date_gmt":"2024-08-30T14:14:36","guid":{"rendered":"https:\/\/ffyh.unc.edu.ar\/publicaciones\/?post_type=product&#038;p=4267"},"modified":"2024-08-30T11:14:37","modified_gmt":"2024-08-30T14:14:37","slug":"iii-jornadas-sobre-derechos-humanos-de-la-facultad-de-filosofia-y-humanidades-40-anos-de-democracia-compromisos-movimientos-y-disputas","status":"publish","type":"product","link":"https:\/\/ffyh.unc.edu.ar\/publicaciones\/tienda\/publicaciones-del-area-de-publicaciones-de-la-ffyh\/iii-jornadas-sobre-derechos-humanos-de-la-facultad-de-filosofia-y-humanidades-40-anos-de-democracia-compromisos-movimientos-y-disputas\/","title":{"rendered":"III Jornadas sobre Derechos Humanos de la Facultad de Filosof\u00eda y Humanidades 40 a\u00f1os de democracia: compromisos, movimientos y disputas"},"content":{"rendered":"<p>Durante los d\u00edas 25 y 26 de septiembre de 2023, se realizaron las III Jornadas sobre Derechos Humanos<br \/>\nde la FFyH. Mientras que las I Jornadas en 2019 reflexionaron sobre los saberes en di\u00e1logo y los<br \/>\nemergentes, potencialidades y dificultades de investigar e intervenir en DDHH, las II de 2021 estuvieron<br \/>\natravesadas por la pandemia y trataron las vulneraciones de derechos, las resistencias y el impacto de<br \/>\nlas pol\u00edticas p\u00fablicas. Las III Jornadas de DDHH se propusieron como un espacio para construir<br \/>\ndiscusiones pol\u00edticas y acad\u00e9micas acerca del fortalecimiento de los Estados y las sociedades<br \/>\ndemocr\u00e1ticas. La publicaci\u00f3n de las actas de trabajo, es un esfuerzo por dar a conocer las distintas<br \/>\ninstancias de intercambio generadas con el objetivo de compartir investigaciones, proyectos, trabajos y<br \/>\nmiradas en torno a diversas problem\u00e1ticas y preguntas con respuestas, siempre parciales, sobre las<br \/>\npotencialidades, compromisos y desaf\u00edos en la construcci\u00f3n de la vida democr\u00e1tica. Desde el Programa<br \/>\nde Derechos Humanos de la FFyH, esperamos que estas actas sirvan como caja de herramientas y de<br \/>\nresonancias para nuevas luchas, debates y encuentros, en un tiempo donde los saberes colectivos son<br \/>\nparte de los legados a potenciar y actualizar.<\/p>\n","protected":false},"excerpt":{"rendered":"<p>Las III Jornadas de DDHH se propusieron como un espacio para construir<br \/>\ndiscusiones pol\u00edticas y acad\u00e9micas acerca del fortalecimiento de los Estados y las sociedades<br \/>\ndemocr\u00e1ticas. La publicaci\u00f3n de las actas de trabajo, es un esfuerzo por dar a conocer las distintas<br \/>\ninstancias de intercambio generadas con el objetivo de compartir investigaciones, proyectos, trabajos y<br \/>\nmiradas en torno a diversas problem\u00e1ticas y preguntas con respuestas, siempre parciales, sobre las<br \/>\npotencialidades, compromisos y desaf\u00edos en la construcci\u00f3n de la vida democr\u00e1tica.<\/p>\n","protected":false},"featured_media":4264,"comment_status":"closed","ping_status":"closed","template":"","meta":{"_acf_changed":false,"colormag_page_container_layout":"default_layout","colormag_page_sidebar_layout":"default_layout"},"product_brand":[],"product_cat":[1576],"product_tag":[1232,1215],"autor":[1307,590,207],"editor":[],"traductor":[],"compilador":[],"coordinador":[2360,734,2359],"director":[],"class_list":{"0":"post-4267","1":"product","2":"type-product","3":"status-publish","4":"has-post-thumbnail","6":"product_cat-publicaciones-del-area-de-publicaciones-de-la-ffyh","7":"product_tag-actas-de-congresos","8":"product_tag-derechos-humanos","9":"autor-carolina-alvarez-avila","10":"autor-santiago-llorens","11":"autor-victoria-chabrando","12":"coordinador-carolina-alvarez-avila","13":"coordinador-santiago-llorens","14":"coordinador-victoria-chabrando","16":"first","17":"instock","18":"shipping-taxable","19":"product-type-external"},"acf":[],"_links":{"self":[{"href":"https:\/\/ffyh.unc.edu.ar\/publicaciones\/wp-json\/wp\/v2\/product\/4267","targetHints":{"allow":["GET"]}}],"collection":[{"href":"https:\/\/ffyh.unc.edu.ar\/publicaciones\/wp-json\/wp\/v2\/product"}],"about":[{"href":"https:\/\/ffyh.unc.edu.ar\/publicaciones\/wp-json\/wp\/v2\/types\/product"}],"replies":[{"embeddable":true,"href":"https:\/\/ffyh.unc.edu.ar\/publicaciones\/wp-json\/wp\/v2\/comments?post=4267"}],"wp:featuredmedia":[{"embeddable":true,"href":"https:\/\/ffyh.unc.edu.ar\/publicaciones\/wp-json\/wp\/v2\/media\/4264"}],"wp:attachment":[{"href":"https:\/\/ffyh.unc.edu.ar\/publicaciones\/wp-json\/wp\/v2\/media?parent=4267"}],"wp:term":[{"taxonomy":"product_brand","embeddable":true,"href":"https:\/\/ffyh.unc.edu.ar\/publicaciones\/wp-json\/wp\/v2\/product_brand?post=4267"},{"taxonomy":"product_cat","embeddable":true,"href":"https:\/\/ffyh.unc.edu.ar\/publicaciones\/wp-json\/wp\/v2\/product_cat?post=4267"},{"taxonomy":"product_tag","embeddable":true,"href":"https:\/\/ffyh.unc.edu.ar\/publicaciones\/wp-json\/wp\/v2\/product_tag?post=4267"},{"taxonomy":"autor","embeddable":true,"href":"https:\/\/ffyh.unc.edu.ar\/publicaciones\/wp-json\/wp\/v2\/autor?post=4267"},{"taxonomy":"editor","embeddable":true,"href":"https:\/\/ffyh.unc.edu.ar\/publicaciones\/wp-json\/wp\/v2\/editor?post=4267"},{"taxonomy":"traductor","embeddable":true,"href":"https:\/\/ffyh.unc.edu.ar\/publicaciones\/wp-json\/wp\/v2\/traductor?post=4267"},{"taxonomy":"compilador","embeddable":true,"href":"https:\/\/ffyh.unc.edu.ar\/publicaciones\/wp-json\/wp\/v2\/compilador?post=4267"},{"taxonomy":"coordinador","embeddable":true,"href":"https:\/\/ffyh.unc.edu.ar\/publicaciones\/wp-json\/wp\/v2\/coordinador?post=4267"},{"taxonomy":"director","embeddable":true,"href":"https:\/\/ffyh.unc.edu.ar\/publicaciones\/wp-json\/wp\/v2\/director?post=4267"}],"curies":[{"name":"wp","href":"https:\/\/api.w.org\/{rel}","templated":true}]}}