{"id":4271,"date":"2024-08-30T12:04:51","date_gmt":"2024-08-30T15:04:51","guid":{"rendered":"https:\/\/ffyh.unc.edu.ar\/publicaciones\/?post_type=product&#038;p=4271"},"modified":"2024-09-23T10:52:47","modified_gmt":"2024-09-23T13:52:47","slug":"repensar-la-psicopedagogia-escolar-en-la-trama-contextos-y-sujetos-que-interpelan-los-aprendizajes-escolares","status":"publish","type":"product","link":"https:\/\/ffyh.unc.edu.ar\/publicaciones\/tienda\/publicaciones-del-area-de-publicaciones-de-la-ffyh\/repensar-la-psicopedagogia-escolar-en-la-trama-contextos-y-sujetos-que-interpelan-los-aprendizajes-escolares\/","title":{"rendered":"Repensar la psicopedagog\u00eda escolar en la trama: Contextos y Sujetos que interpelan los aprendizajes escolares"},"content":{"rendered":"<p>Esta publicaci\u00f3n, pone el foco en problem\u00e1ticas psicopedag\u00f3gicas que \u201cse<br \/>\nviven\u201d en las escuelas particulares habitadas por docentes y estudiantes en una diversidad de<br \/>\nsituaciones. Se propone entramar estas experiencias con una mirada reflexiva que<br \/>\nrecupere categor\u00edas trabajadas en los diferentes seminarios y talleres de la carrera, y revisitar<br \/>\naportes te\u00f3ricos en pos de hallazgos de novedosos caminos en el campo de la Psicopedagog\u00eda<br \/>\nEscolar.<\/p>\n","protected":false},"excerpt":{"rendered":"<p>Esta publicaci\u00f3n, pone el foco en problem\u00e1ticas psicopedag\u00f3gicas que \u201cse<br \/>\nviven\u201d en las escuelas particulares habitadas por docentes y estudiantes en una diversidad de<br \/>\nsituaciones. Se propone entramar estas experiencias con una mirada reflexiva que<br \/>\nrecupere categor\u00edas trabajadas en los diferentes seminarios y talleres de la carrera, y revisitar<br \/>\naportes te\u00f3ricos en pos de hallazgos de novedosos caminos en el campo de la Psicopedagog\u00eda<br \/>\nEscolar.<\/p>\n","protected":false},"featured_media":4269,"comment_status":"closed","ping_status":"closed","template":"","meta":{"_acf_changed":false,"colormag_page_container_layout":"default_layout","colormag_page_sidebar_layout":"default_layout"},"product_brand":[],"product_cat":[1576],"product_tag":[2361],"autor":[2363,2366,2364,2367,689,2368,376,2365,2362],"editor":[],"traductor":[],"compilador":[2369,2370],"coordinador":[],"director":[],"class_list":{"0":"post-4271","1":"product","2":"type-product","3":"status-publish","4":"has-post-thumbnail","6":"product_cat-publicaciones-del-area-de-publicaciones-de-la-ffyh","7":"product_tag-psicopedagogia","8":"autor-betina-bendersky","9":"autor-gabriela-zamprogno","10":"autor-lucia-garay","11":"autor-marcela-morcillo","12":"autor-m-cristina-vairo","13":"autor-maria-salomon-gabriela-reynoso","14":"autor-natalia-gonzalez","15":"autor-patricia-vila","16":"autor-ricardo-baquero","17":"compilador-cristina-vairo","18":"compilador-natalia-gonzalez","20":"first","21":"instock","22":"shipping-taxable","23":"product-type-external"},"acf":[],"_links":{"self":[{"href":"https:\/\/ffyh.unc.edu.ar\/publicaciones\/wp-json\/wp\/v2\/product\/4271","targetHints":{"allow":["GET"]}}],"collection":[{"href":"https:\/\/ffyh.unc.edu.ar\/publicaciones\/wp-json\/wp\/v2\/product"}],"about":[{"href":"https:\/\/ffyh.unc.edu.ar\/publicaciones\/wp-json\/wp\/v2\/types\/product"}],"replies":[{"embeddable":true,"href":"https:\/\/ffyh.unc.edu.ar\/publicaciones\/wp-json\/wp\/v2\/comments?post=4271"}],"wp:featuredmedia":[{"embeddable":true,"href":"https:\/\/ffyh.unc.edu.ar\/publicaciones\/wp-json\/wp\/v2\/media\/4269"}],"wp:attachment":[{"href":"https:\/\/ffyh.unc.edu.ar\/publicaciones\/wp-json\/wp\/v2\/media?parent=4271"}],"wp:term":[{"taxonomy":"product_brand","embeddable":true,"href":"https:\/\/ffyh.unc.edu.ar\/publicaciones\/wp-json\/wp\/v2\/product_brand?post=4271"},{"taxonomy":"product_cat","embeddable":true,"href":"https:\/\/ffyh.unc.edu.ar\/publicaciones\/wp-json\/wp\/v2\/product_cat?post=4271"},{"taxonomy":"product_tag","embeddable":true,"href":"https:\/\/ffyh.unc.edu.ar\/publicaciones\/wp-json\/wp\/v2\/product_tag?post=4271"},{"taxonomy":"autor","embeddable":true,"href":"https:\/\/ffyh.unc.edu.ar\/publicaciones\/wp-json\/wp\/v2\/autor?post=4271"},{"taxonomy":"editor","embeddable":true,"href":"https:\/\/ffyh.unc.edu.ar\/publicaciones\/wp-json\/wp\/v2\/editor?post=4271"},{"taxonomy":"traductor","embeddable":true,"href":"https:\/\/ffyh.unc.edu.ar\/publicaciones\/wp-json\/wp\/v2\/traductor?post=4271"},{"taxonomy":"compilador","embeddable":true,"href":"https:\/\/ffyh.unc.edu.ar\/publicaciones\/wp-json\/wp\/v2\/compilador?post=4271"},{"taxonomy":"coordinador","embeddable":true,"href":"https:\/\/ffyh.unc.edu.ar\/publicaciones\/wp-json\/wp\/v2\/coordinador?post=4271"},{"taxonomy":"director","embeddable":true,"href":"https:\/\/ffyh.unc.edu.ar\/publicaciones\/wp-json\/wp\/v2\/director?post=4271"}],"curies":[{"name":"wp","href":"https:\/\/api.w.org\/{rel}","templated":true}]}}