{"id":4321,"date":"2024-09-20T15:30:05","date_gmt":"2024-09-20T18:30:05","guid":{"rendered":"https:\/\/ffyh.unc.edu.ar\/publicaciones\/?post_type=product&#038;p=4321"},"modified":"2024-09-20T16:13:55","modified_gmt":"2024-09-20T19:13:55","slug":"neopirronismo-clasico-y-contemporaneo","status":"publish","type":"product","link":"https:\/\/ffyh.unc.edu.ar\/publicaciones\/tienda\/publicaciones-de-investigacion\/ciffyh\/colecciones-del-ciffyh\/neopirronismo-clasico-y-contemporaneo\/","title":{"rendered":"Neopirronismo cl\u00e1sico y contempor\u00e1neo. Discusiones en torno al legado esc\u00e9ptico"},"content":{"rendered":"<p>Desde una perspectiva hist\u00f3rica de las fuentes antiguas del escepticismo griego, el pirronismo tuvo su primera aparici\u00f3n con Pirr\u00f3n de Elis (circa 360 a. C. &#8211; 270 a. C), quien, seg\u00fan los testimonios de su disc\u00edpulo Tim\u00f3n de Fliunte (cf. Di\u00f3genes Laercio, 2008), centra su propuesta filos\u00f3fica en la pr\u00e1ctica de la afasia y la indiferencia asc\u00e9tica (<em>apatheia<\/em>) como un modo de vida para la consecuci\u00f3n de la <em>ataraxia<\/em>.<\/p>\n<p>Este primer legado toma, dos siglos despu\u00e9s, un giro dial\u00e9ctico con los tropos de Enesidemo y Agripa que terminar\u00e1 de plasmarse posteriormente en el neopirronismo emp\u00edrico y epistemol\u00f3gico de Sexto Emp\u00edrico (circa 160 d. C.- 210 d. C.). La noci\u00f3n de neopirronismo (Chiesara 2007; Dal Pra 1975; Fogelin 1994; Porchat 2007) hace referencia a problemas conceptuales presentes en los pirr\u00f3nicos antiguos de la \u201csegunda ola\u201d pero tambi\u00e9n a la revitalizaci\u00f3n de esta orientaci\u00f3n esc\u00e9ptica tanto en autores modernos como contempor\u00e1neos.<\/p>\n<p>El presente volumen se compone de una selecci\u00f3n de 9 art\u00edculos y recorre el legado del pirronismo cl\u00e1sico en la antig\u00fcedad tard\u00eda, en autores modernos y contempor\u00e1neos, como as\u00ed tambi\u00e9n en la exploraci\u00f3n de una propuesta neopirr\u00f3nica actual.<\/p>\n","protected":false},"excerpt":{"rendered":"<p>Este e-book, editado por Guadalupe Reinoso, Federico Uanini y Sebasti\u00e1n Di Tomaso, se compone de una selecci\u00f3n de nueve art\u00edculos que recorren el legado del pirronismo cl\u00e1sico en la antig\u00fcedad tard\u00eda, en autores modernos y contempor\u00e1neos, como as\u00ed tambi\u00e9n en la exploraci\u00f3n de una propuesta neopirr\u00f3nica actual.<\/p>\n","protected":false},"featured_media":4322,"comment_status":"closed","ping_status":"closed","template":"","meta":{"_acf_changed":false,"colormag_page_container_layout":"default_layout","colormag_page_sidebar_layout":"default_layout"},"product_brand":[],"product_cat":[31,27],"product_tag":[2371,1107],"autor":[2379,2376,2209,2378,2375,2373,2377,2374,2372],"editor":[2380,2211,2381],"traductor":[],"compilador":[],"coordinador":[],"director":[],"class_list":{"0":"post-4321","1":"product","2":"type-product","3":"status-publish","4":"has-post-thumbnail","6":"product_cat-colecciones-del-ciffyh","7":"product_cat-publicaciones-de-investigacion","8":"product_tag-escepticismo","9":"product_tag-filosofia","10":"autor-caceres-alison","11":"autor-ciro-botta","12":"autor-guadalupe-reinoso","13":"autor-rocio-herrera","14":"autor-rodrigo-pinto-de-brito","15":"autor-sebastian-di-tomaso","16":"autor-soledad-masso","17":"autor-tristan-fita","18":"autor-uanini-federico","19":"editor-federico-uanini","20":"editor-guadalupe-reinoso","21":"editor-sebastian-di-tomaso","23":"first","24":"instock","25":"shipping-taxable","26":"product-type-external"},"acf":[],"_links":{"self":[{"href":"https:\/\/ffyh.unc.edu.ar\/publicaciones\/wp-json\/wp\/v2\/product\/4321","targetHints":{"allow":["GET"]}}],"collection":[{"href":"https:\/\/ffyh.unc.edu.ar\/publicaciones\/wp-json\/wp\/v2\/product"}],"about":[{"href":"https:\/\/ffyh.unc.edu.ar\/publicaciones\/wp-json\/wp\/v2\/types\/product"}],"replies":[{"embeddable":true,"href":"https:\/\/ffyh.unc.edu.ar\/publicaciones\/wp-json\/wp\/v2\/comments?post=4321"}],"wp:featuredmedia":[{"embeddable":true,"href":"https:\/\/ffyh.unc.edu.ar\/publicaciones\/wp-json\/wp\/v2\/media\/4322"}],"wp:attachment":[{"href":"https:\/\/ffyh.unc.edu.ar\/publicaciones\/wp-json\/wp\/v2\/media?parent=4321"}],"wp:term":[{"taxonomy":"product_brand","embeddable":true,"href":"https:\/\/ffyh.unc.edu.ar\/publicaciones\/wp-json\/wp\/v2\/product_brand?post=4321"},{"taxonomy":"product_cat","embeddable":true,"href":"https:\/\/ffyh.unc.edu.ar\/publicaciones\/wp-json\/wp\/v2\/product_cat?post=4321"},{"taxonomy":"product_tag","embeddable":true,"href":"https:\/\/ffyh.unc.edu.ar\/publicaciones\/wp-json\/wp\/v2\/product_tag?post=4321"},{"taxonomy":"autor","embeddable":true,"href":"https:\/\/ffyh.unc.edu.ar\/publicaciones\/wp-json\/wp\/v2\/autor?post=4321"},{"taxonomy":"editor","embeddable":true,"href":"https:\/\/ffyh.unc.edu.ar\/publicaciones\/wp-json\/wp\/v2\/editor?post=4321"},{"taxonomy":"traductor","embeddable":true,"href":"https:\/\/ffyh.unc.edu.ar\/publicaciones\/wp-json\/wp\/v2\/traductor?post=4321"},{"taxonomy":"compilador","embeddable":true,"href":"https:\/\/ffyh.unc.edu.ar\/publicaciones\/wp-json\/wp\/v2\/compilador?post=4321"},{"taxonomy":"coordinador","embeddable":true,"href":"https:\/\/ffyh.unc.edu.ar\/publicaciones\/wp-json\/wp\/v2\/coordinador?post=4321"},{"taxonomy":"director","embeddable":true,"href":"https:\/\/ffyh.unc.edu.ar\/publicaciones\/wp-json\/wp\/v2\/director?post=4321"}],"curies":[{"name":"wp","href":"https:\/\/api.w.org\/{rel}","templated":true}]}}