{"id":4330,"date":"2024-09-23T10:20:20","date_gmt":"2024-09-23T13:20:20","guid":{"rendered":"https:\/\/ffyh.unc.edu.ar\/publicaciones\/?post_type=product&#038;p=4330"},"modified":"2024-09-23T10:20:21","modified_gmt":"2024-09-23T13:20:21","slug":"imaginacion-y-materialismos","status":"publish","type":"product","link":"https:\/\/ffyh.unc.edu.ar\/publicaciones\/tienda\/publicaciones-de-investigacion\/ciffyh\/colecciones-del-ciffyh\/imaginacion-y-materialismos\/","title":{"rendered":"Imaginaci\u00f3n y materialismos. Ficciones te\u00f3rico-cr\u00edticas ante la crisis"},"content":{"rendered":"<p>Este libro recoge un conjunto de textos que se preguntan por las formas de la imaginaci\u00f3n ante la crisis, por los cruces entre ficci\u00f3n y teor\u00eda, por los lenguajes de la cr\u00edtica y su preocupaci\u00f3n para atender a la materialidad de lo existente. Se trata de un recorrido que se detiene en los entramados de voces, inscripciones y significaciones no humanas en la escritura, que discute ciertos presupuestos en torno a la interpretaci\u00f3n y el lenguaje, a las concepciones del signo y la imagen. Se trata tambi\u00e9n de ficciones que se preguntan por la invenci\u00f3n de otra lengua posible, ante el cuidado y el riesgo que significa atender a las conjugaciones entre materia y significado.<\/p>\n<p>La imaginaci\u00f3n, adem\u00e1s, se hace presente aqu\u00ed para ensayar las formas de su propia invenci\u00f3n, como una fuerza actuante que intenta responder a las urgencias de nuestro tiempo. Ya que la materialidad de los lenguajes de la cr\u00edtica ha marcado una transformaci\u00f3n decisiva en el campo de las humanidades.<\/p>\n<p>De all\u00ed que muchas de las zonas de este libro se pregunten por el modo singular de producir un saber que impulsa el trabajo de la imaginaci\u00f3n ante la crisis. O sobre el campo de discusiones que abren los posthumanismos, atravesando disciplinas y redefiniendo as\u00ed el terreno de las humanidades. En suma, este libro conjuga modos de interrogar la complejidad de tramas cr\u00edticas del presente, ya sea revisitando antiguas tradiciones para movilizar el archivo hist\u00f3rico o proyectando la mirada hacia la posibilidad de otros futuros.<\/p>\n<p>El e-book forma parte de las Colecciones del CIFFyH, una iniciativa del Centro de Investigaciones Mar\u00eda Saleme de Burnichon (FFyH) en vinculaci\u00f3n con el \u00c1rea de Publicaciones de la FFyH que busca fortalecer la producci\u00f3n y difusi\u00f3n del trabajo de los grupos de investigaci\u00f3n del Centro, fomentar la participaci\u00f3n en la producci\u00f3n y circulaci\u00f3n del conocimiento de estudiantes, egresados\/as y docentes, y generar espacios institucionales que habiliten dicha circulaci\u00f3n.<\/p>\n<p>&nbsp;<\/p>\n","protected":false},"excerpt":{"rendered":"<p>El e-book, editado por Paula La Rocca y Ana Neuburger, recoge un conjunto de textos que se preguntan por las formas de la imaginaci\u00f3n ante la crisis, por los cruces entre ficci\u00f3n y teor\u00eda, por los lenguajes de la cr\u00edtica y su preocupaci\u00f3n para atender a la materialidad de lo existente.<\/p>\n","protected":false},"featured_media":4331,"comment_status":"closed","ping_status":"closed","template":"","meta":{"_acf_changed":false,"colormag_page_container_layout":"default_layout","colormag_page_sidebar_layout":"default_layout"},"product_brand":[],"product_cat":[31,27],"product_tag":[],"autor":[280,284,285,2387,278,277,282,2389,1434,546,2388,283,279],"editor":[2391,2390],"traductor":[],"compilador":[],"coordinador":[],"director":[],"class_list":{"0":"post-4330","1":"product","2":"type-product","3":"status-publish","4":"has-post-thumbnail","6":"product_cat-colecciones-del-ciffyh","7":"product_cat-publicaciones-de-investigacion","8":"autor-adriana-canseco","9":"autor-ana-neuburger","10":"autor-belisario-zalazar","11":"autor-emilia-casiva","12":"autor-franca-maccioni","13":"autor-gabriela-milone","14":"autor-julia-jorge","15":"autor-maria-milagros-gonzalez","16":"autor-natalia-lorio","17":"autor-nicolas-lopez","18":"autor-paula-fleisner","19":"autor-paula-la-rocca","20":"autor-silvana-santucci","21":"editor-ana-neuburger","22":"editor-paula-la-rocca","24":"first","25":"instock","26":"shipping-taxable","27":"product-type-external"},"acf":[],"_links":{"self":[{"href":"https:\/\/ffyh.unc.edu.ar\/publicaciones\/wp-json\/wp\/v2\/product\/4330","targetHints":{"allow":["GET"]}}],"collection":[{"href":"https:\/\/ffyh.unc.edu.ar\/publicaciones\/wp-json\/wp\/v2\/product"}],"about":[{"href":"https:\/\/ffyh.unc.edu.ar\/publicaciones\/wp-json\/wp\/v2\/types\/product"}],"replies":[{"embeddable":true,"href":"https:\/\/ffyh.unc.edu.ar\/publicaciones\/wp-json\/wp\/v2\/comments?post=4330"}],"wp:featuredmedia":[{"embeddable":true,"href":"https:\/\/ffyh.unc.edu.ar\/publicaciones\/wp-json\/wp\/v2\/media\/4331"}],"wp:attachment":[{"href":"https:\/\/ffyh.unc.edu.ar\/publicaciones\/wp-json\/wp\/v2\/media?parent=4330"}],"wp:term":[{"taxonomy":"product_brand","embeddable":true,"href":"https:\/\/ffyh.unc.edu.ar\/publicaciones\/wp-json\/wp\/v2\/product_brand?post=4330"},{"taxonomy":"product_cat","embeddable":true,"href":"https:\/\/ffyh.unc.edu.ar\/publicaciones\/wp-json\/wp\/v2\/product_cat?post=4330"},{"taxonomy":"product_tag","embeddable":true,"href":"https:\/\/ffyh.unc.edu.ar\/publicaciones\/wp-json\/wp\/v2\/product_tag?post=4330"},{"taxonomy":"autor","embeddable":true,"href":"https:\/\/ffyh.unc.edu.ar\/publicaciones\/wp-json\/wp\/v2\/autor?post=4330"},{"taxonomy":"editor","embeddable":true,"href":"https:\/\/ffyh.unc.edu.ar\/publicaciones\/wp-json\/wp\/v2\/editor?post=4330"},{"taxonomy":"traductor","embeddable":true,"href":"https:\/\/ffyh.unc.edu.ar\/publicaciones\/wp-json\/wp\/v2\/traductor?post=4330"},{"taxonomy":"compilador","embeddable":true,"href":"https:\/\/ffyh.unc.edu.ar\/publicaciones\/wp-json\/wp\/v2\/compilador?post=4330"},{"taxonomy":"coordinador","embeddable":true,"href":"https:\/\/ffyh.unc.edu.ar\/publicaciones\/wp-json\/wp\/v2\/coordinador?post=4330"},{"taxonomy":"director","embeddable":true,"href":"https:\/\/ffyh.unc.edu.ar\/publicaciones\/wp-json\/wp\/v2\/director?post=4330"}],"curies":[{"name":"wp","href":"https:\/\/api.w.org\/{rel}","templated":true}]}}