{"id":4365,"date":"2024-10-01T12:13:02","date_gmt":"2024-10-01T15:13:02","guid":{"rendered":"https:\/\/ffyh.unc.edu.ar\/publicaciones\/?post_type=product&#038;p=4365"},"modified":"2024-10-01T12:14:37","modified_gmt":"2024-10-01T15:14:37","slug":"alfabetizacion-disciplinar-y-formacion-docente-conversaciones-sobre-practicas-discursivas","status":"publish","type":"product","link":"https:\/\/ffyh.unc.edu.ar\/publicaciones\/tienda\/publicaciones-de-investigacion\/ciffyh\/colecciones-del-ciffyh\/alfabetizacion-disciplinar-y-formacion-docente-conversaciones-sobre-practicas-discursivas\/","title":{"rendered":"Alfabetizaci\u00f3n disciplinar y formaci\u00f3n docente. Conversaciones sobre pr\u00e1cticas discursivas"},"content":{"rendered":"<p>Este libro se publica en un contexto signado por la necesidad de enfatizar la importancia y, por qu\u00e9 no, la urgencia de profundizar procesos de indagaci\u00f3n en el campo educativo y realzar la producci\u00f3n de conocimiento pedag\u00f3gico como acto pol\u00edtico.<\/p>\n<p>Es un libro que pone el foco en un \u00e1mbito de intervenci\u00f3n, que busca dialogar con representaciones, trayectorias y experiencias docentes, acerca de lo que ocurre en las aulas, de las clases. Se recupera una mirada que pretende analizar la especificidad, apoyada en la observaci\u00f3n y que, tambi\u00e9n por su objeto, se empe\u00f1a por escapar a las generalidades. En los diferentes art\u00edculos se enfatiza el valor de escuchar, de observar, de hacer lugar a lo real, postergando el juicio. Se privilegian experiencias situadas, a sabiendas de que escribir sobre una experiencia es escribir muchas otras experiencias. En los diferentes art\u00edculos, se recupera la voz de los docentes, se organizan sus relatos para entramar sentidos con apuestas. Al mismo tiempo, se hace lugar tambi\u00e9n a las preocupaciones y a las vicisitudes propias del oficio; visibilizando lo que no sali\u00f3, lo que no ocurre, en lo que tenemos que seguir pensando. Tanto en la producci\u00f3n del equipo como en el caso de las voces invitadas, el saber deviene de la experiencia y se construye en di\u00e1logo con otras y otros, es un conocimiento que emerge de esas experiencias, en territorio. Un conocimiento situado que surge de las y los sujetos que toman la palabra y se propone volver a ellos.<\/p>\n","protected":false},"excerpt":{"rendered":"<p>Este libro se publica en un contexto signado por la necesidad de enfatizar la importancia y\u00a0 la urgencia de profundizar procesos de indagaci\u00f3n en el campo educativo y realzar la producci\u00f3n de conocimiento pedag\u00f3gico como acto pol\u00edtico.<\/p>\n","protected":false},"featured_media":4367,"comment_status":"closed","ping_status":"closed","template":"","meta":{"_acf_changed":false,"colormag_page_container_layout":"default_layout","colormag_page_sidebar_layout":"default_layout"},"product_brand":[],"product_cat":[31],"product_tag":[2392,1177,1368],"autor":[2043,2402,2040,2407,2394,2399,2036,2405,2396,2400,2401,2406,451,2397,2403,2395,2393,2404,2398],"editor":[2409,2408],"traductor":[],"compilador":[1970,2410],"coordinador":[],"director":[],"class_list":{"0":"post-4365","1":"product","2":"type-product","3":"status-publish","4":"has-post-thumbnail","6":"product_cat-colecciones-del-ciffyh","7":"product_tag-alfabetizacion","8":"product_tag-educacion","9":"product_tag-formacion-docente","10":"autor-ana-ines-leunda","11":"autor-ariel-ingas","12":"autor-carolina-cernusco","13":"autor-claudia-maria-del-valle-rodriguez","14":"autor-diego-gogna","15":"autor-flavia-herrera","16":"autor-gloria-borioli","17":"autor-ivan-mercado","18":"autor-jose-francisco-oyola","19":"autor-julieta-fofre","20":"autor-laura-violeta-colombo","21":"autor-luisina-rivadero","22":"autor-maria-eugenia-lopez","23":"autor-maria-laura-wojnacki","24":"autor-maria-paula-espeche","25":"autor-melina-cuello","26":"autor-miriam-villa","27":"autor-paul-alexis-carrera","28":"autor-victoria-farina","29":"editor-laura-abratte","30":"editor-miriam-villa","31":"compilador-gloria-borioli","32":"compilador-miriam-villa","34":"first","35":"instock","36":"shipping-taxable","37":"product-type-external"},"acf":[],"_links":{"self":[{"href":"https:\/\/ffyh.unc.edu.ar\/publicaciones\/wp-json\/wp\/v2\/product\/4365","targetHints":{"allow":["GET"]}}],"collection":[{"href":"https:\/\/ffyh.unc.edu.ar\/publicaciones\/wp-json\/wp\/v2\/product"}],"about":[{"href":"https:\/\/ffyh.unc.edu.ar\/publicaciones\/wp-json\/wp\/v2\/types\/product"}],"replies":[{"embeddable":true,"href":"https:\/\/ffyh.unc.edu.ar\/publicaciones\/wp-json\/wp\/v2\/comments?post=4365"}],"wp:featuredmedia":[{"embeddable":true,"href":"https:\/\/ffyh.unc.edu.ar\/publicaciones\/wp-json\/wp\/v2\/media\/4367"}],"wp:attachment":[{"href":"https:\/\/ffyh.unc.edu.ar\/publicaciones\/wp-json\/wp\/v2\/media?parent=4365"}],"wp:term":[{"taxonomy":"product_brand","embeddable":true,"href":"https:\/\/ffyh.unc.edu.ar\/publicaciones\/wp-json\/wp\/v2\/product_brand?post=4365"},{"taxonomy":"product_cat","embeddable":true,"href":"https:\/\/ffyh.unc.edu.ar\/publicaciones\/wp-json\/wp\/v2\/product_cat?post=4365"},{"taxonomy":"product_tag","embeddable":true,"href":"https:\/\/ffyh.unc.edu.ar\/publicaciones\/wp-json\/wp\/v2\/product_tag?post=4365"},{"taxonomy":"autor","embeddable":true,"href":"https:\/\/ffyh.unc.edu.ar\/publicaciones\/wp-json\/wp\/v2\/autor?post=4365"},{"taxonomy":"editor","embeddable":true,"href":"https:\/\/ffyh.unc.edu.ar\/publicaciones\/wp-json\/wp\/v2\/editor?post=4365"},{"taxonomy":"traductor","embeddable":true,"href":"https:\/\/ffyh.unc.edu.ar\/publicaciones\/wp-json\/wp\/v2\/traductor?post=4365"},{"taxonomy":"compilador","embeddable":true,"href":"https:\/\/ffyh.unc.edu.ar\/publicaciones\/wp-json\/wp\/v2\/compilador?post=4365"},{"taxonomy":"coordinador","embeddable":true,"href":"https:\/\/ffyh.unc.edu.ar\/publicaciones\/wp-json\/wp\/v2\/coordinador?post=4365"},{"taxonomy":"director","embeddable":true,"href":"https:\/\/ffyh.unc.edu.ar\/publicaciones\/wp-json\/wp\/v2\/director?post=4365"}],"curies":[{"name":"wp","href":"https:\/\/api.w.org\/{rel}","templated":true}]}}