{"id":4436,"date":"2024-11-15T11:18:11","date_gmt":"2024-11-15T14:18:11","guid":{"rendered":"https:\/\/ffyh.unc.edu.ar\/publicaciones\/?post_type=product&#038;p=4436"},"modified":"2024-11-29T09:35:21","modified_gmt":"2024-11-29T12:35:21","slug":"archivos-de-investigaciones-etnograficas-no-habra-flores-en-la-tumba-del-pasado-la-experiencia-de-reconstruccion-del-mundo-de-los-familiares-de-desaparecidos","status":"publish","type":"product","link":"https:\/\/ffyh.unc.edu.ar\/publicaciones\/tienda\/sin-categorizar\/archivos-de-investigaciones-etnograficas-no-habra-flores-en-la-tumba-del-pasado-la-experiencia-de-reconstruccion-del-mundo-de-los-familiares-de-desaparecidos\/","title":{"rendered":"Archivos de investigaciones etnogr\u00e1ficas. No habr\u00e1 flores en la tumba  del pasado."},"content":{"rendered":"<p>Archivos de investigaciones etnogr\u00e1ficas. No habr\u00e1 flores en la tumba del pasado.<\/p>\n<p>La experiencia de reconstrucci\u00f3n del mundo de los familiares de desaparecidos.<\/p>\n<p>Esta publicaci\u00f3n se basa en el fondo documental correspondiente a la investigaci\u00f3n doctoral con familiares de desaparecidos de La Plata, desarrollada entre 1996 y 1999. Recupera entrevistas, diarios de campo, fotograf\u00edas, grabaciones a eventos p\u00fablicos, material de archivos privados de los familiares de desaparecidos, documentos y<br \/>\nfuentes primarias como diarios, revistas, recortes.<br \/>\nSe trata de una etnograf\u00eda conectiva que, a medida que se presentan los ejes centrales de la investigaci\u00f3n, genera y propone: nexos, enlaces, conectividad, apertura e interacci\u00f3n con los documentos originales de la investigaci\u00f3n, localizados en el Repositorio Digital Suqu\u00eda. Asimismo, construye lazos con otros soportes presentes en<br \/>\nlas redes que muestran la extensi\u00f3n de acciones, pr\u00e1cticas, cartograf\u00edas, monumentos en memoria de los y las desaparecidas durante el terrorismo de Estado en Argentina.<\/p>\n","protected":false},"excerpt":{"rendered":"<p>Esta publicaci\u00f3n est\u00e1 basada en el fondo documental producido a ra\u00edz de la investigaci\u00f3n con familiares de desaparecidos de La Plata entre los a\u00f1os 1996-1999. Recupera entrevistas, diarios de campo, fotograf\u00edas, grabaciones de eventos p\u00fablicos, material de archivos privados de los familiares de desaparecidos, documentos y fuentes primarias como diarios, revistas, recortes, generando una forma nueva y din\u00e1mica de acceso a la investigaci\u00f3n enmarcando el material a partir de fragmentos del libro \u201cNo Habr\u00e1 Flores en la Tumba del Pasado\u201d, que originalmente fue la tesis de doctorado. Es una etnograf\u00eda conectiva que, a medida que se presentan los ejes centrales de la investigaci\u00f3n, genera y propone: nexos, enlaces, conectividad, apertura e interacci\u00f3n con los documentos originales de la investigaci\u00f3n, localizados en el sistema abierto Suqu\u00eda de la UNC y construye lazos con otros soportes presentes en las redes que muestran la extensi\u00f3n de acciones, pr\u00e1cticas, cartograf\u00edas, monumentos en memoria de los y las desaparecidas durante el terrorismo de Estado en Argentina.<\/p>\n","protected":false},"featured_media":4481,"comment_status":"closed","ping_status":"closed","template":"","meta":{"_acf_changed":false,"colormag_page_container_layout":"default_layout","colormag_page_sidebar_layout":"default_layout"},"product_brand":[],"product_cat":[17],"product_tag":[1215,1441],"autor":[2412,2413,2411],"editor":[2415,2416,2414],"traductor":[],"compilador":[],"coordinador":[],"director":[],"class_list":{"0":"post-4436","1":"product","2":"type-product","3":"status-publish","4":"has-post-thumbnail","6":"product_cat-sin-categorizar","7":"product_tag-derechos-humanos","8":"product_tag-dictaduras","9":"autor-diego-martin-carro-aiello","10":"autor-gilda-veronica-ludmila-da-silva-catela","11":"autor-maria-eugenia-mackinson","12":"editor-diego-martin-carro-aiello","13":"editor-gilda-veronica-ludmila-da-silva-catela","14":"editor-maria-eugenia-mackinson","16":"first","17":"instock","18":"shipping-taxable","19":"product-type-external"},"acf":[],"_links":{"self":[{"href":"https:\/\/ffyh.unc.edu.ar\/publicaciones\/wp-json\/wp\/v2\/product\/4436","targetHints":{"allow":["GET"]}}],"collection":[{"href":"https:\/\/ffyh.unc.edu.ar\/publicaciones\/wp-json\/wp\/v2\/product"}],"about":[{"href":"https:\/\/ffyh.unc.edu.ar\/publicaciones\/wp-json\/wp\/v2\/types\/product"}],"replies":[{"embeddable":true,"href":"https:\/\/ffyh.unc.edu.ar\/publicaciones\/wp-json\/wp\/v2\/comments?post=4436"}],"wp:featuredmedia":[{"embeddable":true,"href":"https:\/\/ffyh.unc.edu.ar\/publicaciones\/wp-json\/wp\/v2\/media\/4481"}],"wp:attachment":[{"href":"https:\/\/ffyh.unc.edu.ar\/publicaciones\/wp-json\/wp\/v2\/media?parent=4436"}],"wp:term":[{"taxonomy":"product_brand","embeddable":true,"href":"https:\/\/ffyh.unc.edu.ar\/publicaciones\/wp-json\/wp\/v2\/product_brand?post=4436"},{"taxonomy":"product_cat","embeddable":true,"href":"https:\/\/ffyh.unc.edu.ar\/publicaciones\/wp-json\/wp\/v2\/product_cat?post=4436"},{"taxonomy":"product_tag","embeddable":true,"href":"https:\/\/ffyh.unc.edu.ar\/publicaciones\/wp-json\/wp\/v2\/product_tag?post=4436"},{"taxonomy":"autor","embeddable":true,"href":"https:\/\/ffyh.unc.edu.ar\/publicaciones\/wp-json\/wp\/v2\/autor?post=4436"},{"taxonomy":"editor","embeddable":true,"href":"https:\/\/ffyh.unc.edu.ar\/publicaciones\/wp-json\/wp\/v2\/editor?post=4436"},{"taxonomy":"traductor","embeddable":true,"href":"https:\/\/ffyh.unc.edu.ar\/publicaciones\/wp-json\/wp\/v2\/traductor?post=4436"},{"taxonomy":"compilador","embeddable":true,"href":"https:\/\/ffyh.unc.edu.ar\/publicaciones\/wp-json\/wp\/v2\/compilador?post=4436"},{"taxonomy":"coordinador","embeddable":true,"href":"https:\/\/ffyh.unc.edu.ar\/publicaciones\/wp-json\/wp\/v2\/coordinador?post=4436"},{"taxonomy":"director","embeddable":true,"href":"https:\/\/ffyh.unc.edu.ar\/publicaciones\/wp-json\/wp\/v2\/director?post=4436"}],"curies":[{"name":"wp","href":"https:\/\/api.w.org\/{rel}","templated":true}]}}