{"id":4447,"date":"2024-11-19T10:24:34","date_gmt":"2024-11-19T13:24:34","guid":{"rendered":"https:\/\/ffyh.unc.edu.ar\/publicaciones\/?post_type=product&#038;p=4447"},"modified":"2024-11-19T10:24:36","modified_gmt":"2024-11-19T13:24:36","slug":"que-puede-la-lectura-ensayos-criticos","status":"publish","type":"product","link":"https:\/\/ffyh.unc.edu.ar\/publicaciones\/tienda\/publicaciones-de-investigacion\/ciffyh\/colecciones-del-ciffyh\/que-puede-la-lectura-ensayos-criticos\/","title":{"rendered":"\u00bfQu\u00e9 puede la lectura? Ensayos cr\u00edticos"},"content":{"rendered":"<p><span style=\"font-weight: 400\">\u00bfQu\u00e9 es leer? \u00bfHay una teor\u00eda de la lectura? \u00bfQu\u00e9 es escribir una lectura? \u00bfC\u00f3mo se lee una imagen? \u00bfQu\u00e9 implicancia tiene el sujeto en la lectura y en la producci\u00f3n de aquello que lee? \u00bfC\u00f3mo se lee un archivo? \u00bfQu\u00e9 implica la lectura entendida como experiencia? \u00bfC\u00f3mo se ense\u00f1a a leer literatura? El presente libro re\u00fane un conjunto de ensayos que procuran responder, de un modo u otro, estas preguntas. Se trata de textos escritos por investigadores provenientes de distintos pa\u00edses (Argentina, Francia, Brasil, Portugal). En este sentido, es una antolog\u00eda que representa un estado de la cuesti\u00f3n actual e internacional sobre la lectura, deteni\u00e9ndose en distintas aristas (la ense\u00f1anza, la escritura, el archivo, la cr\u00edtica, la imagen) y desde distintos campos disciplinares (la teor\u00eda literaria, la filosof\u00eda, el psicoan\u00e1lisis, la pedagog\u00eda, la historia, la sociolog\u00eda). Se podr\u00e1 encontrar aqu\u00ed, por lo tanto, una profunda reflexi\u00f3n acerca de lo que significa leer hoy, y las consecuencias que ello tiene para pr\u00e1cticas como la cr\u00edtica y la ense\u00f1anza de la literatura.<\/span><\/p>\n","protected":false},"excerpt":{"rendered":"<p><span style=\"font-weight: 400\">\u00bfQu\u00e9 es leer? \u00bfHay una teor\u00eda de la lectura? \u00bfQu\u00e9 es escribir una lectura? \u00bfC\u00f3mo se lee una imagen? \u00bfQu\u00e9 implicancia tiene el sujeto en la lectura y en la producci\u00f3n de aquello que lee? \u00bfC\u00f3mo se lee un archivo? \u00bfQu\u00e9 implica la lectura entendida como experiencia? \u00bfC\u00f3mo se ense\u00f1a a leer literatura? El presente libro re\u00fane un conjunto de ensayos que procuran responder, de un modo u otro, estas preguntas. Se trata de textos escritos por investigadores provenientes de distintos pa\u00edses (Argentina, Francia, Brasil, Portugal). En este sentido, es una antolog\u00eda que representa un estado de la cuesti\u00f3n actual e internacional sobre la lectura, deteni\u00e9ndose en distintas aristas (la ense\u00f1anza, la escritura, el archivo, la cr\u00edtica, la imagen) y desde distintos campos disciplinares (la teor\u00eda literaria, la filosof\u00eda, el psicoan\u00e1lisis, la pedagog\u00eda, la historia, la sociolog\u00eda).\u00a0<\/span><\/p>\n","protected":false},"featured_media":4448,"comment_status":"closed","ping_status":"closed","template":"","meta":{"_acf_changed":false,"colormag_page_container_layout":"default_layout","colormag_page_sidebar_layout":"default_layout"},"product_brand":[],"product_cat":[31],"product_tag":[1183,2418,2417,1524],"autor":[2423,2422,2425,2420,2433,2432,2421,2434,2430,2437,2431,2436,2424,2427,2435,2426,2429,460,2428,1267,2419,491],"editor":[],"traductor":[],"compilador":[2438,2439,2440],"coordinador":[],"director":[],"class_list":{"0":"post-4447","1":"product","2":"type-product","3":"status-publish","4":"has-post-thumbnail","6":"product_cat-colecciones-del-ciffyh","7":"product_tag-critica-literaria","8":"product_tag-ensenanza-literaria","9":"product_tag-escritura","10":"product_tag-lectura","11":"autor-alain-trouve","12":"autor-alberto-giordano","13":"autor-audrey-louyer","14":"autor-bruno-grossi","15":"autor-carola-hermida","16":"autor-catalina-de-la-barrera","17":"autor-emiliano-rodriguez-montiel","18":"autor-fabian-mossello","19":"autor-federico-fritelli","20":"autor-graciela-goldchluk","21":"autor-guido-coll","22":"autor-jean-louis-haquette","23":"autor-malena-pastoriza","24":"autor-marcela-fabiana-melana","25":"autor-maria-ayelen-bayerque","26":"autor-maria-eugenia-vivian","27":"autor-maryse-vasseviere","28":"autor-nicolas-garayalde","29":"autor-sheila-oliveira-lima","30":"autor-silvia-susana-anderlini","31":"autor-silvio-mattoni","32":"autor-susana-gomez","33":"compilador-camila-aguirre-valles","34":"compilador-nicolas-garayalde","35":"compilador-susana-gomez","37":"first","38":"instock","39":"shipping-taxable","40":"product-type-external"},"acf":[],"_links":{"self":[{"href":"https:\/\/ffyh.unc.edu.ar\/publicaciones\/wp-json\/wp\/v2\/product\/4447","targetHints":{"allow":["GET"]}}],"collection":[{"href":"https:\/\/ffyh.unc.edu.ar\/publicaciones\/wp-json\/wp\/v2\/product"}],"about":[{"href":"https:\/\/ffyh.unc.edu.ar\/publicaciones\/wp-json\/wp\/v2\/types\/product"}],"replies":[{"embeddable":true,"href":"https:\/\/ffyh.unc.edu.ar\/publicaciones\/wp-json\/wp\/v2\/comments?post=4447"}],"wp:featuredmedia":[{"embeddable":true,"href":"https:\/\/ffyh.unc.edu.ar\/publicaciones\/wp-json\/wp\/v2\/media\/4448"}],"wp:attachment":[{"href":"https:\/\/ffyh.unc.edu.ar\/publicaciones\/wp-json\/wp\/v2\/media?parent=4447"}],"wp:term":[{"taxonomy":"product_brand","embeddable":true,"href":"https:\/\/ffyh.unc.edu.ar\/publicaciones\/wp-json\/wp\/v2\/product_brand?post=4447"},{"taxonomy":"product_cat","embeddable":true,"href":"https:\/\/ffyh.unc.edu.ar\/publicaciones\/wp-json\/wp\/v2\/product_cat?post=4447"},{"taxonomy":"product_tag","embeddable":true,"href":"https:\/\/ffyh.unc.edu.ar\/publicaciones\/wp-json\/wp\/v2\/product_tag?post=4447"},{"taxonomy":"autor","embeddable":true,"href":"https:\/\/ffyh.unc.edu.ar\/publicaciones\/wp-json\/wp\/v2\/autor?post=4447"},{"taxonomy":"editor","embeddable":true,"href":"https:\/\/ffyh.unc.edu.ar\/publicaciones\/wp-json\/wp\/v2\/editor?post=4447"},{"taxonomy":"traductor","embeddable":true,"href":"https:\/\/ffyh.unc.edu.ar\/publicaciones\/wp-json\/wp\/v2\/traductor?post=4447"},{"taxonomy":"compilador","embeddable":true,"href":"https:\/\/ffyh.unc.edu.ar\/publicaciones\/wp-json\/wp\/v2\/compilador?post=4447"},{"taxonomy":"coordinador","embeddable":true,"href":"https:\/\/ffyh.unc.edu.ar\/publicaciones\/wp-json\/wp\/v2\/coordinador?post=4447"},{"taxonomy":"director","embeddable":true,"href":"https:\/\/ffyh.unc.edu.ar\/publicaciones\/wp-json\/wp\/v2\/director?post=4447"}],"curies":[{"name":"wp","href":"https:\/\/api.w.org\/{rel}","templated":true}]}}