{"id":4477,"date":"2024-11-27T13:34:17","date_gmt":"2024-11-27T16:34:17","guid":{"rendered":"https:\/\/ffyh.unc.edu.ar\/publicaciones\/?post_type=product&#038;p=4477"},"modified":"2024-11-27T13:34:18","modified_gmt":"2024-11-27T16:34:18","slug":"intencionalidad-y-modalidad-en-el-pensamiento-de-juan-duns-escoto-las-distinciones-35-y-36-de-ordinatio-i","status":"publish","type":"product","link":"https:\/\/ffyh.unc.edu.ar\/publicaciones\/tienda\/publicaciones-de-investigacion\/ciffyh\/colecciones-del-ciffyh\/intencionalidad-y-modalidad-en-el-pensamiento-de-juan-duns-escoto-las-distinciones-35-y-36-de-ordinatio-i\/","title":{"rendered":"Intencionalidad y modalidad en el pensamiento de Juan Duns Escoto. : Las distinciones 35 y 36 de Ordinatio I"},"content":{"rendered":"<p>Este libro surge del trabajo colectivo llevado a cabo por el <em>Centro Latinoamericano de Estudios Escotistas y Tardomedievales<\/em> (CLEET), que re\u00fane a fil\u00f3sofas y fil\u00f3sofos medievalistas de distintos pa\u00edses y universidades de Am\u00e9rica Latina. El mismo se centra en el an\u00e1lisis de las distinciones 35 y 36 de <em>Ordinatio I <\/em>de Juan Duns Escoto, en las que el fil\u00f3sofo escoc\u00e9s desarrolla los distintos aspectos implicados en una visi\u00f3n radicalmente contingente del universo. Ambas distinciones abordan un entramado problem\u00e1tico atravesado por cuestiones de intencionalidad y de modalidad, as\u00ed como el car\u00e1cter principiativo de la intelecci\u00f3n divina, el estatuto del <em>ser inteligible<\/em>, o el principio del <em>ser posible. <\/em>El trabajo de Escoto en esta particular secci\u00f3n de su obra (como en otras tantas), constituye una suerte de fractal que, cuanto m\u00e1s detenidamente se examina, tantas m\u00e1s aristas se le encuentra. Los Autores y las Autoras de este libro afrontan los principales problemas aqu\u00ed propuestos, desde puntos de vista diversos y sin disimular las diferencias interpretativas.<\/p>\n","protected":false},"excerpt":{"rendered":"<p>Este libro surge del trabajo colectivo llevado a cabo por el <em>Centro Latinoamericano de Estudios Escotistas y Tardomedievales<\/em> (CLEET), que re\u00fane a fil\u00f3sofas y fil\u00f3sofos medievalistas de distintos pa\u00edses y universidades de Am\u00e9rica Latina. El mismo se centra en el an\u00e1lisis de las distinciones 35 y 36 de <em>Ordinatio I <\/em>de Juan Duns Escoto, en las que el fil\u00f3sofo escoc\u00e9s desarrolla los distintos aspectos implicados en una visi\u00f3n radicalmente contingente del universo.<\/p>\n","protected":false},"featured_media":4476,"comment_status":"closed","ping_status":"closed","template":"","meta":{"_acf_changed":false,"colormag_page_container_layout":"default_layout","colormag_page_sidebar_layout":"default_layout"},"product_brand":[],"product_cat":[31],"product_tag":[1107,2458,2459],"autor":[2460,2467,2461,2463,2464,2462,2466,2465],"editor":[],"traductor":[],"compilador":[2468,2469],"coordinador":[],"director":[],"class_list":{"0":"post-4477","1":"product","2":"type-product","3":"status-publish","4":"has-post-thumbnail","6":"product_cat-colecciones-del-ciffyh","7":"product_tag-filosofia","8":"product_tag-filosofia-medieval","9":"product_tag-juan-duns-escoto","10":"autor-carlos-mateo-martinez-ruiz","11":"autor-enrique-santiago-mayocchi","12":"autor-gloria-silvana-elias","13":"autor-hector-hernando-salinas-leal","14":"autor-hernan-guerrero-troncoso","15":"autor-ignacio-miguel-anchepe","16":"autor-julio-antonio-castello-dubra","17":"autor-olga-lucia-larre","18":"compilador-carlos-mateo-martinez-ruiz","19":"compilador-gloria-silvana-elias","21":"first","22":"instock","23":"shipping-taxable","24":"product-type-external"},"acf":[],"_links":{"self":[{"href":"https:\/\/ffyh.unc.edu.ar\/publicaciones\/wp-json\/wp\/v2\/product\/4477","targetHints":{"allow":["GET"]}}],"collection":[{"href":"https:\/\/ffyh.unc.edu.ar\/publicaciones\/wp-json\/wp\/v2\/product"}],"about":[{"href":"https:\/\/ffyh.unc.edu.ar\/publicaciones\/wp-json\/wp\/v2\/types\/product"}],"replies":[{"embeddable":true,"href":"https:\/\/ffyh.unc.edu.ar\/publicaciones\/wp-json\/wp\/v2\/comments?post=4477"}],"wp:featuredmedia":[{"embeddable":true,"href":"https:\/\/ffyh.unc.edu.ar\/publicaciones\/wp-json\/wp\/v2\/media\/4476"}],"wp:attachment":[{"href":"https:\/\/ffyh.unc.edu.ar\/publicaciones\/wp-json\/wp\/v2\/media?parent=4477"}],"wp:term":[{"taxonomy":"product_brand","embeddable":true,"href":"https:\/\/ffyh.unc.edu.ar\/publicaciones\/wp-json\/wp\/v2\/product_brand?post=4477"},{"taxonomy":"product_cat","embeddable":true,"href":"https:\/\/ffyh.unc.edu.ar\/publicaciones\/wp-json\/wp\/v2\/product_cat?post=4477"},{"taxonomy":"product_tag","embeddable":true,"href":"https:\/\/ffyh.unc.edu.ar\/publicaciones\/wp-json\/wp\/v2\/product_tag?post=4477"},{"taxonomy":"autor","embeddable":true,"href":"https:\/\/ffyh.unc.edu.ar\/publicaciones\/wp-json\/wp\/v2\/autor?post=4477"},{"taxonomy":"editor","embeddable":true,"href":"https:\/\/ffyh.unc.edu.ar\/publicaciones\/wp-json\/wp\/v2\/editor?post=4477"},{"taxonomy":"traductor","embeddable":true,"href":"https:\/\/ffyh.unc.edu.ar\/publicaciones\/wp-json\/wp\/v2\/traductor?post=4477"},{"taxonomy":"compilador","embeddable":true,"href":"https:\/\/ffyh.unc.edu.ar\/publicaciones\/wp-json\/wp\/v2\/compilador?post=4477"},{"taxonomy":"coordinador","embeddable":true,"href":"https:\/\/ffyh.unc.edu.ar\/publicaciones\/wp-json\/wp\/v2\/coordinador?post=4477"},{"taxonomy":"director","embeddable":true,"href":"https:\/\/ffyh.unc.edu.ar\/publicaciones\/wp-json\/wp\/v2\/director?post=4477"}],"curies":[{"name":"wp","href":"https:\/\/api.w.org\/{rel}","templated":true}]}}