{"id":4501,"date":"2024-12-04T12:29:15","date_gmt":"2024-12-04T15:29:15","guid":{"rendered":"https:\/\/ffyh.unc.edu.ar\/publicaciones\/?post_type=product&#038;p=4501"},"modified":"2024-12-05T09:34:56","modified_gmt":"2024-12-05T12:34:56","slug":"estudios-argentinos-de-literatura-francesa-y-francofona-cartografias-de-la-subjetividad","status":"publish","type":"product","link":"https:\/\/ffyh.unc.edu.ar\/publicaciones\/tienda\/sin-categorizar\/estudios-argentinos-de-literatura-francesa-y-francofona-cartografias-de-la-subjetividad\/","title":{"rendered":"Estudios argentinos de literatura francesa y franc\u00f3fona : cartograf\u00edas de la subjetividad"},"content":{"rendered":"<p>Cartograf\u00edas de la subjetividad conforma un corpus de investigaciones que indagan sobre diferentes aspectos, funciones y modalidades de la presencia de lo subjetivo en las obras que lo componen. Convergen aqu\u00ed textos en lengua francesa de autoras y autores de los siglos XX y XXI, provenientes de las m\u00e1s diversas procedencias \u2014Canad\u00e1, Francia, B\u00e9lgica, Argentina, Costa de Marfil, Rep\u00fablica del Congo, Ruanda, Marruecos, e Indochina Francesa. No obstante, m\u00e1s all\u00e1 de la notable heterogeneidad, el tema de la subjetividad se impone: la emergencia de lo subjetivo no aparece aqu\u00ed como un gesto egotista, sino ineludiblemente en su aspecto intersubjetivo.<\/p>\n","protected":false},"excerpt":{"rendered":"<p>Cartograf\u00edas de la subjetividad conforma un corpus de investigaciones que indagan sobre diferentes aspectos, funciones y modalidades de la presencia de lo subjetivo en las obras que lo componen. Convergen aqu\u00ed textos en lengua francesa de autoras y autores de los siglos XX y XXI, provenientes de las m\u00e1s diversas procedencias \u2014Canad\u00e1, Francia, B\u00e9lgica, Argentina, Costa de Marfil, Rep\u00fablica del Congo, Ruanda, Marruecos, e Indochina Francesa. No obstante, m\u00e1s all\u00e1 de la notable heterogeneidad, el tema de la subjetividad se impone: la emergencia de lo subjetivo no aparece aqu\u00ed como un gesto egotista, sino ineludiblemente en su aspecto intersubjetivo.<\/p>\n","protected":false},"featured_media":4500,"comment_status":"closed","ping_status":"closed","template":"","meta":{"_acf_changed":false,"colormag_page_container_layout":"default_layout","colormag_page_sidebar_layout":"default_layout"},"product_brand":[],"product_cat":[17],"product_tag":[1776,2470],"autor":[1780,2483,2472,1782,2480,2474,2481,2479,2476,2471,2482,2473,2475,2478,2477],"editor":[2484],"traductor":[],"compilador":[],"coordinador":[2256,2255],"director":[],"class_list":{"0":"post-4501","1":"product","2":"type-product","3":"status-publish","4":"has-post-thumbnail","6":"product_cat-sin-categorizar","7":"product_tag-literatura-francofona","8":"product_tag-subjetividad","9":"autor-agustina-concepcion-alonso","10":"autor-alba-gonzalez","11":"autor-ana-kancepolsky-teichmann","12":"autor-ana-virginia-lona","13":"autor-antonela-nobile","14":"autor-carla-rossi","15":"autor-eliana-lopez-dangelo","16":"autor-felicitas-romero-puente","17":"autor-hebe-silvana-castano","18":"autor-maria-celeste-biorda","19":"autor-maria-macarena-grao","20":"autor-maria-paula-salerno","21":"autor-maria-victoria-alday","22":"autor-noelia-martino","23":"autor-quimey-julia","24":"editor-natalia-lorena-ferreri","25":"coordinador-fausto-couzo-aspitia","26":"coordinador-florencia-capitaine","28":"first","29":"instock","30":"shipping-taxable","31":"product-type-external"},"acf":[],"_links":{"self":[{"href":"https:\/\/ffyh.unc.edu.ar\/publicaciones\/wp-json\/wp\/v2\/product\/4501","targetHints":{"allow":["GET"]}}],"collection":[{"href":"https:\/\/ffyh.unc.edu.ar\/publicaciones\/wp-json\/wp\/v2\/product"}],"about":[{"href":"https:\/\/ffyh.unc.edu.ar\/publicaciones\/wp-json\/wp\/v2\/types\/product"}],"replies":[{"embeddable":true,"href":"https:\/\/ffyh.unc.edu.ar\/publicaciones\/wp-json\/wp\/v2\/comments?post=4501"}],"wp:featuredmedia":[{"embeddable":true,"href":"https:\/\/ffyh.unc.edu.ar\/publicaciones\/wp-json\/wp\/v2\/media\/4500"}],"wp:attachment":[{"href":"https:\/\/ffyh.unc.edu.ar\/publicaciones\/wp-json\/wp\/v2\/media?parent=4501"}],"wp:term":[{"taxonomy":"product_brand","embeddable":true,"href":"https:\/\/ffyh.unc.edu.ar\/publicaciones\/wp-json\/wp\/v2\/product_brand?post=4501"},{"taxonomy":"product_cat","embeddable":true,"href":"https:\/\/ffyh.unc.edu.ar\/publicaciones\/wp-json\/wp\/v2\/product_cat?post=4501"},{"taxonomy":"product_tag","embeddable":true,"href":"https:\/\/ffyh.unc.edu.ar\/publicaciones\/wp-json\/wp\/v2\/product_tag?post=4501"},{"taxonomy":"autor","embeddable":true,"href":"https:\/\/ffyh.unc.edu.ar\/publicaciones\/wp-json\/wp\/v2\/autor?post=4501"},{"taxonomy":"editor","embeddable":true,"href":"https:\/\/ffyh.unc.edu.ar\/publicaciones\/wp-json\/wp\/v2\/editor?post=4501"},{"taxonomy":"traductor","embeddable":true,"href":"https:\/\/ffyh.unc.edu.ar\/publicaciones\/wp-json\/wp\/v2\/traductor?post=4501"},{"taxonomy":"compilador","embeddable":true,"href":"https:\/\/ffyh.unc.edu.ar\/publicaciones\/wp-json\/wp\/v2\/compilador?post=4501"},{"taxonomy":"coordinador","embeddable":true,"href":"https:\/\/ffyh.unc.edu.ar\/publicaciones\/wp-json\/wp\/v2\/coordinador?post=4501"},{"taxonomy":"director","embeddable":true,"href":"https:\/\/ffyh.unc.edu.ar\/publicaciones\/wp-json\/wp\/v2\/director?post=4501"}],"curies":[{"name":"wp","href":"https:\/\/api.w.org\/{rel}","templated":true}]}}