{"id":4526,"date":"2024-12-16T09:44:42","date_gmt":"2024-12-16T12:44:42","guid":{"rendered":"https:\/\/ffyh.unc.edu.ar\/publicaciones\/?post_type=product&#038;p=4526"},"modified":"2024-12-16T11:28:52","modified_gmt":"2024-12-16T14:28:52","slug":"actualizar-el-lazo-escrituras-entre-el-desencuentro-y-la-contingencia","status":"publish","type":"product","link":"https:\/\/ffyh.unc.edu.ar\/publicaciones\/tienda\/publicaciones-de-investigacion\/ciffyh\/colecciones-del-ciffyh\/actualizar-el-lazo-escrituras-entre-el-desencuentro-y-la-contingencia\/","title":{"rendered":"Actualizar el lazo. Escrituras entre el (des)encuentro y la contingencia"},"content":{"rendered":"<p>Esta publicaci\u00f3n surge como un impulso de escritura, una anticipaci\u00f3n, como gesto alrededor de un real que nos toca y del cual a\u00fan desconocemos sus efectos. Por lo mismo, como la publicaci\u00f3n anterior (<em>La v\u00eda de lo in\u00fatil<\/em>, publicado en el a\u00f1o 2021, en el marco de las Colecciones del CIFFyH), forma parte del proyecto de investigaci\u00f3n que contin\u00faa y nos seguir\u00e1 convocando en los pr\u00f3ximos a\u00f1os.<\/p>\n<p>En el marco de las reuniones del grupo de investigaci\u00f3n \u201cPsicoan\u00e1lisis y Filosof\u00eda\/Filosof\u00eda y Psicoan\u00e1lisis\u201d, del CIFFyH, se realizaron diversas lecturas en torno a un eje general: el estudio de las formas del lazo social. Se buscaba con ello abordar las transformaciones producidas por el capitalismo en la sociedad contempor\u00e1nea a la luz de la problem\u00e1tica del avance de las nuevas derechas y la creciente atomizaci\u00f3n social coincidente con la dificultad de identificar modos actuales del lazo. Los intercambios y las lecturas fueron realizados desde una perspectiva cr\u00edtica en torno a la filosof\u00eda, el psicoan\u00e1lisis y el pensamiento contempor\u00e1neo.<\/p>\n<p>Tanto a nivel epist\u00e9mico, en cuanto discurso, como a nivel de pr\u00e1ctica, en el presente libro nos proponemos problematizar y pensar sus aspectos cl\u00ednicos, pol\u00edticos y filos\u00f3ficos. Esto es, efectuar un an\u00e1lisis no buscando una salida o extracci\u00f3n, sino apuntando a abrir el di\u00e1logo, a plantear un marco para futuros intercambios y a construir lo com\u00fan mediante lo singular de cada texto para el encuentro con lo in\u00e9dito que espera acontecer<\/p>\n","protected":false},"excerpt":{"rendered":"<p>Esta publicaci\u00f3n surge como un impulso de escritura, una anticipaci\u00f3n, como gesto alrededor de un real que nos toca y del cual a\u00fan desconocemos sus efectos. Por lo mismo, como la publicaci\u00f3n anterior (<em>La v\u00eda de lo in\u00fatil<\/em>, publicado en el a\u00f1o 2021, en el marco de las Colecciones del CIFFyH), forma parte del proyecto de investigaci\u00f3n que contin\u00faa y nos seguir\u00e1 convocando en los pr\u00f3ximos a\u00f1os.<\/p>\n","protected":false},"featured_media":4525,"comment_status":"closed","ping_status":"closed","template":"","meta":{"_acf_changed":false,"colormag_page_container_layout":"default_layout","colormag_page_sidebar_layout":"default_layout"},"product_brand":[],"product_cat":[31],"product_tag":[2485,2417,2486],"autor":[1433,1428,1436,2487,2488,2489,1432,1434,1427,719,1430,2490,1431],"editor":[],"traductor":[],"compilador":[2491,2492],"coordinador":[],"director":[],"class_list":{"0":"post-4526","1":"product","2":"type-product","3":"status-publish","4":"has-post-thumbnail","6":"product_cat-colecciones-del-ciffyh","7":"product_tag-comunidad","8":"product_tag-escritura","9":"product_tag-pasiones","10":"autor-andres-petric","11":"autor-german-david-arroyo","12":"autor-jean-luis-hourgras","13":"autor-jesus-yamil-aedo-maestu","14":"autor-juan-manuel-conforte","15":"autor-mamani","16":"autor-mariana-quevedo-esteves","17":"autor-natalia-lorio","18":"autor-patricio-debiase","19":"autor-paula-massano","20":"autor-rodrigo-baudagna","21":"autor-silvia-alejandra-quinteros","22":"autor-silvia-mariana-mamani","23":"compilador-rodrigo-baudagna","24":"compilador-silvia-mariana-mamani","26":"first","27":"instock","28":"shipping-taxable","29":"product-type-external"},"acf":[],"_links":{"self":[{"href":"https:\/\/ffyh.unc.edu.ar\/publicaciones\/wp-json\/wp\/v2\/product\/4526","targetHints":{"allow":["GET"]}}],"collection":[{"href":"https:\/\/ffyh.unc.edu.ar\/publicaciones\/wp-json\/wp\/v2\/product"}],"about":[{"href":"https:\/\/ffyh.unc.edu.ar\/publicaciones\/wp-json\/wp\/v2\/types\/product"}],"replies":[{"embeddable":true,"href":"https:\/\/ffyh.unc.edu.ar\/publicaciones\/wp-json\/wp\/v2\/comments?post=4526"}],"wp:featuredmedia":[{"embeddable":true,"href":"https:\/\/ffyh.unc.edu.ar\/publicaciones\/wp-json\/wp\/v2\/media\/4525"}],"wp:attachment":[{"href":"https:\/\/ffyh.unc.edu.ar\/publicaciones\/wp-json\/wp\/v2\/media?parent=4526"}],"wp:term":[{"taxonomy":"product_brand","embeddable":true,"href":"https:\/\/ffyh.unc.edu.ar\/publicaciones\/wp-json\/wp\/v2\/product_brand?post=4526"},{"taxonomy":"product_cat","embeddable":true,"href":"https:\/\/ffyh.unc.edu.ar\/publicaciones\/wp-json\/wp\/v2\/product_cat?post=4526"},{"taxonomy":"product_tag","embeddable":true,"href":"https:\/\/ffyh.unc.edu.ar\/publicaciones\/wp-json\/wp\/v2\/product_tag?post=4526"},{"taxonomy":"autor","embeddable":true,"href":"https:\/\/ffyh.unc.edu.ar\/publicaciones\/wp-json\/wp\/v2\/autor?post=4526"},{"taxonomy":"editor","embeddable":true,"href":"https:\/\/ffyh.unc.edu.ar\/publicaciones\/wp-json\/wp\/v2\/editor?post=4526"},{"taxonomy":"traductor","embeddable":true,"href":"https:\/\/ffyh.unc.edu.ar\/publicaciones\/wp-json\/wp\/v2\/traductor?post=4526"},{"taxonomy":"compilador","embeddable":true,"href":"https:\/\/ffyh.unc.edu.ar\/publicaciones\/wp-json\/wp\/v2\/compilador?post=4526"},{"taxonomy":"coordinador","embeddable":true,"href":"https:\/\/ffyh.unc.edu.ar\/publicaciones\/wp-json\/wp\/v2\/coordinador?post=4526"},{"taxonomy":"director","embeddable":true,"href":"https:\/\/ffyh.unc.edu.ar\/publicaciones\/wp-json\/wp\/v2\/director?post=4526"}],"curies":[{"name":"wp","href":"https:\/\/api.w.org\/{rel}","templated":true}]}}