{"id":4557,"date":"2024-12-18T11:04:23","date_gmt":"2024-12-18T14:04:23","guid":{"rendered":"https:\/\/ffyh.unc.edu.ar\/publicaciones\/?post_type=product&#038;p=4557"},"modified":"2024-12-19T11:56:27","modified_gmt":"2024-12-19T14:56:27","slug":"donde-falla-violencia-normativa-giro-afectivo-y-baja-teoria-en-los-estudios-feministas-contemporaneos","status":"publish","type":"product","link":"https:\/\/ffyh.unc.edu.ar\/publicaciones\/tienda\/publicaciones-de-investigacion\/ciffyh\/colecciones-del-ciffyh\/donde-falla-violencia-normativa-giro-afectivo-y-baja-teoria-en-los-estudios-feministas-contemporaneos\/","title":{"rendered":"Donde falla. Violencia normativa, giro afectivo y baja teor\u00eda en los estudios feministas contempor\u00e1neos"},"content":{"rendered":"<p>Este libro es el resultado de hondas conversaciones que llev\u00f3 adelante un pu\u00f1ado de participantes de un equipo de investigaci\u00f3n en teor\u00eda feminista de la Facultad de Filosof\u00eda y Humanidades de la Universidad Nacional de C\u00f3rdoba, que se llam\u00f3: <em>Emociones, temporalidades, im\u00e1genes: hacia una cr\u00edtica de la sensibilidad neoliberal.<\/em> La serie de textos que componen este libro se articula alrededor de dos entradas principales. En la primera se trama el registro afectivo y la tarea del archivo en tanto maneras de la agencia ante la violencia inscrita en las normas que nos regulan. En la segunda, el archivo afectivo se pega a la sexualidad y a la postulaci\u00f3n, al se\u00f1alamiento de otros peque\u00f1os mundos, ya existentes en este. Este mundo es tambi\u00e9n el venidero porque al libro lo recorre una mirada cr\u00edtica desajustada temporalmente. Ya hay, en estas coordenadas temporales, elementos que las subvierten. En todos los casos, los lugares donde se mira pueden ser considerados como la <em>baja teor\u00eda<\/em>. La mirada se posa ya sobre literatura menor, ya sobre anim\u00e9, pel\u00edculas, ya sobre procesos urbanos, sobre la puesta en escena de esa mujer, lo escrito en las puertas de los ba\u00f1os, o lo teorizado por aquellas autoras no tomadas demasiado en serio por la alta teor\u00eda.<\/p>\n","protected":false},"excerpt":{"rendered":"<p>Este libro es el resultado de hondas conversaciones que llev\u00f3 adelante un pu\u00f1ado de participantes de un equipo de investigaci\u00f3n en teor\u00eda feminista de la Facultad de Filosof\u00eda y Humanidades de la Universidad Nacional de C\u00f3rdoba, que se llam\u00f3: <em>Emociones, temporalidades, im\u00e1genes: hacia una cr\u00edtica de la sensibilidad neoliberal.<\/em><\/p>\n","protected":false},"featured_media":4558,"comment_status":"closed","ping_status":"closed","template":"","meta":{"_acf_changed":false,"colormag_page_container_layout":"default_layout","colormag_page_sidebar_layout":"default_layout"},"product_brand":[],"product_cat":[31],"product_tag":[1703,1457,2505],"autor":[2512,2511,1253,364,2508,1890,2507,2510,2509,2506],"editor":[2503,2504,2502],"traductor":[],"compilador":[],"coordinador":[],"director":[],"class_list":{"0":"post-4557","1":"product","2":"type-product","3":"status-publish","4":"has-post-thumbnail","6":"product_cat-colecciones-del-ciffyh","7":"product_tag-afectos","8":"product_tag-estudios-de-genero","9":"product_tag-teoria-queer","10":"autor-alberto-canseco","11":"autor-ana-sofia-gerber","12":"autor-constanza-san-pedro","13":"autor-eduardo-mattio","14":"autor-grazia-paesani","15":"autor-ianina-moretti-basso","16":"autor-julia-crosa","17":"autor-maria-victoria-dahbar","18":"autor-noelia-perrote","19":"autor-sasha-s-hilas","20":"editor-constanza-san-pedro","21":"editor-maria-victoria-dahbar","22":"editor-sasha-s-hilas","24":"first","25":"instock","26":"shipping-taxable","27":"product-type-external"},"acf":[],"_links":{"self":[{"href":"https:\/\/ffyh.unc.edu.ar\/publicaciones\/wp-json\/wp\/v2\/product\/4557","targetHints":{"allow":["GET"]}}],"collection":[{"href":"https:\/\/ffyh.unc.edu.ar\/publicaciones\/wp-json\/wp\/v2\/product"}],"about":[{"href":"https:\/\/ffyh.unc.edu.ar\/publicaciones\/wp-json\/wp\/v2\/types\/product"}],"replies":[{"embeddable":true,"href":"https:\/\/ffyh.unc.edu.ar\/publicaciones\/wp-json\/wp\/v2\/comments?post=4557"}],"wp:featuredmedia":[{"embeddable":true,"href":"https:\/\/ffyh.unc.edu.ar\/publicaciones\/wp-json\/wp\/v2\/media\/4558"}],"wp:attachment":[{"href":"https:\/\/ffyh.unc.edu.ar\/publicaciones\/wp-json\/wp\/v2\/media?parent=4557"}],"wp:term":[{"taxonomy":"product_brand","embeddable":true,"href":"https:\/\/ffyh.unc.edu.ar\/publicaciones\/wp-json\/wp\/v2\/product_brand?post=4557"},{"taxonomy":"product_cat","embeddable":true,"href":"https:\/\/ffyh.unc.edu.ar\/publicaciones\/wp-json\/wp\/v2\/product_cat?post=4557"},{"taxonomy":"product_tag","embeddable":true,"href":"https:\/\/ffyh.unc.edu.ar\/publicaciones\/wp-json\/wp\/v2\/product_tag?post=4557"},{"taxonomy":"autor","embeddable":true,"href":"https:\/\/ffyh.unc.edu.ar\/publicaciones\/wp-json\/wp\/v2\/autor?post=4557"},{"taxonomy":"editor","embeddable":true,"href":"https:\/\/ffyh.unc.edu.ar\/publicaciones\/wp-json\/wp\/v2\/editor?post=4557"},{"taxonomy":"traductor","embeddable":true,"href":"https:\/\/ffyh.unc.edu.ar\/publicaciones\/wp-json\/wp\/v2\/traductor?post=4557"},{"taxonomy":"compilador","embeddable":true,"href":"https:\/\/ffyh.unc.edu.ar\/publicaciones\/wp-json\/wp\/v2\/compilador?post=4557"},{"taxonomy":"coordinador","embeddable":true,"href":"https:\/\/ffyh.unc.edu.ar\/publicaciones\/wp-json\/wp\/v2\/coordinador?post=4557"},{"taxonomy":"director","embeddable":true,"href":"https:\/\/ffyh.unc.edu.ar\/publicaciones\/wp-json\/wp\/v2\/director?post=4557"}],"curies":[{"name":"wp","href":"https:\/\/api.w.org\/{rel}","templated":true}]}}