{"id":4574,"date":"2024-12-19T12:05:32","date_gmt":"2024-12-19T15:05:32","guid":{"rendered":"https:\/\/ffyh.unc.edu.ar\/publicaciones\/?post_type=product&#038;p=4574"},"modified":"2025-02-11T10:25:55","modified_gmt":"2025-02-11T13:25:55","slug":"cine-politica-y-derechos-humanos-vol-i","status":"publish","type":"product","link":"https:\/\/ffyh.unc.edu.ar\/publicaciones\/tienda\/publicaciones-de-la-editorial-de-la-ffyh\/coleccion-40-anos-de-democracia\/cine-politica-y-derechos-humanos-vol-i\/","title":{"rendered":"Cine, Pol\u00edtica y Derechos Humanos Vol I"},"content":{"rendered":"<p>El libro re\u00fane una serie de reflexiones acerca de la pol\u00edtica y los derechos humanos, cuya materia y forma proviene primordialmente del cine. En di\u00e1logo con un conjunto de 11 pel\u00edculas, los trabajos aqu\u00ed reunidos se detienen en ciertas experiencias pol\u00edticas europeas que permiten trazar un recorrido posible por la historia de los derechos humanos: la Revoluci\u00f3n que devora a sus hijos, la pedagog\u00eda de la Alemania de preguerra, la decadencia de Weimer, la Shoa, el juicio a Eichmann en Jerusal\u00e9n, la palabra de los testigos sobre las ruinas de los campos, el espect\u00e1culo del horror y\u00a0 las huellas borradas de los inmigrantes en el nuevo esquema de la biopol\u00edtica mundial.<\/p>\n","protected":false},"excerpt":{"rendered":"<p>El libro re\u00fane una serie de reflexiones acerca de la pol\u00edtica y los derechos humanos, cuya materia y forma proviene primordialmente del cine. En di\u00e1logo con un conjunto de 11 pel\u00edculas, los trabajos aqu\u00ed reunidos se detienen en ciertas experiencias pol\u00edticas europeas que permiten trazar un recorrido posible por la historia de los derechos humanos: la Revoluci\u00f3n que devora a sus hijos, la pedagog\u00eda de la Alemania de preguerra, la decadencia de Weimer, la Shoa, el juicio a Eichmann en Jerusal\u00e9n, la palabra de los testigos sobre las ruinas de los campos, el espect\u00e1culo del horror y\u00a0 las huellas borradas de los inmigrantes en el nuevo esquema de la biopol\u00edtica mundial.<\/p>\n","protected":false},"featured_media":4577,"comment_status":"closed","ping_status":"closed","template":"","meta":{"_acf_changed":false,"colormag_page_container_layout":"default_layout","colormag_page_sidebar_layout":"default_layout"},"product_brand":[],"product_cat":[2225],"product_tag":[2513,1215,1234],"autor":[960,2515,536,2516,2518,341,2514,197,2517,2051],"editor":[],"traductor":[],"compilador":[2519,2520],"coordinador":[],"director":[],"class_list":{"0":"post-4574","1":"product","2":"type-product","3":"status-publish","4":"has-post-thumbnail","6":"product_cat-coleccion-40-anos-de-democracia","7":"product_tag-cine","8":"product_tag-derechos-humanos","9":"product_tag-politica","10":"autor-agustin-berti","11":"autor-amadeo-laguens","12":"autor-carlos-balzi","13":"autor-erika-licpcen","14":"autor-fernando-svetko","15":"autor-laura-arese","16":"autor-martin-iparraguirre","17":"autor-paula-hunziker","18":"autor-paula-maccario","19":"autor-sebastian-torres","20":"compilador-fernando-svetko","21":"compilador-laura-arese","23":"first","24":"instock","25":"shipping-taxable","26":"product-type-external"},"acf":[],"_links":{"self":[{"href":"https:\/\/ffyh.unc.edu.ar\/publicaciones\/wp-json\/wp\/v2\/product\/4574","targetHints":{"allow":["GET"]}}],"collection":[{"href":"https:\/\/ffyh.unc.edu.ar\/publicaciones\/wp-json\/wp\/v2\/product"}],"about":[{"href":"https:\/\/ffyh.unc.edu.ar\/publicaciones\/wp-json\/wp\/v2\/types\/product"}],"replies":[{"embeddable":true,"href":"https:\/\/ffyh.unc.edu.ar\/publicaciones\/wp-json\/wp\/v2\/comments?post=4574"}],"wp:featuredmedia":[{"embeddable":true,"href":"https:\/\/ffyh.unc.edu.ar\/publicaciones\/wp-json\/wp\/v2\/media\/4577"}],"wp:attachment":[{"href":"https:\/\/ffyh.unc.edu.ar\/publicaciones\/wp-json\/wp\/v2\/media?parent=4574"}],"wp:term":[{"taxonomy":"product_brand","embeddable":true,"href":"https:\/\/ffyh.unc.edu.ar\/publicaciones\/wp-json\/wp\/v2\/product_brand?post=4574"},{"taxonomy":"product_cat","embeddable":true,"href":"https:\/\/ffyh.unc.edu.ar\/publicaciones\/wp-json\/wp\/v2\/product_cat?post=4574"},{"taxonomy":"product_tag","embeddable":true,"href":"https:\/\/ffyh.unc.edu.ar\/publicaciones\/wp-json\/wp\/v2\/product_tag?post=4574"},{"taxonomy":"autor","embeddable":true,"href":"https:\/\/ffyh.unc.edu.ar\/publicaciones\/wp-json\/wp\/v2\/autor?post=4574"},{"taxonomy":"editor","embeddable":true,"href":"https:\/\/ffyh.unc.edu.ar\/publicaciones\/wp-json\/wp\/v2\/editor?post=4574"},{"taxonomy":"traductor","embeddable":true,"href":"https:\/\/ffyh.unc.edu.ar\/publicaciones\/wp-json\/wp\/v2\/traductor?post=4574"},{"taxonomy":"compilador","embeddable":true,"href":"https:\/\/ffyh.unc.edu.ar\/publicaciones\/wp-json\/wp\/v2\/compilador?post=4574"},{"taxonomy":"coordinador","embeddable":true,"href":"https:\/\/ffyh.unc.edu.ar\/publicaciones\/wp-json\/wp\/v2\/coordinador?post=4574"},{"taxonomy":"director","embeddable":true,"href":"https:\/\/ffyh.unc.edu.ar\/publicaciones\/wp-json\/wp\/v2\/director?post=4574"}],"curies":[{"name":"wp","href":"https:\/\/api.w.org\/{rel}","templated":true}]}}