{"id":4581,"date":"2024-12-19T12:25:09","date_gmt":"2024-12-19T15:25:09","guid":{"rendered":"https:\/\/ffyh.unc.edu.ar\/publicaciones\/?post_type=product&#038;p=4581"},"modified":"2024-12-19T12:25:10","modified_gmt":"2024-12-19T15:25:10","slug":"cine-politica-y-derechos-humanos-vol-ii","status":"publish","type":"product","link":"https:\/\/ffyh.unc.edu.ar\/publicaciones\/tienda\/publicaciones-de-la-editorial-de-la-ffyh\/coleccion-40-anos-de-democracia\/cine-politica-y-derechos-humanos-vol-ii\/","title":{"rendered":"Cine, pol\u00edtica y Derechos Humanos Vol II"},"content":{"rendered":"<p>El libro explora los caminos que nacen de un corpus de producci\u00f3n cinematogr\u00e1fica cordobesa en torno a los derechos humanos en general y a la \u00faltima dictadura militar argentina en particular -as\u00ed como a otros procesos de violencia pol\u00edtica latinoamericanos. Las pel\u00edculas <em>Palabras<\/em> (Mohaded), <em>Treinta y dos<\/em> (Mohaded), <em>La sensibilidad<\/em> (Scelso), <em>La sombra azul<\/em> (Schmucler), <em>Cuentas del alma<\/em> (Bomheker), <em>Sibila<\/em> (Arredondo) y <em>Fotos de Familia<\/em> (Izquierdo) son piezas vivas de un debate que recoge un abanico amplio de tem\u00e1ticas que se abordan aqu\u00ed: el testigo, el testimonio de los sobrevivientes, la \u201czonas grises\u201d, el cuestionamiento y la reivindicaci\u00f3n de la lucha armada, las tensiones entre \u00e9tica y pol\u00edtica, el problema de la responsabilidad, las diferencias intergeneracionales en la reconstrucci\u00f3n de la historia, el papel de las mujeres y la clase social en la reconstrucci\u00f3n de la memoria, entre otros. Plasmada en entrevistas y ensayos, quien lee podr\u00e1 encontrar tambi\u00e9n en este libro la palabra de los directores de estos films.<\/p>\n","protected":false},"excerpt":{"rendered":"<p>El libro explora los caminos que nacen de un corpus de producci\u00f3n cinematogr\u00e1fica cordobesa en torno a los derechos humanos<\/p>\n","protected":false},"featured_media":4583,"comment_status":"closed","ping_status":"closed","template":"","meta":{"_acf_changed":false,"colormag_page_container_layout":"default_layout","colormag_page_sidebar_layout":"default_layout"},"product_brand":[],"product_cat":[2225],"product_tag":[],"autor":[960,2522,536,2241,2518,2523,2524,341,507,2521,197,2517,2051,2525],"editor":[],"traductor":[],"compilador":[2519,2520],"coordinador":[],"director":[],"class_list":{"0":"post-4581","1":"product","2":"type-product","3":"status-publish","4":"has-post-thumbnail","6":"product_cat-coleccion-40-anos-de-democracia","7":"autor-agustin-berti","8":"autor-ana-mohaded","9":"autor-carlos-balzi","10":"autor-diego-tatian","11":"autor-fernando-svetko","12":"autor-francisco-sanchez","13":"autor-german-scelso","14":"autor-laura-arese","15":"autor-liliana-pereyra","16":"autor-mario-bomheker","17":"autor-paula-hunziker","18":"autor-paula-maccario","19":"autor-sebastian-torres","20":"autor-sergio-schmucler","21":"compilador-fernando-svetko","22":"compilador-laura-arese","24":"first","25":"instock","26":"shipping-taxable","27":"product-type-external"},"acf":[],"_links":{"self":[{"href":"https:\/\/ffyh.unc.edu.ar\/publicaciones\/wp-json\/wp\/v2\/product\/4581","targetHints":{"allow":["GET"]}}],"collection":[{"href":"https:\/\/ffyh.unc.edu.ar\/publicaciones\/wp-json\/wp\/v2\/product"}],"about":[{"href":"https:\/\/ffyh.unc.edu.ar\/publicaciones\/wp-json\/wp\/v2\/types\/product"}],"replies":[{"embeddable":true,"href":"https:\/\/ffyh.unc.edu.ar\/publicaciones\/wp-json\/wp\/v2\/comments?post=4581"}],"wp:featuredmedia":[{"embeddable":true,"href":"https:\/\/ffyh.unc.edu.ar\/publicaciones\/wp-json\/wp\/v2\/media\/4583"}],"wp:attachment":[{"href":"https:\/\/ffyh.unc.edu.ar\/publicaciones\/wp-json\/wp\/v2\/media?parent=4581"}],"wp:term":[{"taxonomy":"product_brand","embeddable":true,"href":"https:\/\/ffyh.unc.edu.ar\/publicaciones\/wp-json\/wp\/v2\/product_brand?post=4581"},{"taxonomy":"product_cat","embeddable":true,"href":"https:\/\/ffyh.unc.edu.ar\/publicaciones\/wp-json\/wp\/v2\/product_cat?post=4581"},{"taxonomy":"product_tag","embeddable":true,"href":"https:\/\/ffyh.unc.edu.ar\/publicaciones\/wp-json\/wp\/v2\/product_tag?post=4581"},{"taxonomy":"autor","embeddable":true,"href":"https:\/\/ffyh.unc.edu.ar\/publicaciones\/wp-json\/wp\/v2\/autor?post=4581"},{"taxonomy":"editor","embeddable":true,"href":"https:\/\/ffyh.unc.edu.ar\/publicaciones\/wp-json\/wp\/v2\/editor?post=4581"},{"taxonomy":"traductor","embeddable":true,"href":"https:\/\/ffyh.unc.edu.ar\/publicaciones\/wp-json\/wp\/v2\/traductor?post=4581"},{"taxonomy":"compilador","embeddable":true,"href":"https:\/\/ffyh.unc.edu.ar\/publicaciones\/wp-json\/wp\/v2\/compilador?post=4581"},{"taxonomy":"coordinador","embeddable":true,"href":"https:\/\/ffyh.unc.edu.ar\/publicaciones\/wp-json\/wp\/v2\/coordinador?post=4581"},{"taxonomy":"director","embeddable":true,"href":"https:\/\/ffyh.unc.edu.ar\/publicaciones\/wp-json\/wp\/v2\/director?post=4581"}],"curies":[{"name":"wp","href":"https:\/\/api.w.org\/{rel}","templated":true}]}}