{"id":4659,"date":"2025-03-25T12:38:17","date_gmt":"2025-03-25T15:38:17","guid":{"rendered":"https:\/\/ffyh.unc.edu.ar\/publicaciones\/?post_type=product&#038;p=4659"},"modified":"2025-03-31T10:30:20","modified_gmt":"2025-03-31T13:30:20","slug":"ante-pasados-y-futuros-premio-internacional-ensayos-humanidades-ciencias-sociales-y-derechos-humanos","status":"publish","type":"product","link":"https:\/\/ffyh.unc.edu.ar\/publicaciones\/tienda\/publicaciones-de-ddhh-y-genero\/ante-pasados-y-futuros-premio-internacional-ensayos-humanidades-ciencias-sociales-y-derechos-humanos\/","title":{"rendered":"Ante Pasados y Futuros"},"content":{"rendered":"<p>La Facultad de Filosof\u00eda y Humanidades de la Universidad Nacional de C\u00f3rdoba, a trav\u00e9s de su Programa de Derechos Humanos, cre\u00f3 el Premio Internacional de Humanidades, Ciencias Sociales y Derechos Humanos. Desde el Programa de DDHH, se impuls\u00f3 este premio en virtud de los aportes que las Humanidades y las Ciencias Sociales pueden brindar al campo de la investigaci\u00f3n y la intervenci\u00f3n para la conquista y defensa de derechos, recuperando la centralidad de los DDHH en la agenda p\u00fablica desde el potencial cr\u00edtico de los DDHH y la necesidad de su actualizaci\u00f3n permanente para contribuir a la reflexi\u00f3n desde el presente.\u00a0 Este libro re\u00fane trabajos de la segunda convocatoria\u00a0 del premio, la cual resultaron premiados los autores que integran esta publicaci\u00f3n.<\/p>\n","protected":false},"excerpt":{"rendered":"<p>Este libro re\u00fane trabajos de la segunda convocatoria\u00a0 del\u00a0 \u00abPremio Internacional de Humanidades, Ciencias Sociales y Derechos Humanos\u00bb.<\/p>\n<p>Se impuls\u00f3 este premio en virtud de los aportes que las Humanidades y las Ciencias Sociales pueden brindar al campo de la investigaci\u00f3n y la intervenci\u00f3n para la conquista y defensa de derechos, recuperando la centralidad de los DDHH en la agenda p\u00fablica desde el potencial cr\u00edtico de los DDHH y la necesidad de su actualizaci\u00f3n permanente para contribuir a la reflexi\u00f3n desde el presente<\/p>\n","protected":false},"featured_media":4662,"comment_status":"closed","ping_status":"closed","template":"","meta":{"_acf_changed":false,"colormag_page_container_layout":"default_layout","colormag_page_sidebar_layout":"default_layout"},"product_brand":[],"product_cat":[1335],"product_tag":[1106,1215],"autor":[2539,2543,2537,2538,2540,2541,2542],"editor":[2536,359,2292],"traductor":[],"compilador":[],"coordinador":[],"director":[],"class_list":{"0":"post-4659","1":"product","2":"type-product","3":"status-publish","4":"has-post-thumbnail","6":"product_cat-publicaciones-de-ddhh-y-genero","7":"product_tag-ciencias-sociales","8":"product_tag-derechos-humanos","9":"autor-blas-radi","10":"autor-camila-mendoza","11":"autor-diana-lenton","12":"autor-fernando-guerrero-maruri","13":"autor-lucas-ezequiel-bruno","14":"autor-lucia-rios","15":"autor-silvia-y-fiorella-nataloni","16":"editor-ana-levstein","17":"editor-laura-arese","18":"editor-victoria-chabrando","20":"first","21":"instock","22":"shipping-taxable","23":"product-type-external"},"acf":[],"_links":{"self":[{"href":"https:\/\/ffyh.unc.edu.ar\/publicaciones\/wp-json\/wp\/v2\/product\/4659","targetHints":{"allow":["GET"]}}],"collection":[{"href":"https:\/\/ffyh.unc.edu.ar\/publicaciones\/wp-json\/wp\/v2\/product"}],"about":[{"href":"https:\/\/ffyh.unc.edu.ar\/publicaciones\/wp-json\/wp\/v2\/types\/product"}],"replies":[{"embeddable":true,"href":"https:\/\/ffyh.unc.edu.ar\/publicaciones\/wp-json\/wp\/v2\/comments?post=4659"}],"wp:featuredmedia":[{"embeddable":true,"href":"https:\/\/ffyh.unc.edu.ar\/publicaciones\/wp-json\/wp\/v2\/media\/4662"}],"wp:attachment":[{"href":"https:\/\/ffyh.unc.edu.ar\/publicaciones\/wp-json\/wp\/v2\/media?parent=4659"}],"wp:term":[{"taxonomy":"product_brand","embeddable":true,"href":"https:\/\/ffyh.unc.edu.ar\/publicaciones\/wp-json\/wp\/v2\/product_brand?post=4659"},{"taxonomy":"product_cat","embeddable":true,"href":"https:\/\/ffyh.unc.edu.ar\/publicaciones\/wp-json\/wp\/v2\/product_cat?post=4659"},{"taxonomy":"product_tag","embeddable":true,"href":"https:\/\/ffyh.unc.edu.ar\/publicaciones\/wp-json\/wp\/v2\/product_tag?post=4659"},{"taxonomy":"autor","embeddable":true,"href":"https:\/\/ffyh.unc.edu.ar\/publicaciones\/wp-json\/wp\/v2\/autor?post=4659"},{"taxonomy":"editor","embeddable":true,"href":"https:\/\/ffyh.unc.edu.ar\/publicaciones\/wp-json\/wp\/v2\/editor?post=4659"},{"taxonomy":"traductor","embeddable":true,"href":"https:\/\/ffyh.unc.edu.ar\/publicaciones\/wp-json\/wp\/v2\/traductor?post=4659"},{"taxonomy":"compilador","embeddable":true,"href":"https:\/\/ffyh.unc.edu.ar\/publicaciones\/wp-json\/wp\/v2\/compilador?post=4659"},{"taxonomy":"coordinador","embeddable":true,"href":"https:\/\/ffyh.unc.edu.ar\/publicaciones\/wp-json\/wp\/v2\/coordinador?post=4659"},{"taxonomy":"director","embeddable":true,"href":"https:\/\/ffyh.unc.edu.ar\/publicaciones\/wp-json\/wp\/v2\/director?post=4659"}],"curies":[{"name":"wp","href":"https:\/\/api.w.org\/{rel}","templated":true}]}}