{"id":4664,"date":"2025-03-25T13:11:04","date_gmt":"2025-03-25T16:11:04","guid":{"rendered":"https:\/\/ffyh.unc.edu.ar\/publicaciones\/?post_type=product&#038;p=4664"},"modified":"2025-04-01T12:08:29","modified_gmt":"2025-04-01T15:08:29","slug":"7-congreso-genero-y-sociedad-tramar-la-imaginacion-feminista-politicas-eroticas-y-poeticas-en-nuestramerica","status":"publish","type":"product","link":"https:\/\/ffyh.unc.edu.ar\/publicaciones\/tienda\/publicaciones-de-ddhh-y-genero\/7-congreso-genero-y-sociedad-tramar-la-imaginacion-feminista-politicas-eroticas-y-poeticas-en-nuestramerica\/","title":{"rendered":"7\u00b0 Congreso G\u00e9nero y Sociedad. \u201cTramar la imaginaci\u00f3n feminista, pol\u00edticas, er\u00f3ticas y po\u00e9ticas en Nuestram\u00e9rica"},"content":{"rendered":"<p>La presente compilaci\u00f3n de trabajos presentados en el 7\u00ba Congreso G\u00e9nero y Sociedad: Tramar la imaginaci\u00f3n feminista; pol\u00edticas, er\u00f3ticas y po\u00e9ticas en Nuestram\u00e9rica proponen un di\u00e1logo situado para reflexionar en torno al recrudecimiento y visibilizaci\u00f3n de las desigualdades estructurales que vivimos en nuestros territorios junto a pol\u00edticas p\u00fablicas que sostienen el endeudamiento, las m\u00faltiples formas de explotaci\u00f3n, extractivismo y terricidio.\u00a0 Conjuntamente con estos procesos se visualiza la pregnancia y la radicalizaci\u00f3n de pensamientos y pr\u00e1cticas neoliberales, al mismo tiempo que conservadoras y fascistas, en la cotidianeidad de distintos sectores de la sociedad, que refuerzan y reifican las matrices heteronormativas, clasistas, racistas, especistas, individualistas y capacitistas. Estas pr\u00e1cticas desarrollan formas de injusticias y violencias que afectan el acceso a nuestros derechos y al despliegue de vidas vivibles. Adem\u00e1s obturan, fragilizan y desmontan la posibilidad de construcciones colectivas sobre lo com\u00fan y lo p\u00fablico desde horizontes transformadores, que los feminismos y transfeminismos vienen aportando desde la restituci\u00f3n de la democracia en Argentina.<\/p>\n","protected":false},"excerpt":{"rendered":"<p>La presente compilaci\u00f3n de trabajos presentados en el 7\u00ba Congreso G\u00e9nero y Sociedad: Tramar la imaginaci\u00f3n feminista; pol\u00edticas, er\u00f3ticas y po\u00e9ticas en Nuestram\u00e9rica proponen un di\u00e1logo situado para reflexionar en torno al recrudecimiento y visibilizaci\u00f3n de las desigualdades estructurales que vivimos en nuestros territorios junto a pol\u00edticas p\u00fablicas que sostienen el endeudamiento, las m\u00faltiples formas de explotaci\u00f3n, extractivismo y terricidio.\u00a0 Conjuntamente con estos procesos se visualiza la pregnancia y la radicalizaci\u00f3n de pensamientos y pr\u00e1cticas neoliberales, al mismo tiempo que conservadoras y fascistas, en la cotidianeidad de distintos sectores de la sociedad, que refuerzan y reifican las matrices heteronormativas, clasistas, racistas, especistas, individualistas y capacitistas<\/p>\n","protected":false},"featured_media":4666,"comment_status":"closed","ping_status":"closed","template":"","meta":{"_acf_changed":false,"colormag_page_container_layout":"default_layout","colormag_page_sidebar_layout":"default_layout"},"product_brand":[],"product_cat":[1335],"product_tag":[2546,2545,2544],"autor":[],"editor":[],"traductor":[],"compilador":[],"coordinador":[2547],"director":[],"class_list":{"0":"post-4664","1":"product","2":"type-product","3":"status-publish","4":"has-post-thumbnail","6":"product_cat-publicaciones-de-ddhh-y-genero","7":"product_tag-eroticas-feministas","8":"product_tag-poeticas-feministas","9":"product_tag-politicas-feministas","10":"coordinador-ivana-puche","12":"first","13":"instock","14":"shipping-taxable","15":"product-type-external"},"acf":[],"_links":{"self":[{"href":"https:\/\/ffyh.unc.edu.ar\/publicaciones\/wp-json\/wp\/v2\/product\/4664","targetHints":{"allow":["GET"]}}],"collection":[{"href":"https:\/\/ffyh.unc.edu.ar\/publicaciones\/wp-json\/wp\/v2\/product"}],"about":[{"href":"https:\/\/ffyh.unc.edu.ar\/publicaciones\/wp-json\/wp\/v2\/types\/product"}],"replies":[{"embeddable":true,"href":"https:\/\/ffyh.unc.edu.ar\/publicaciones\/wp-json\/wp\/v2\/comments?post=4664"}],"wp:featuredmedia":[{"embeddable":true,"href":"https:\/\/ffyh.unc.edu.ar\/publicaciones\/wp-json\/wp\/v2\/media\/4666"}],"wp:attachment":[{"href":"https:\/\/ffyh.unc.edu.ar\/publicaciones\/wp-json\/wp\/v2\/media?parent=4664"}],"wp:term":[{"taxonomy":"product_brand","embeddable":true,"href":"https:\/\/ffyh.unc.edu.ar\/publicaciones\/wp-json\/wp\/v2\/product_brand?post=4664"},{"taxonomy":"product_cat","embeddable":true,"href":"https:\/\/ffyh.unc.edu.ar\/publicaciones\/wp-json\/wp\/v2\/product_cat?post=4664"},{"taxonomy":"product_tag","embeddable":true,"href":"https:\/\/ffyh.unc.edu.ar\/publicaciones\/wp-json\/wp\/v2\/product_tag?post=4664"},{"taxonomy":"autor","embeddable":true,"href":"https:\/\/ffyh.unc.edu.ar\/publicaciones\/wp-json\/wp\/v2\/autor?post=4664"},{"taxonomy":"editor","embeddable":true,"href":"https:\/\/ffyh.unc.edu.ar\/publicaciones\/wp-json\/wp\/v2\/editor?post=4664"},{"taxonomy":"traductor","embeddable":true,"href":"https:\/\/ffyh.unc.edu.ar\/publicaciones\/wp-json\/wp\/v2\/traductor?post=4664"},{"taxonomy":"compilador","embeddable":true,"href":"https:\/\/ffyh.unc.edu.ar\/publicaciones\/wp-json\/wp\/v2\/compilador?post=4664"},{"taxonomy":"coordinador","embeddable":true,"href":"https:\/\/ffyh.unc.edu.ar\/publicaciones\/wp-json\/wp\/v2\/coordinador?post=4664"},{"taxonomy":"director","embeddable":true,"href":"https:\/\/ffyh.unc.edu.ar\/publicaciones\/wp-json\/wp\/v2\/director?post=4664"}],"curies":[{"name":"wp","href":"https:\/\/api.w.org\/{rel}","templated":true}]}}