{"id":4869,"date":"2025-05-30T10:23:14","date_gmt":"2025-05-30T13:23:14","guid":{"rendered":"https:\/\/ffyh.unc.edu.ar\/publicaciones\/?post_type=product&#038;p=4869"},"modified":"2025-05-30T10:23:15","modified_gmt":"2025-05-30T13:23:15","slug":"primeras-jornadas-de-teorias-tortilleras-memorias-errancias-y-visceras-conceptuales","status":"publish","type":"product","link":"https:\/\/ffyh.unc.edu.ar\/publicaciones\/tienda\/publicaciones-de-ddhh-y-genero\/primeras-jornadas-de-teorias-tortilleras-memorias-errancias-y-visceras-conceptuales\/","title":{"rendered":"Primeras jornadas de teor\u00edas tortilleras. Memorias, errancias y v\u00edsceras conceptuales"},"content":{"rendered":"<p>Este volumen re\u00fane trabajos presentados en las Primeras Jornadas de Teor\u00edas Tortilleras que se realizaron en la Facultad de Filosof\u00eda y Humanidades de la Universidad Nacional de C\u00f3rdoba en mayo del 2024. Las Jornadas surgieron del deseo y la urgencia de rastrear aportes tortilleros que nutren las teor\u00edas e irrumpen en la academia, entendida como lugar de producci\u00f3n de sentidos y circulaci\u00f3n de saberes en di\u00e1logo con nuestros activismos. Estas Actas plasman la diversidad y exploraci\u00f3n alojadas en las Jornadas. Compartimos la tarea de recuperar voces del pasado, reconstruir nuestra genealog\u00eda, reformular conceptos y reimaginarnos. Este archivo recupera el deseo de teor\u00eda como impulso irreverente de pregunta y cuestionamiento del mundo en que vivimos. Tambi\u00e9n es un modo de habitar las fronteras de lo l\u00e9sbico: con lo bisexual, lo trans, lo no binarie, con pr\u00e1cticas y orientaciones sexuales que desbordan la promesa identitaria. As\u00ed, las teor\u00edas tortilleras aparecen como espacio a la vez acogedor y abierto, que no pretende resolver sus tensiones sino volverlas potentes, habitables.<\/p>\n","protected":false},"excerpt":{"rendered":"<p>Este volumen re\u00fane trabajos presentados en las Primeras Jornadas de Teor\u00edas Tortilleras que se realizaron en la Facultad de Filosof\u00eda y Humanidades de la Universidad Nacional de C\u00f3rdoba en mayo del 2024. Las Jornadas surgieron del deseo y la urgencia de rastrear aportes tortilleros que nutren las teor\u00edas e irrumpen en la academia, entendida como lugar de producci\u00f3n de sentidos y circulaci\u00f3n de saberes en di\u00e1logo con nuestros activismos. Estas Actas plasman la diversidad y exploraci\u00f3n alojadas en las Jornadas.<\/p>\n","protected":false},"featured_media":4870,"comment_status":"closed","ping_status":"closed","template":"","meta":{"_acf_changed":false,"colormag_page_container_layout":"default_layout","colormag_page_sidebar_layout":"default_layout"},"product_brand":[],"product_cat":[1335],"product_tag":[],"autor":[1890,2599,2600,2598],"editor":[],"traductor":[],"compilador":[],"coordinador":[],"director":[],"class_list":{"0":"post-4869","1":"product","2":"type-product","3":"status-publish","4":"has-post-thumbnail","6":"product_cat-publicaciones-de-ddhh-y-genero","7":"autor-ianina-moretti-basso","8":"autor-mariana-gardella","9":"autor-moretti-basso","10":"autor-virginia-cano","12":"first","13":"instock","14":"shipping-taxable","15":"product-type-external"},"acf":[],"_links":{"self":[{"href":"https:\/\/ffyh.unc.edu.ar\/publicaciones\/wp-json\/wp\/v2\/product\/4869","targetHints":{"allow":["GET"]}}],"collection":[{"href":"https:\/\/ffyh.unc.edu.ar\/publicaciones\/wp-json\/wp\/v2\/product"}],"about":[{"href":"https:\/\/ffyh.unc.edu.ar\/publicaciones\/wp-json\/wp\/v2\/types\/product"}],"replies":[{"embeddable":true,"href":"https:\/\/ffyh.unc.edu.ar\/publicaciones\/wp-json\/wp\/v2\/comments?post=4869"}],"wp:featuredmedia":[{"embeddable":true,"href":"https:\/\/ffyh.unc.edu.ar\/publicaciones\/wp-json\/wp\/v2\/media\/4870"}],"wp:attachment":[{"href":"https:\/\/ffyh.unc.edu.ar\/publicaciones\/wp-json\/wp\/v2\/media?parent=4869"}],"wp:term":[{"taxonomy":"product_brand","embeddable":true,"href":"https:\/\/ffyh.unc.edu.ar\/publicaciones\/wp-json\/wp\/v2\/product_brand?post=4869"},{"taxonomy":"product_cat","embeddable":true,"href":"https:\/\/ffyh.unc.edu.ar\/publicaciones\/wp-json\/wp\/v2\/product_cat?post=4869"},{"taxonomy":"product_tag","embeddable":true,"href":"https:\/\/ffyh.unc.edu.ar\/publicaciones\/wp-json\/wp\/v2\/product_tag?post=4869"},{"taxonomy":"autor","embeddable":true,"href":"https:\/\/ffyh.unc.edu.ar\/publicaciones\/wp-json\/wp\/v2\/autor?post=4869"},{"taxonomy":"editor","embeddable":true,"href":"https:\/\/ffyh.unc.edu.ar\/publicaciones\/wp-json\/wp\/v2\/editor?post=4869"},{"taxonomy":"traductor","embeddable":true,"href":"https:\/\/ffyh.unc.edu.ar\/publicaciones\/wp-json\/wp\/v2\/traductor?post=4869"},{"taxonomy":"compilador","embeddable":true,"href":"https:\/\/ffyh.unc.edu.ar\/publicaciones\/wp-json\/wp\/v2\/compilador?post=4869"},{"taxonomy":"coordinador","embeddable":true,"href":"https:\/\/ffyh.unc.edu.ar\/publicaciones\/wp-json\/wp\/v2\/coordinador?post=4869"},{"taxonomy":"director","embeddable":true,"href":"https:\/\/ffyh.unc.edu.ar\/publicaciones\/wp-json\/wp\/v2\/director?post=4869"}],"curies":[{"name":"wp","href":"https:\/\/api.w.org\/{rel}","templated":true}]}}