{"id":4896,"date":"2025-06-13T09:43:29","date_gmt":"2025-06-13T12:43:29","guid":{"rendered":"https:\/\/ffyh.unc.edu.ar\/publicaciones\/?post_type=product&#038;p=4896"},"modified":"2025-06-13T09:43:30","modified_gmt":"2025-06-13T12:43:30","slug":"epistemologia-e-historia-de-la-astronomia-vol-ii","status":"publish","type":"product","link":"https:\/\/ffyh.unc.edu.ar\/publicaciones\/tienda\/publicaciones-de-investigacion\/ciffyh\/colecciones-del-ciffyh\/epistemologia-e-historia-de-la-astronomia-vol-ii\/","title":{"rendered":"Epistemolog\u00eda e Historia de la Astronom\u00eda . Vol II"},"content":{"rendered":"<p><span style=\"font-weight: 400\">Esta publicaci\u00f3n re\u00fane una selecci\u00f3n de trabajos presentados en las Segundas Jornadas de Epistemolog\u00eda e Historia de la Astronom\u00eda (JEHA-II), las cuales se realizaron en modalidad h\u00edbrida (presencial y virtual) los d\u00edas 23 y 24 de noviembre del a\u00f1o 2023 en el auditorio del Observatorio Astron\u00f3mico de la Universidad Nacional de C\u00f3rdoba, Argentina. Los art\u00edculos incluidos en este volumen contribuyen a la creaci\u00f3n y consolidaci\u00f3n de \u00e1mbitos espec\u00edficos de trabajo interdisciplinario, cruzando intereses tanto por la astronom\u00eda como disciplina cient\u00edfica, como por la historia y la reflexi\u00f3n epistemol\u00f3gica, entre otras \u00e1reas afines como la museolog\u00eda, la astronom\u00eda cultural y la educaci\u00f3n.<\/span><\/p>\n","protected":false},"excerpt":{"rendered":"<p><span style=\"font-weight: 400\">Esta publicaci\u00f3n re\u00fane una selecci\u00f3n de trabajos presentados en las Segundas Jornadas de Epistemolog\u00eda e Historia de la Astronom\u00eda (JEHA-II), las cuales se realizaron en modalidad h\u00edbrida (presencial y virtual) los d\u00edas 23 y 24 de noviembre del a\u00f1o 2023 en el auditorio del Observatorio Astron\u00f3mico de la Universidad Nacional de C\u00f3rdoba, Argentina. Los art\u00edculos incluidos en este volumen contribuyen a la creaci\u00f3n y consolidaci\u00f3n de \u00e1mbitos espec\u00edficos de trabajo interdisciplinario, cruzando intereses tanto por la astronom\u00eda como disciplina cient\u00edfica, como por la historia y la reflexi\u00f3n epistemol\u00f3gica, entre otras \u00e1reas afines como la museolog\u00eda, la astronom\u00eda cultural y la educaci\u00f3n.<\/span><\/p>\n","protected":false},"featured_media":4894,"comment_status":"closed","ping_status":"closed","template":"","meta":{"_acf_changed":false,"colormag_page_container_layout":"default_layout","colormag_page_sidebar_layout":"default_layout"},"product_brand":[],"product_cat":[31],"product_tag":[1709,2620],"autor":[2623,1712,2630,2627,119,2632,2188,2628,2622,2637,153,2631,2621,1714,118,2624,1720,2625,2634,124,1722,2629,2626,2636,1721,2633,2635,1726,160,117,1719],"editor":[2618,2617,2619],"traductor":[],"compilador":[],"coordinador":[],"director":[],"class_list":{"0":"post-4896","1":"product","2":"type-product","3":"status-publish","4":"has-post-thumbnail","6":"product_cat-colecciones-del-ciffyh","7":"product_tag-astronomia","8":"product_tag-astronomia-cultural","9":"autor-agustin-ramos-costa","10":"autor-alejandro-cassini","11":"autor-alejandro-m-lopez","12":"autor-anastasia-guidi","13":"autor-andres-ilcic","14":"autor-armando-mudrik","15":"autor-barbara-paez-sueldo","16":"autor-catalina-hynes","17":"autor-fernando-gandolfi","18":"autor-fiama-villa","19":"autor-gabriel-paravano","20":"autor-hernan-miguel","21":"autor-ileana-chinnici","22":"autor-jose-g-funes","23":"autor-julian-reynoso","24":"autor-laura-n-garcia","25":"autor-lydia-cidale","26":"autor-marcela-saavedra","27":"autor-matilde-iannuzzi","28":"autor-maximiliano-bozzoli","29":"autor-monica-lopez","30":"autor-pedro-w-lamberti","31":"autor-rafael-girola-schneider","32":"autor-robert-w-smith","33":"autor-roberto-gamen","34":"autor-romina-peralta","35":"autor-sandra-l-ponce","36":"autor-santiago-paolantonio","37":"autor-victor-rodriguez","38":"autor-xavier-huvelle","39":"autor-yael-aidelman","40":"editor-david-merlo","41":"editor-maximiliano-bozzoli","42":"editor-santiago-paolantonio","44":"first","45":"instock","46":"shipping-taxable","47":"product-type-external"},"acf":[],"_links":{"self":[{"href":"https:\/\/ffyh.unc.edu.ar\/publicaciones\/wp-json\/wp\/v2\/product\/4896","targetHints":{"allow":["GET"]}}],"collection":[{"href":"https:\/\/ffyh.unc.edu.ar\/publicaciones\/wp-json\/wp\/v2\/product"}],"about":[{"href":"https:\/\/ffyh.unc.edu.ar\/publicaciones\/wp-json\/wp\/v2\/types\/product"}],"replies":[{"embeddable":true,"href":"https:\/\/ffyh.unc.edu.ar\/publicaciones\/wp-json\/wp\/v2\/comments?post=4896"}],"wp:featuredmedia":[{"embeddable":true,"href":"https:\/\/ffyh.unc.edu.ar\/publicaciones\/wp-json\/wp\/v2\/media\/4894"}],"wp:attachment":[{"href":"https:\/\/ffyh.unc.edu.ar\/publicaciones\/wp-json\/wp\/v2\/media?parent=4896"}],"wp:term":[{"taxonomy":"product_brand","embeddable":true,"href":"https:\/\/ffyh.unc.edu.ar\/publicaciones\/wp-json\/wp\/v2\/product_brand?post=4896"},{"taxonomy":"product_cat","embeddable":true,"href":"https:\/\/ffyh.unc.edu.ar\/publicaciones\/wp-json\/wp\/v2\/product_cat?post=4896"},{"taxonomy":"product_tag","embeddable":true,"href":"https:\/\/ffyh.unc.edu.ar\/publicaciones\/wp-json\/wp\/v2\/product_tag?post=4896"},{"taxonomy":"autor","embeddable":true,"href":"https:\/\/ffyh.unc.edu.ar\/publicaciones\/wp-json\/wp\/v2\/autor?post=4896"},{"taxonomy":"editor","embeddable":true,"href":"https:\/\/ffyh.unc.edu.ar\/publicaciones\/wp-json\/wp\/v2\/editor?post=4896"},{"taxonomy":"traductor","embeddable":true,"href":"https:\/\/ffyh.unc.edu.ar\/publicaciones\/wp-json\/wp\/v2\/traductor?post=4896"},{"taxonomy":"compilador","embeddable":true,"href":"https:\/\/ffyh.unc.edu.ar\/publicaciones\/wp-json\/wp\/v2\/compilador?post=4896"},{"taxonomy":"coordinador","embeddable":true,"href":"https:\/\/ffyh.unc.edu.ar\/publicaciones\/wp-json\/wp\/v2\/coordinador?post=4896"},{"taxonomy":"director","embeddable":true,"href":"https:\/\/ffyh.unc.edu.ar\/publicaciones\/wp-json\/wp\/v2\/director?post=4896"}],"curies":[{"name":"wp","href":"https:\/\/api.w.org\/{rel}","templated":true}]}}