{"id":4899,"date":"2025-06-17T10:17:51","date_gmt":"2025-06-17T13:17:51","guid":{"rendered":"https:\/\/ffyh.unc.edu.ar\/publicaciones\/?post_type=product&#038;p=4899"},"modified":"2025-06-17T10:17:52","modified_gmt":"2025-06-17T13:17:52","slug":"el-collar-de-perlas-en-torno-al-concepto-de-estilo-en-la-literatura-contemporanea","status":"publish","type":"product","link":"https:\/\/ffyh.unc.edu.ar\/publicaciones\/tienda\/publicaciones-de-investigacion\/ciffyh\/colecciones-del-ciffyh\/el-collar-de-perlas-en-torno-al-concepto-de-estilo-en-la-literatura-contemporanea\/","title":{"rendered":"El collar de perlas. En torno al concepto de estilo en la literatura contempor\u00e1nea"},"content":{"rendered":"<p><span style=\"font-weight: 400\">\u00a0<\/span><span style=\"font-weight: 400\">El concepto de estilo forma parte de las conversaciones formales e informales sobre literatura, pero resulta dif\u00edcil definirlo con precisi\u00f3n te\u00f3rica. Los art\u00edculos de este libro abordan el t\u00e9rmino, con sus ambig\u00fcedades y sus contradicciones, entendiendo que es un componente clave de la modernidad literaria, fundamental para entender los procesos de autonomizacion del arte \u2013y tambi\u00e9n los procesos que ponen en tensi\u00f3n est\u00e1 autonom\u00eda\u2013. Intentar teorizar tanto sobre esta noci\u00f3n escurridiza es hacer protagonistas a los textos literarios, mostrando su individualidad, su autenticidad y su particularidad en medio de din\u00e1micas acad\u00e9micas que pretenden llevarnos por el camino de la confirmaci\u00f3n de teor\u00edas a trav\u00e9s de la ejemplificaci\u00f3n de \u201ccasos literarios\u201d. Estudiar el estilo es aprender a leer literatura de nuevo, por oposici\u00f3n al reconocimiento sistem\u00e1tico de algoritmos discursivos; es rehumanizarse en un campo en el que la apreciaci\u00f3n est\u00e9tica es asaltada por una l\u00f3gica mercantil y maqu\u00ednica. En tiempos en que la correcci\u00f3n pol\u00edtica vuelve a convertirse en patr\u00f3n de lectura y de circulaci\u00f3n de la literatura, el concepto de estilo, virtualmente desechado o condenado a un uso impreciso y coloquial, reviste una potencia de rebeld\u00eda e intervenci\u00f3n de la que pueden surgir reflexiones novedosas.<\/span><\/p>\n","protected":false},"excerpt":{"rendered":"<p><span style=\"font-weight: 400\">\u00a0<\/span><span style=\"font-weight: 400\">El concepto de estilo forma parte de las conversaciones formales e informales sobre literatura, pero resulta dif\u00edcil definirlo con precisi\u00f3n te\u00f3rica. Los art\u00edculos de este libro abordan el t\u00e9rmino, con sus ambig\u00fcedades y sus contradicciones, entendiendo que es un componente clave de la modernidad literaria, fundamental para entender los procesos de autonomizacion del arte \u2013y tambi\u00e9n los procesos que ponen en tensi\u00f3n est\u00e1 autonom\u00eda\u2013.<\/span><\/p>\n","protected":false},"featured_media":4897,"comment_status":"closed","ping_status":"closed","template":"","meta":{"_acf_changed":false,"colormag_page_container_layout":"default_layout","colormag_page_sidebar_layout":"default_layout"},"product_brand":[],"product_cat":[31],"product_tag":[1777],"autor":[2645,2644,2643,2640,2641,2646,2638,2647,2639,2642],"editor":[],"traductor":[],"compilador":[2648,2649,2650],"coordinador":[],"director":[],"class_list":{"0":"post-4899","1":"product","2":"type-product","3":"status-publish","4":"has-post-thumbnail","6":"product_cat-colecciones-del-ciffyh","7":"product_tag-literatura-contemporanea","8":"autor-emilia-garcia-pepellin","9":"autor-francisco-martinez","10":"autor-francisco-salaris","11":"autor-julieta-videla-martinez","12":"autor-luca-marzolla","13":"autor-lucia-carballo","14":"autor-malena-ferranti-castellano","15":"autor-martina-gonzalez-canovas","16":"autor-natalia-paczko","17":"autor-valentin-brito","18":"compilador-francisco-salaris","19":"compilador-julieta-videla-martinez","20":"compilador-luca-marzolla","22":"first","23":"instock","24":"shipping-taxable","25":"product-type-external"},"acf":[],"_links":{"self":[{"href":"https:\/\/ffyh.unc.edu.ar\/publicaciones\/wp-json\/wp\/v2\/product\/4899","targetHints":{"allow":["GET"]}}],"collection":[{"href":"https:\/\/ffyh.unc.edu.ar\/publicaciones\/wp-json\/wp\/v2\/product"}],"about":[{"href":"https:\/\/ffyh.unc.edu.ar\/publicaciones\/wp-json\/wp\/v2\/types\/product"}],"replies":[{"embeddable":true,"href":"https:\/\/ffyh.unc.edu.ar\/publicaciones\/wp-json\/wp\/v2\/comments?post=4899"}],"wp:featuredmedia":[{"embeddable":true,"href":"https:\/\/ffyh.unc.edu.ar\/publicaciones\/wp-json\/wp\/v2\/media\/4897"}],"wp:attachment":[{"href":"https:\/\/ffyh.unc.edu.ar\/publicaciones\/wp-json\/wp\/v2\/media?parent=4899"}],"wp:term":[{"taxonomy":"product_brand","embeddable":true,"href":"https:\/\/ffyh.unc.edu.ar\/publicaciones\/wp-json\/wp\/v2\/product_brand?post=4899"},{"taxonomy":"product_cat","embeddable":true,"href":"https:\/\/ffyh.unc.edu.ar\/publicaciones\/wp-json\/wp\/v2\/product_cat?post=4899"},{"taxonomy":"product_tag","embeddable":true,"href":"https:\/\/ffyh.unc.edu.ar\/publicaciones\/wp-json\/wp\/v2\/product_tag?post=4899"},{"taxonomy":"autor","embeddable":true,"href":"https:\/\/ffyh.unc.edu.ar\/publicaciones\/wp-json\/wp\/v2\/autor?post=4899"},{"taxonomy":"editor","embeddable":true,"href":"https:\/\/ffyh.unc.edu.ar\/publicaciones\/wp-json\/wp\/v2\/editor?post=4899"},{"taxonomy":"traductor","embeddable":true,"href":"https:\/\/ffyh.unc.edu.ar\/publicaciones\/wp-json\/wp\/v2\/traductor?post=4899"},{"taxonomy":"compilador","embeddable":true,"href":"https:\/\/ffyh.unc.edu.ar\/publicaciones\/wp-json\/wp\/v2\/compilador?post=4899"},{"taxonomy":"coordinador","embeddable":true,"href":"https:\/\/ffyh.unc.edu.ar\/publicaciones\/wp-json\/wp\/v2\/coordinador?post=4899"},{"taxonomy":"director","embeddable":true,"href":"https:\/\/ffyh.unc.edu.ar\/publicaciones\/wp-json\/wp\/v2\/director?post=4899"}],"curies":[{"name":"wp","href":"https:\/\/api.w.org\/{rel}","templated":true}]}}