{"id":4932,"date":"2025-06-25T11:29:51","date_gmt":"2025-06-25T14:29:51","guid":{"rendered":"https:\/\/ffyh.unc.edu.ar\/publicaciones\/?post_type=product&#038;p=4932"},"modified":"2025-06-25T11:54:40","modified_gmt":"2025-06-25T14:54:40","slug":"filo-en-dictadura-un-recorrido-a-traves-de-documentos-de-la-escuela-de-filosofia-de-la-universidad-nacional-de-cordoba","status":"publish","type":"product","link":"https:\/\/ffyh.unc.edu.ar\/publicaciones\/tienda\/sin-categorizar\/filo-en-dictadura-un-recorrido-a-traves-de-documentos-de-la-escuela-de-filosofia-de-la-universidad-nacional-de-cordoba\/","title":{"rendered":"Filo en dictadura. Un recorrido a trav\u00e9s de documentos de la Escuela de Filosof\u00eda de la Universidad Nacional de C\u00f3rdoba"},"content":{"rendered":"<p>El campo filos\u00f3fico argentino no fue indiferente a la \u00faltima dictadura militar. Como tantos otros \u00e1mbitos de la cultura, fue objeto de censura, persecuciones, desapariciones y exilios, al mismo tiempo que se convirti\u00f3 en espacio de enunciaci\u00f3n de algunas voces que, con esp\u00edritu refundacional, esperaban dar espesura filos\u00f3fica al proyecto pol\u00edtico del gobierno militar. La Escuela de Filosof\u00eda de la Universidad Nacional de C\u00f3rdoba es un estudio de caso que permite indagar de qu\u00e9 modo ambos procesos transformaron el modo de producir y ense\u00f1ar filosof\u00eda, en particular, en el \u00e1mbito acad\u00e9mico. El presente volumen ofrece una aproximaci\u00f3n a esta cuesti\u00f3n, poniendo a disposici\u00f3n de las y los lectores un conjunto de documentos \u2013la mayor\u00eda hasta ahora in\u00e9ditos- relativos a la vida institucional de la Escuela de Filosof\u00eda de la UNC durante el periodo 1976-1980. A trav\u00e9s de un cuidadoso comentario de estos documentos, las y los autores del presente volumen orientan al lector por valiosos mojones recuperados de una historia que a\u00fan espera a ser reconstruida.<\/p>\n","protected":false},"excerpt":{"rendered":"<p>El campo filos\u00f3fico argentino no fue indiferente a la \u00faltima dictadura militar. Como tantos otros \u00e1mbitos de la cultura, fue objeto de censura, persecuciones, desapariciones y exilios, al mismo tiempo que se convirti\u00f3 en espacio de enunciaci\u00f3n de algunas voces que, con esp\u00edritu refundacional, esperaban dar espesura filos\u00f3fica al proyecto pol\u00edtico del gobierno militar. La Escuela de Filosof\u00eda de la Universidad Nacional de C\u00f3rdoba es un estudio de caso que permite indagar de qu\u00e9 modo ambos procesos transformaron el modo de producir y ense\u00f1ar filosof\u00eda, en particular, en el \u00e1mbito acad\u00e9mico. El presente volumen ofrece una aproximaci\u00f3n a esta cuesti\u00f3n, poniendo a disposici\u00f3n de las y los lectores un conjunto de documentos \u2013la mayor\u00eda hasta ahora in\u00e9ditos- relativos a la vida institucional de la Escuela de Filosof\u00eda de la UNC durante el periodo 1976-1980.<\/p>\n","protected":false},"featured_media":4935,"comment_status":"closed","ping_status":"closed","template":"","meta":{"_acf_changed":false,"colormag_page_container_layout":"default_layout","colormag_page_sidebar_layout":"default_layout"},"product_brand":[],"product_cat":[17],"product_tag":[2651,1107],"autor":[2002,2460,2214,2652,341,146,2213,1507,197,516,2653],"editor":[],"traductor":[],"compilador":[2654,2520],"coordinador":[],"director":[],"class_list":{"0":"post-4932","1":"product","2":"type-product","3":"status-publish","4":"has-post-thumbnail","6":"product_cat-sin-categorizar","7":"product_tag-dictadura","8":"product_tag-filosofia","9":"autor-carlos-longhini","10":"autor-carlos-mateo-martinez-ruiz","11":"autor-facundo-jose-moine","12":"autor-joaquin-fernandez-valdes","13":"autor-laura-arese","14":"autor-magali-arganaraz","15":"autor-maria-carla-galfione","16":"autor-maximiliano-chirino","17":"autor-paula-hunziker","18":"autor-paulo-martinez-da-ros","19":"autor-sergio-sanchez","20":"compilador-carla-galfione","21":"compilador-laura-arese","23":"first","24":"instock","25":"shipping-taxable","26":"product-type-external"},"acf":[],"_links":{"self":[{"href":"https:\/\/ffyh.unc.edu.ar\/publicaciones\/wp-json\/wp\/v2\/product\/4932","targetHints":{"allow":["GET"]}}],"collection":[{"href":"https:\/\/ffyh.unc.edu.ar\/publicaciones\/wp-json\/wp\/v2\/product"}],"about":[{"href":"https:\/\/ffyh.unc.edu.ar\/publicaciones\/wp-json\/wp\/v2\/types\/product"}],"replies":[{"embeddable":true,"href":"https:\/\/ffyh.unc.edu.ar\/publicaciones\/wp-json\/wp\/v2\/comments?post=4932"}],"wp:featuredmedia":[{"embeddable":true,"href":"https:\/\/ffyh.unc.edu.ar\/publicaciones\/wp-json\/wp\/v2\/media\/4935"}],"wp:attachment":[{"href":"https:\/\/ffyh.unc.edu.ar\/publicaciones\/wp-json\/wp\/v2\/media?parent=4932"}],"wp:term":[{"taxonomy":"product_brand","embeddable":true,"href":"https:\/\/ffyh.unc.edu.ar\/publicaciones\/wp-json\/wp\/v2\/product_brand?post=4932"},{"taxonomy":"product_cat","embeddable":true,"href":"https:\/\/ffyh.unc.edu.ar\/publicaciones\/wp-json\/wp\/v2\/product_cat?post=4932"},{"taxonomy":"product_tag","embeddable":true,"href":"https:\/\/ffyh.unc.edu.ar\/publicaciones\/wp-json\/wp\/v2\/product_tag?post=4932"},{"taxonomy":"autor","embeddable":true,"href":"https:\/\/ffyh.unc.edu.ar\/publicaciones\/wp-json\/wp\/v2\/autor?post=4932"},{"taxonomy":"editor","embeddable":true,"href":"https:\/\/ffyh.unc.edu.ar\/publicaciones\/wp-json\/wp\/v2\/editor?post=4932"},{"taxonomy":"traductor","embeddable":true,"href":"https:\/\/ffyh.unc.edu.ar\/publicaciones\/wp-json\/wp\/v2\/traductor?post=4932"},{"taxonomy":"compilador","embeddable":true,"href":"https:\/\/ffyh.unc.edu.ar\/publicaciones\/wp-json\/wp\/v2\/compilador?post=4932"},{"taxonomy":"coordinador","embeddable":true,"href":"https:\/\/ffyh.unc.edu.ar\/publicaciones\/wp-json\/wp\/v2\/coordinador?post=4932"},{"taxonomy":"director","embeddable":true,"href":"https:\/\/ffyh.unc.edu.ar\/publicaciones\/wp-json\/wp\/v2\/director?post=4932"}],"curies":[{"name":"wp","href":"https:\/\/api.w.org\/{rel}","templated":true}]}}