{"id":4948,"date":"2025-06-27T12:15:10","date_gmt":"2025-06-27T15:15:10","guid":{"rendered":"https:\/\/ffyh.unc.edu.ar\/publicaciones\/?post_type=product&#038;p=4948"},"modified":"2025-06-27T12:15:11","modified_gmt":"2025-06-27T15:15:11","slug":"el-libro-de-los-parciales-experiencias-y-relatos-sobre-la-practica-y-la-ensenanza-de-la-investigacion-en-antropologia-urbana","status":"publish","type":"product","link":"https:\/\/ffyh.unc.edu.ar\/publicaciones\/tienda\/publicaciones-de-investigacion\/ciffyh\/colecciones-del-ciffyh\/el-libro-de-los-parciales-experiencias-y-relatos-sobre-la-practica-y-la-ensenanza-de-la-investigacion-en-antropologia-urbana\/","title":{"rendered":"El libro de los parciales. Experiencias y relatos sobre la pr\u00e1ctica y la ense\u00f1anza de la investigaci\u00f3n en Antropolog\u00eda Urbana"},"content":{"rendered":"<p><i><span style=\"font-weight: 400\">El libro de los parciales<\/span><\/i><span style=\"font-weight: 400\"> re\u00fane una serie de ejercicios de escritura etnogr\u00e1fica producidos en el campo de la antropolog\u00eda urbana en el contexto de la formaci\u00f3n universitaria de grado.\u00a0<\/span><\/p>\n<p><span style=\"font-weight: 400\">El inter\u00e9s de esta publicaci\u00f3n remite sistem\u00e1ticamente a la pregunta por c\u00f3mo zanjar los modos escolarizados de relacionarse con el conocimiento de lo social para pensar en formas de producci\u00f3n sistem\u00e1tica y met\u00f3dica, reconociendo la centralidad de quienes practican la etnograf\u00eda en el camino de la reflexividad, pero sin acartonamientos. El principio que enhebra las inquietudes que aqu\u00ed se plasman es potenciar las experiencias en la formaci\u00f3n acad\u00e9mica e introducir y acompa\u00f1ar a lxs estudiantes de grado en el oficio de investigar.<\/span><\/p>\n<p><span style=\"font-weight: 400\">La idea central que articula el presente libro es mostrar qu\u00e9 hacemos en Antropolog\u00eda en Contextos Urbanos, pero tambi\u00e9n es exponernos en nuestras formas de pensar lo social. El sal\u00f3n de clases de urbana entonces se convierte en un espacio potente para la pr\u00e1ctica de investigaci\u00f3n. Para muchxs, las experiencias que all\u00ed se gestan constituyen la primera observaci\u00f3n, el primer registro de campo, \u201cnuestras primeras aproximaciones etnogr\u00e1ficas\u201d<\/span><i><span style=\"font-weight: 400\">.<\/span><\/i><\/p>\n","protected":false},"excerpt":{"rendered":"<p><i><span style=\"font-weight: 400\">El libro de los parciales<\/span><\/i><span style=\"font-weight: 400\"> re\u00fane una serie de ejercicios de escritura etnogr\u00e1fica producidos en el campo de la antropolog\u00eda urbana en el contexto de la formaci\u00f3n universitaria de grado.\u00a0<\/span><\/p>\n<p><span style=\"font-weight: 400\">El inter\u00e9s de esta publicaci\u00f3n remite sistem\u00e1ticamente a la pregunta por c\u00f3mo zanjar los modos escolarizados de relacionarse con el conocimiento de lo social para pensar en formas de producci\u00f3n sistem\u00e1tica y met\u00f3dica, reconociendo la centralidad de quienes practican la etnograf\u00eda en el camino de la reflexividad, pero sin acartonamientos. El principio que enhebra las inquietudes que aqu\u00ed se plasman es potenciar las experiencias en la formaci\u00f3n acad\u00e9mica e introducir y acompa\u00f1ar a lxs estudiantes de grado en el oficio de investigar.<\/span><\/p>\n","protected":false},"featured_media":4945,"comment_status":"closed","ping_status":"closed","template":"","meta":{"_acf_changed":false,"colormag_page_container_layout":"default_layout","colormag_page_sidebar_layout":"default_layout"},"product_brand":[],"product_cat":[31],"product_tag":[1478,1106],"autor":[2659,2660,1356,1488,1485,2661,2663,2662,2664,2665,2666,602,1944,2667,2668,1487,2669,2670,571,2671,1819,1359,2027,2673,2672,528,1481,2674,2675],"editor":[2656,2658,2657,2655],"traductor":[],"compilador":[],"coordinador":[],"director":[],"class_list":{"0":"post-4948","1":"product","2":"type-product","3":"status-publish","4":"has-post-thumbnail","6":"product_cat-colecciones-del-ciffyh","7":"product_tag-antropologia-urbana","8":"product_tag-ciencias-sociales","9":"autor-agustina-viazzi","10":"autor-ain-laura-gatica","11":"autor-ana-laura-prado","12":"autor-camila-pilatti","13":"autor-camilo-martinez-garcia","14":"autor-cecilia-arganaraz","15":"autor-elena-gatti","16":"autor-emilio-tanus-mafud","17":"autor-ezequiel-aguilera","18":"autor-fernando-rivarola","19":"autor-jose-maria-miranda-perez","20":"autor-julieta-capdevielle","21":"autor-liliana-vilte","22":"autor-lino-mora-abichain","23":"autor-lourdes-luna-rodriguez","24":"autor-lucia-page","25":"autor-luisina-nahilin-alfonzo","26":"autor-macarena-diaz-martin","27":"autor-maria-esteve","28":"autor-maria-florencia-arias","29":"autor-maria-laura-freyre","30":"autor-maria-victoria-diaz-marengo","31":"autor-mariano-pussetto","32":"autor-martin-daniel-simonian","33":"autor-miguel-robles","34":"autor-miriam-abate-daga","35":"autor-silvia-attwood","36":"autor-silvia-fassi","37":"autor-victoria-eugenia-bulacios-sant-angelo","38":"editor-camila-pilatti","39":"editor-emilio-tanus-mafud","40":"editor-lino-mora-abichain","41":"editor-maria-victoria-diaz-marengo","43":"first","44":"instock","45":"shipping-taxable","46":"product-type-external"},"acf":[],"_links":{"self":[{"href":"https:\/\/ffyh.unc.edu.ar\/publicaciones\/wp-json\/wp\/v2\/product\/4948","targetHints":{"allow":["GET"]}}],"collection":[{"href":"https:\/\/ffyh.unc.edu.ar\/publicaciones\/wp-json\/wp\/v2\/product"}],"about":[{"href":"https:\/\/ffyh.unc.edu.ar\/publicaciones\/wp-json\/wp\/v2\/types\/product"}],"replies":[{"embeddable":true,"href":"https:\/\/ffyh.unc.edu.ar\/publicaciones\/wp-json\/wp\/v2\/comments?post=4948"}],"wp:featuredmedia":[{"embeddable":true,"href":"https:\/\/ffyh.unc.edu.ar\/publicaciones\/wp-json\/wp\/v2\/media\/4945"}],"wp:attachment":[{"href":"https:\/\/ffyh.unc.edu.ar\/publicaciones\/wp-json\/wp\/v2\/media?parent=4948"}],"wp:term":[{"taxonomy":"product_brand","embeddable":true,"href":"https:\/\/ffyh.unc.edu.ar\/publicaciones\/wp-json\/wp\/v2\/product_brand?post=4948"},{"taxonomy":"product_cat","embeddable":true,"href":"https:\/\/ffyh.unc.edu.ar\/publicaciones\/wp-json\/wp\/v2\/product_cat?post=4948"},{"taxonomy":"product_tag","embeddable":true,"href":"https:\/\/ffyh.unc.edu.ar\/publicaciones\/wp-json\/wp\/v2\/product_tag?post=4948"},{"taxonomy":"autor","embeddable":true,"href":"https:\/\/ffyh.unc.edu.ar\/publicaciones\/wp-json\/wp\/v2\/autor?post=4948"},{"taxonomy":"editor","embeddable":true,"href":"https:\/\/ffyh.unc.edu.ar\/publicaciones\/wp-json\/wp\/v2\/editor?post=4948"},{"taxonomy":"traductor","embeddable":true,"href":"https:\/\/ffyh.unc.edu.ar\/publicaciones\/wp-json\/wp\/v2\/traductor?post=4948"},{"taxonomy":"compilador","embeddable":true,"href":"https:\/\/ffyh.unc.edu.ar\/publicaciones\/wp-json\/wp\/v2\/compilador?post=4948"},{"taxonomy":"coordinador","embeddable":true,"href":"https:\/\/ffyh.unc.edu.ar\/publicaciones\/wp-json\/wp\/v2\/coordinador?post=4948"},{"taxonomy":"director","embeddable":true,"href":"https:\/\/ffyh.unc.edu.ar\/publicaciones\/wp-json\/wp\/v2\/director?post=4948"}],"curies":[{"name":"wp","href":"https:\/\/api.w.org\/{rel}","templated":true}]}}