{"id":5019,"date":"2025-07-31T10:21:45","date_gmt":"2025-07-31T13:21:45","guid":{"rendered":"https:\/\/ffyh.unc.edu.ar\/publicaciones\/?post_type=product&#038;p=5019"},"modified":"2025-08-13T12:47:36","modified_gmt":"2025-08-13T15:47:36","slug":"agosto-ritual-poemas-a-la-pacha","status":"publish","type":"product","link":"https:\/\/ffyh.unc.edu.ar\/publicaciones\/tienda\/sin-categorizar\/agosto-ritual-poemas-a-la-pacha\/","title":{"rendered":"Agosto Ritual. Poemas a la Pacha"},"content":{"rendered":"<p>Esta antolog\u00eda po\u00e9tica es resultado de la convocatoria literaria\u201cAgosto Ritual, poemas a la Pacha\u201d realizada en 2024 por la editorial La Sof\u00eda Cartonera y el Programa de Ambiente, Sociedades y Territorios de la Facultad de Filosof\u00eda y Humanidades de la Universidad Nacional de C\u00f3rdoba. La misma re\u00fane 36 poes\u00edas dedicadas a la Tierra y sus naturalezas, escritas por autores\/as emergentes que habitan diferentes lugares de nuestro pa\u00eds y pa\u00edses vecinos. Estas obras, enunciadas en diversas lenguas (espa\u00f1ol, quechua, portugues) y tramadas a trav\u00e9s de una diversidad de estilos po\u00e9ticos, configuran una antolog\u00eda po\u00e9tica polif\u00f3nica que nos permite recorrer territorios sensibles m\u00faltiples desde paisajes afectivos particulares. Esta producci\u00f3n literaria se propone conmover las sensibilidades colectivas, convocando a corazonar-tierra, a sublevar los afectos ambientales, a conspirar desde nuestro ser con las naturalezas, para re-existir y abrir nuevos horizontes de mundos de vida.<\/p>\n","protected":false},"excerpt":{"rendered":"<p>Esta antolog\u00eda po\u00e9tica es resultado de la convocatoria literaria\u201cAgosto Ritual, poemas a la Pacha\u201d realizada en 2024 por la editorial La Sof\u00eda Cartonera y el Programa de Ambiente, Sociedades y Territorios de la Facultad de Filosof\u00eda y Humanidades de la Universidad Nacional de C\u00f3rdoba. La misma re\u00fane 36 poes\u00edas dedicadas a la Tierra y sus naturalezas, escritas por autores\/as emergentes que habitan diferentes lugares de nuestro pa\u00eds y pa\u00edses vecinos. Estas obras, enunciadas en diversas lenguas (espa\u00f1ol, quechua, portugues) y tramadas a trav\u00e9s de una diversidad de estilos po\u00e9ticos, configuran una antolog\u00eda po\u00e9tica polif\u00f3nica que nos permite recorrer territorios sensibles m\u00faltiples desde paisajes afectivos particulares.<\/p>\n","protected":false},"featured_media":5016,"comment_status":"closed","ping_status":"closed","template":"","meta":{"_acf_changed":false,"saved_in_kubio":false,"colormag_page_container_layout":"default_layout","colormag_page_sidebar_layout":"default_layout"},"product_brand":[],"product_cat":[17],"product_tag":[2710,2711,1539],"autor":[2726,2725,2712,2737,2718,2736,2741,2716,2714,2721,2742,2728,2720,2731,2717,2739,2730,2719,2729,2745,2732,2715,677,2740,2743,2713,2734,2722,2447,2738,2733,2744,2723,2724,2727,2735],"editor":[],"traductor":[],"compilador":[2746,2747,2748],"coordinador":[],"director":[],"class_list":{"0":"post-5019","1":"product","2":"type-product","3":"status-publish","4":"has-post-thumbnail","6":"product_cat-sin-categorizar","7":"product_tag-ambiente","8":"product_tag-antologia","9":"product_tag-poesia","10":"autor-aldo-flores","11":"autor-alejandro-arriaga","12":"autor-alfonsina-gregorio","13":"autor-antonella-paltrinieri-fissore","14":"autor-ariel-diaz","15":"autor-claudio-revuelta","16":"autor-daniel-glaydson-ribeiro","17":"autor-daniel-guido-ruiz","18":"autor-devora-quinteros","19":"autor-diego-julian-chiarenza","20":"autor-enzo-sebastian-peralta","21":"autor-fernando-caminante","22":"autor-francisco-quijano","23":"autor-giovanni","24":"autor-guillermo-gardenal","25":"autor-jean-palavicini","26":"autor-jery-chavez","27":"autor-julieta-albornoz","28":"autor-lara-fortina","29":"autor-leonardo-jose-garzon","30":"autor-malena-petroli-trocello","31":"autor-maria-belen-arbelo-almada","32":"autor-maria-del-carmen-marengo","33":"autor-maria-julieta-miranda-russo","34":"autor-mauricio-nicolino","35":"autor-mirta-gregorat","36":"autor-moises-cardenas","37":"autor-musuj-mallku","38":"autor-natalia-andruskiewitsch","39":"autor-nazarena-luduena-polverini","40":"autor-nelida-herrador","41":"autor-pablo-antonio-ponce","42":"autor-pablo-s-reyna","43":"autor-reynamora-azul","44":"autor-ron-mairone","45":"autor-yelitza-hernandez-gonzalez","46":"compilador-cecilia-pacella","47":"compilador-eliana-lacombe","48":"compilador-marcela-marin","50":"first","51":"instock","52":"shipping-taxable","53":"product-type-external"},"acf":[],"_links":{"self":[{"href":"https:\/\/ffyh.unc.edu.ar\/publicaciones\/wp-json\/wp\/v2\/product\/5019","targetHints":{"allow":["GET"]}}],"collection":[{"href":"https:\/\/ffyh.unc.edu.ar\/publicaciones\/wp-json\/wp\/v2\/product"}],"about":[{"href":"https:\/\/ffyh.unc.edu.ar\/publicaciones\/wp-json\/wp\/v2\/types\/product"}],"replies":[{"embeddable":true,"href":"https:\/\/ffyh.unc.edu.ar\/publicaciones\/wp-json\/wp\/v2\/comments?post=5019"}],"wp:featuredmedia":[{"embeddable":true,"href":"https:\/\/ffyh.unc.edu.ar\/publicaciones\/wp-json\/wp\/v2\/media\/5016"}],"wp:attachment":[{"href":"https:\/\/ffyh.unc.edu.ar\/publicaciones\/wp-json\/wp\/v2\/media?parent=5019"}],"wp:term":[{"taxonomy":"product_brand","embeddable":true,"href":"https:\/\/ffyh.unc.edu.ar\/publicaciones\/wp-json\/wp\/v2\/product_brand?post=5019"},{"taxonomy":"product_cat","embeddable":true,"href":"https:\/\/ffyh.unc.edu.ar\/publicaciones\/wp-json\/wp\/v2\/product_cat?post=5019"},{"taxonomy":"product_tag","embeddable":true,"href":"https:\/\/ffyh.unc.edu.ar\/publicaciones\/wp-json\/wp\/v2\/product_tag?post=5019"},{"taxonomy":"autor","embeddable":true,"href":"https:\/\/ffyh.unc.edu.ar\/publicaciones\/wp-json\/wp\/v2\/autor?post=5019"},{"taxonomy":"editor","embeddable":true,"href":"https:\/\/ffyh.unc.edu.ar\/publicaciones\/wp-json\/wp\/v2\/editor?post=5019"},{"taxonomy":"traductor","embeddable":true,"href":"https:\/\/ffyh.unc.edu.ar\/publicaciones\/wp-json\/wp\/v2\/traductor?post=5019"},{"taxonomy":"compilador","embeddable":true,"href":"https:\/\/ffyh.unc.edu.ar\/publicaciones\/wp-json\/wp\/v2\/compilador?post=5019"},{"taxonomy":"coordinador","embeddable":true,"href":"https:\/\/ffyh.unc.edu.ar\/publicaciones\/wp-json\/wp\/v2\/coordinador?post=5019"},{"taxonomy":"director","embeddable":true,"href":"https:\/\/ffyh.unc.edu.ar\/publicaciones\/wp-json\/wp\/v2\/director?post=5019"}],"curies":[{"name":"wp","href":"https:\/\/api.w.org\/{rel}","templated":true}]}}