{"id":5036,"date":"2025-07-31T10:34:46","date_gmt":"2025-07-31T13:34:46","guid":{"rendered":"https:\/\/ffyh.unc.edu.ar\/publicaciones\/?post_type=product&#038;p=5036"},"modified":"2025-08-01T09:37:12","modified_gmt":"2025-08-01T12:37:12","slug":"vida-nocturna-las-ciencias-sociales-en-la-noche","status":"publish","type":"product","link":"https:\/\/ffyh.unc.edu.ar\/publicaciones\/tienda\/sin-categorizar\/vida-nocturna-las-ciencias-sociales-en-la-noche\/","title":{"rendered":"Vida nocturna. Las ciencias sociales en la noche"},"content":{"rendered":"<p>Aunque definitoria de la ciudad, la vida nocturna result\u00f3 de poco inter\u00e9s a la hora de trazar una ciencia social que la tuviera por objeto. Gran parte de la Sociolog\u00eda y Antropolog\u00eda urbana se concentran en los procesos sociales que se producen a la luz del d\u00eda, y cuando se focalizan en actividades nocturnas, como la m\u00fasica y el baile, \u201cla noche\u201d aparece como el gran tel\u00f3n de fondo de las pr\u00e1cticas que se analizan. Este libro se adentra en esta \u00e1rea de vacancia cuando toma como punto de partida a la noche en tanto fen\u00f3meno central de la experiencia humana. A lo largo del texto, se deja de lado una definici\u00f3n de la noche como un tiempo sin luz solar, ligada a la rotaci\u00f3n del planeta, para reemplazarla por una definici\u00f3n que enfatiza la dimensi\u00f3n espacial y relacional de las personas, las cosas y los consumos. Se privilegian, antes que los ritmos circadianos, las tramas de sentido que hacen posible la sociabilidad nocturna, entendiendo que los l\u00edmites de las mismas se extienden mucho m\u00e1s all\u00e1 del amanecer y se inician mucho antes del atardecer. El texto, de vocaci\u00f3n interdisciplinaria, abarca distintas \u00e1reas de conocimiento (Antropolog\u00eda, Sociolog\u00eda, Historia, Estudios Culturales, Cr\u00edtica Literaria, Artes) y perspectivas anal\u00edticas. Su inter\u00e9s primero es dar cuenta de los m\u00faltiples modos en que aquello que se llama \u201cla noche\u201d deviene, especialmente en C\u00f3rdoba, un espacio-tiempo din\u00e1mico donde cristalizan pr\u00e1cticas comportamentales y discursivas asociadas tanto al tiempo libre como al trabajo.<\/p>\n","protected":false},"excerpt":{"rendered":"<p>Aunque definitoria de la ciudad, la vida nocturna result\u00f3 de poco inter\u00e9s a la hora de trazar una ciencia social que la tuviera por objeto. Gran parte de la Sociolog\u00eda y Antropolog\u00eda urbana se concentran en los procesos sociales que se producen a la luz del d\u00eda, y cuando se focalizan en actividades nocturnas, como la m\u00fasica y el baile, \u201cla noche\u201d aparece como el gran tel\u00f3n de fondo de las pr\u00e1cticas que se analizan. Este libro se adentra en esta \u00e1rea de vacancia cuando toma como punto de partida a la noche en tanto fen\u00f3meno central de la experiencia humana. A lo largo del texto, se deja de lado una definici\u00f3n de la noche como un tiempo sin luz solar, ligada a la rotaci\u00f3n del planeta, para reemplazarla por una definici\u00f3n que enfatiza la dimensi\u00f3n espacial y relacional de las personas, las cosas y los consumos.<\/p>\n","protected":false},"featured_media":5035,"comment_status":"closed","ping_status":"closed","template":"","meta":{"_acf_changed":false,"colormag_page_container_layout":"default_layout","colormag_page_sidebar_layout":"default_layout"},"product_brand":[],"product_cat":[17],"product_tag":[1106,1138],"autor":[1028,2750,2022,2757,2756,2755,553,1260,616,2754,999,1042,2751,2753,2752,542],"editor":[1363,1360,2749],"traductor":[],"compilador":[],"coordinador":[],"director":[],"class_list":{"0":"post-5036","1":"product","2":"type-product","3":"status-publish","4":"has-post-thumbnail","6":"product_cat-sin-categorizar","7":"product_tag-ciencias-sociales","8":"product_tag-investigacion","9":"autor-agustin-liarte-tiloca","10":"autor-ana-laura-reches-peressotti","11":"autor-cecilia-castro","12":"autor-daniel-kohen","13":"autor-ezequiel-borgognoni","14":"autor-gustavo-ariel-cabana","15":"autor-gustavo-blazquez","16":"autor-jimena-ines-garrido","17":"autor-maria-cecilia-diaz","18":"autor-maria-celeste-bianciotti","19":"autor-maria-daniela-brollo","20":"autor-maria-lucia-tamagnini","21":"autor-maria-sol-bruno","22":"autor-mariana-garces","23":"autor-mariana-tello-weiss","24":"autor-pablo-molina-ahumada","25":"editor-agustin-liarte-tiloca","26":"editor-gustavo-blazquez","27":"editor-maria-daniela-brollo","29":"first","30":"instock","31":"shipping-taxable","32":"product-type-external"},"acf":[],"_links":{"self":[{"href":"https:\/\/ffyh.unc.edu.ar\/publicaciones\/wp-json\/wp\/v2\/product\/5036","targetHints":{"allow":["GET"]}}],"collection":[{"href":"https:\/\/ffyh.unc.edu.ar\/publicaciones\/wp-json\/wp\/v2\/product"}],"about":[{"href":"https:\/\/ffyh.unc.edu.ar\/publicaciones\/wp-json\/wp\/v2\/types\/product"}],"replies":[{"embeddable":true,"href":"https:\/\/ffyh.unc.edu.ar\/publicaciones\/wp-json\/wp\/v2\/comments?post=5036"}],"wp:featuredmedia":[{"embeddable":true,"href":"https:\/\/ffyh.unc.edu.ar\/publicaciones\/wp-json\/wp\/v2\/media\/5035"}],"wp:attachment":[{"href":"https:\/\/ffyh.unc.edu.ar\/publicaciones\/wp-json\/wp\/v2\/media?parent=5036"}],"wp:term":[{"taxonomy":"product_brand","embeddable":true,"href":"https:\/\/ffyh.unc.edu.ar\/publicaciones\/wp-json\/wp\/v2\/product_brand?post=5036"},{"taxonomy":"product_cat","embeddable":true,"href":"https:\/\/ffyh.unc.edu.ar\/publicaciones\/wp-json\/wp\/v2\/product_cat?post=5036"},{"taxonomy":"product_tag","embeddable":true,"href":"https:\/\/ffyh.unc.edu.ar\/publicaciones\/wp-json\/wp\/v2\/product_tag?post=5036"},{"taxonomy":"autor","embeddable":true,"href":"https:\/\/ffyh.unc.edu.ar\/publicaciones\/wp-json\/wp\/v2\/autor?post=5036"},{"taxonomy":"editor","embeddable":true,"href":"https:\/\/ffyh.unc.edu.ar\/publicaciones\/wp-json\/wp\/v2\/editor?post=5036"},{"taxonomy":"traductor","embeddable":true,"href":"https:\/\/ffyh.unc.edu.ar\/publicaciones\/wp-json\/wp\/v2\/traductor?post=5036"},{"taxonomy":"compilador","embeddable":true,"href":"https:\/\/ffyh.unc.edu.ar\/publicaciones\/wp-json\/wp\/v2\/compilador?post=5036"},{"taxonomy":"coordinador","embeddable":true,"href":"https:\/\/ffyh.unc.edu.ar\/publicaciones\/wp-json\/wp\/v2\/coordinador?post=5036"},{"taxonomy":"director","embeddable":true,"href":"https:\/\/ffyh.unc.edu.ar\/publicaciones\/wp-json\/wp\/v2\/director?post=5036"}],"curies":[{"name":"wp","href":"https:\/\/api.w.org\/{rel}","templated":true}]}}