{"id":5057,"date":"2025-08-05T10:51:35","date_gmt":"2025-08-05T13:51:35","guid":{"rendered":"https:\/\/ffyh.unc.edu.ar\/publicaciones\/?post_type=product&#038;p=5057"},"modified":"2025-08-14T12:27:12","modified_gmt":"2025-08-14T15:27:12","slug":"de-artes-y-culturas-en-cordoba-durante-la-decada-de-1980-entre-las-huellas-de-la-dictadura-y-los-proyectos-de-democratizacion-en-argentina","status":"publish","type":"product","link":"https:\/\/ffyh.unc.edu.ar\/publicaciones\/tienda\/publicaciones-de-investigacion\/ciffyh\/colecciones-del-ciffyh\/de-artes-y-culturas-en-cordoba-durante-la-decada-de-1980-entre-las-huellas-de-la-dictadura-y-los-proyectos-de-democratizacion-en-argentina\/","title":{"rendered":"De artes y culturas en C\u00f3rdoba durante la d\u00e9cada de 1980. Entre las huellas de la dictadura y los proyectos de democratizaci\u00f3n en Argentina"},"content":{"rendered":"<p>El libro est\u00e1 dedicado a lectorxs interesadxs en la Historia cultural del pasado reciente (HICUPARE). Se centra en la d\u00e9cada de 1980 donde convivieron huellas de la dictadura con iniciativas de democratizaci\u00f3n. Los seis cap\u00edtulos proponen inmersiones en casos situados en C\u00f3rdoba, desde los cuales se intenta desarrollar dos objetivos del grupo de estudio sobre HICUPARE: a) caracterizar algunas pr\u00e1cticas desplegadas dentro de los mundos de las artes visuales, musicales y teatrales, las cuales desarrollaron, por un lado, configuraciones locales significativas y, por otro lado, redes con distintos territorios de Argentina o el exterior; b) indagar sobre procesos de objetivaci\u00f3n y subjetivaci\u00f3n cultural, a partir de la reconstrucci\u00f3n de las trayectorias de ciertxs artistas y gestorxs en cuyas posiciones se mixturaron categor\u00edas de edad, g\u00e9nero, clase social, regi\u00f3n y preferencias est\u00e9ticas.<\/p>\n","protected":false},"excerpt":{"rendered":"<p>El libro est\u00e1 dedicado a lectorxs interesadxs en la Historia cultural del pasado reciente (HICUPARE). Se centra en la d\u00e9cada de 1980 donde convivieron huellas de la dictadura con iniciativas de democratizaci\u00f3n.<\/p>\n","protected":false},"featured_media":5056,"comment_status":"closed","ping_status":"closed","template":"","meta":{"_acf_changed":false,"colormag_page_container_layout":"default_layout","colormag_page_sidebar_layout":"default_layout"},"product_brand":[],"product_cat":[31],"product_tag":[2760],"autor":[2763,554,2762,2033,556,2764,2761],"editor":[2759],"traductor":[],"compilador":[],"coordinador":[],"director":[],"class_list":{"0":"post-5057","1":"product","2":"type-product","3":"status-publish","4":"has-post-thumbnail","6":"product_cat-colecciones-del-ciffyh","7":"product_tag-historia-cultural","8":"autor-agostina-silva-mallea","9":"autor-alejandra-soledad-gonzalez","10":"autor-andrea-rugnone","11":"autor-claudio-bazan","12":"autor-fabiana-navarta-bianco","13":"autor-veronica-del-valle-heredia","14":"autor-yanina-trinidad-floridia","15":"editor-alejandra-soledad-gonzalez","17":"first","18":"instock","19":"shipping-taxable","20":"product-type-external"},"acf":[],"_links":{"self":[{"href":"https:\/\/ffyh.unc.edu.ar\/publicaciones\/wp-json\/wp\/v2\/product\/5057","targetHints":{"allow":["GET"]}}],"collection":[{"href":"https:\/\/ffyh.unc.edu.ar\/publicaciones\/wp-json\/wp\/v2\/product"}],"about":[{"href":"https:\/\/ffyh.unc.edu.ar\/publicaciones\/wp-json\/wp\/v2\/types\/product"}],"replies":[{"embeddable":true,"href":"https:\/\/ffyh.unc.edu.ar\/publicaciones\/wp-json\/wp\/v2\/comments?post=5057"}],"wp:featuredmedia":[{"embeddable":true,"href":"https:\/\/ffyh.unc.edu.ar\/publicaciones\/wp-json\/wp\/v2\/media\/5056"}],"wp:attachment":[{"href":"https:\/\/ffyh.unc.edu.ar\/publicaciones\/wp-json\/wp\/v2\/media?parent=5057"}],"wp:term":[{"taxonomy":"product_brand","embeddable":true,"href":"https:\/\/ffyh.unc.edu.ar\/publicaciones\/wp-json\/wp\/v2\/product_brand?post=5057"},{"taxonomy":"product_cat","embeddable":true,"href":"https:\/\/ffyh.unc.edu.ar\/publicaciones\/wp-json\/wp\/v2\/product_cat?post=5057"},{"taxonomy":"product_tag","embeddable":true,"href":"https:\/\/ffyh.unc.edu.ar\/publicaciones\/wp-json\/wp\/v2\/product_tag?post=5057"},{"taxonomy":"autor","embeddable":true,"href":"https:\/\/ffyh.unc.edu.ar\/publicaciones\/wp-json\/wp\/v2\/autor?post=5057"},{"taxonomy":"editor","embeddable":true,"href":"https:\/\/ffyh.unc.edu.ar\/publicaciones\/wp-json\/wp\/v2\/editor?post=5057"},{"taxonomy":"traductor","embeddable":true,"href":"https:\/\/ffyh.unc.edu.ar\/publicaciones\/wp-json\/wp\/v2\/traductor?post=5057"},{"taxonomy":"compilador","embeddable":true,"href":"https:\/\/ffyh.unc.edu.ar\/publicaciones\/wp-json\/wp\/v2\/compilador?post=5057"},{"taxonomy":"coordinador","embeddable":true,"href":"https:\/\/ffyh.unc.edu.ar\/publicaciones\/wp-json\/wp\/v2\/coordinador?post=5057"},{"taxonomy":"director","embeddable":true,"href":"https:\/\/ffyh.unc.edu.ar\/publicaciones\/wp-json\/wp\/v2\/director?post=5057"}],"curies":[{"name":"wp","href":"https:\/\/api.w.org\/{rel}","templated":true}]}}