{"id":5098,"date":"2025-08-20T10:14:51","date_gmt":"2025-08-20T13:14:51","guid":{"rendered":"https:\/\/ffyh.unc.edu.ar\/publicaciones\/?post_type=product&#038;p=5098"},"modified":"2025-08-29T10:18:55","modified_gmt":"2025-08-29T13:18:55","slug":"la-construccion-de-la-fenomenologia-hermeneutica-de-heidegger-en-su-confrontacion-con-husserl","status":"publish","type":"product","link":"https:\/\/ffyh.unc.edu.ar\/publicaciones\/tienda\/publicaciones-de-investigacion\/ciffyh\/colecciones-del-ciffyh\/la-construccion-de-la-fenomenologia-hermeneutica-de-heidegger-en-su-confrontacion-con-husserl\/","title":{"rendered":"La construcci\u00f3n de la fenomenolog\u00eda hermen\u00e9utica de Heidegger en su confrontaci\u00f3n con Husserl"},"content":{"rendered":"<p><span style=\"font-weight: 400\">La presente recopilaci\u00f3n de textos ofrece una primera introducci\u00f3n a la fenomenolog\u00eda hermen\u00e9utica de Martin Heidegger, estudiada en su gestaci\u00f3n y formaci\u00f3n a partir del an\u00e1lisis de los primer\u00edsimos cursos acad\u00e9micos dictados por el joven docente alem\u00e1n en la Universidad de Friburgo. La construcci\u00f3n de una fenomenolog\u00eda hermen\u00e9utica se configura como un laboratorio conceptual en transformaci\u00f3n, en el cual Heidegger, a la hora de asentar su propuesta filos\u00f3fica, se confronta con los mayores pensadores de su \u00e9poca, en particular con Edmund Husserl, su maestro y padre de la fenomenolog\u00eda contempor\u00e1nea. Comprender e introducirse en la filosof\u00eda de Heidegger significa pasar necesariamente a trav\u00e9s de un examen cuidadoso de las obras de Husserl. El m\u00e9rito de las contribuciones aqu\u00ed presentadas reside, entonces, en ver d\u00f3nde y c\u00f3mo Heidegger, apropi\u00e1ndose de los conceptos fenomenol\u00f3gicos elaborados por Husserl, se distancia de su maestro para proponer de manera aut\u00f3noma una fenomenolog\u00eda hermen\u00e9utica en los a\u00f1os inmediatamente posteriores al fin de la Primera Guerra Mundial.\u00a0\u00a0\u00a0\u00a0<\/span><\/p>\n","protected":false},"excerpt":{"rendered":"<p><span style=\"font-weight: 400\">La presente recopilaci\u00f3n de textos ofrece una primera introducci\u00f3n a la fenomenolog\u00eda hermen\u00e9utica de Martin Heidegger, estudiada en su gestaci\u00f3n y formaci\u00f3n a partir del an\u00e1lisis de los primer\u00edsimos cursos acad\u00e9micos dictados por el joven docente alem\u00e1n en la Universidad de Friburgo. La construcci\u00f3n de una fenomenolog\u00eda hermen\u00e9utica se configura como un laboratorio conceptual en transformaci\u00f3n, en el cual Heidegger, a la hora de asentar su propuesta filos\u00f3fica, se confronta con los mayores pensadores de su \u00e9poca, en particular con Edmund Husserl, su maestro y padre de la fenomenolog\u00eda contempor\u00e1nea. <\/span><\/p>\n","protected":false},"featured_media":5096,"comment_status":"closed","ping_status":"closed","template":"","meta":{"_acf_changed":false,"colormag_page_container_layout":"default_layout","colormag_page_sidebar_layout":"default_layout"},"product_brand":[],"product_cat":[31],"product_tag":[2766,1107,2767],"autor":[2776,2775,2774,2773,146,2769,2770,2772,2771,2768],"editor":[2765],"traductor":[],"compilador":[],"coordinador":[],"director":[],"class_list":{"0":"post-5098","1":"product","2":"type-product","3":"status-publish","4":"has-post-thumbnail","6":"product_cat-colecciones-del-ciffyh","7":"product_tag-fenomenologia","8":"product_tag-filosofia","9":"product_tag-hermeneutica","10":"autor-alejandra-anahi-sotelo-barreiro","11":"autor-antonella-zoe-mazzon-palermo","12":"autor-aristides-groisman","13":"autor-gonzalo-andres-quinteros","14":"autor-magali-arganaraz","15":"autor-mario-beltrame","16":"autor-matias-ignacio-albornoz-pinto","17":"autor-octavio-segui","18":"autor-sofia-milagros-altamirano","19":"autor-uriel-barrault-ahumada","20":"editor-daniele-petrella","22":"first","23":"instock","24":"shipping-taxable","25":"product-type-external"},"acf":[],"_links":{"self":[{"href":"https:\/\/ffyh.unc.edu.ar\/publicaciones\/wp-json\/wp\/v2\/product\/5098","targetHints":{"allow":["GET"]}}],"collection":[{"href":"https:\/\/ffyh.unc.edu.ar\/publicaciones\/wp-json\/wp\/v2\/product"}],"about":[{"href":"https:\/\/ffyh.unc.edu.ar\/publicaciones\/wp-json\/wp\/v2\/types\/product"}],"replies":[{"embeddable":true,"href":"https:\/\/ffyh.unc.edu.ar\/publicaciones\/wp-json\/wp\/v2\/comments?post=5098"}],"wp:featuredmedia":[{"embeddable":true,"href":"https:\/\/ffyh.unc.edu.ar\/publicaciones\/wp-json\/wp\/v2\/media\/5096"}],"wp:attachment":[{"href":"https:\/\/ffyh.unc.edu.ar\/publicaciones\/wp-json\/wp\/v2\/media?parent=5098"}],"wp:term":[{"taxonomy":"product_brand","embeddable":true,"href":"https:\/\/ffyh.unc.edu.ar\/publicaciones\/wp-json\/wp\/v2\/product_brand?post=5098"},{"taxonomy":"product_cat","embeddable":true,"href":"https:\/\/ffyh.unc.edu.ar\/publicaciones\/wp-json\/wp\/v2\/product_cat?post=5098"},{"taxonomy":"product_tag","embeddable":true,"href":"https:\/\/ffyh.unc.edu.ar\/publicaciones\/wp-json\/wp\/v2\/product_tag?post=5098"},{"taxonomy":"autor","embeddable":true,"href":"https:\/\/ffyh.unc.edu.ar\/publicaciones\/wp-json\/wp\/v2\/autor?post=5098"},{"taxonomy":"editor","embeddable":true,"href":"https:\/\/ffyh.unc.edu.ar\/publicaciones\/wp-json\/wp\/v2\/editor?post=5098"},{"taxonomy":"traductor","embeddable":true,"href":"https:\/\/ffyh.unc.edu.ar\/publicaciones\/wp-json\/wp\/v2\/traductor?post=5098"},{"taxonomy":"compilador","embeddable":true,"href":"https:\/\/ffyh.unc.edu.ar\/publicaciones\/wp-json\/wp\/v2\/compilador?post=5098"},{"taxonomy":"coordinador","embeddable":true,"href":"https:\/\/ffyh.unc.edu.ar\/publicaciones\/wp-json\/wp\/v2\/coordinador?post=5098"},{"taxonomy":"director","embeddable":true,"href":"https:\/\/ffyh.unc.edu.ar\/publicaciones\/wp-json\/wp\/v2\/director?post=5098"}],"curies":[{"name":"wp","href":"https:\/\/api.w.org\/{rel}","templated":true}]}}