{"id":5126,"date":"2025-08-29T09:53:05","date_gmt":"2025-08-29T12:53:05","guid":{"rendered":"https:\/\/ffyh.unc.edu.ar\/publicaciones\/?post_type=product&#038;p=5126"},"modified":"2025-08-29T10:04:16","modified_gmt":"2025-08-29T13:04:16","slug":"algunas-escuelas-tienen-ciudades-y-otras-no","status":"publish","type":"product","link":"https:\/\/ffyh.unc.edu.ar\/publicaciones\/tienda\/publicaciones-de-extension\/algunas-escuelas-tienen-ciudades-y-otras-no\/","title":{"rendered":"Algunas escuelas tienen ciudades y otras no"},"content":{"rendered":"<p>Cada escuela tiene diferentes historias, la nuestra tiene muchas que nos ayudan a enraizarnos y queremos disfrutarlas con ustedes. Desde el 2022 venimos creando narrativas sobre nuestra vida cotidiana en la escuela usando diferentes dispositivos art\u00edsticos y l\u00fadicos. En 2024 trabajamos con registros fotogr\u00e1ficos y decidimos compartir, a trav\u00e9s de este libro, c\u00f3mo vivimos cada d\u00eda y acercar un poquito de nuestra mirada, para que imaginen ese espacio que es nuestro territorio y nuestro paisaje. Si de narrar se trata, entonces, queremos compartirles dos relatos de nuestra vida cotidiana. Estos dos relatos se cuentan as\u00ed: \u00bfCon qu\u00e9 imagen le mostrar\u00edas la escuela a alguien que no la conoce? (lado izquierdo) y \u00bfC\u00f3mo es un d\u00eda entero en la escuela? (lado derecho). Estas breves historias las contamos a trav\u00e9s de fotograf\u00edas anal\u00f3gicas. \u00bfAnal\u00f3gicas? S\u00ed, nosotros tambi\u00e9n nos preguntamos qu\u00e9 es eso. As\u00ed, aprendimos que son fotos que vienen adentro de un rollito, que tenemos que elegir bien a qu\u00e9 le queremos sacar porque son poquitas y despu\u00e9s esperar un buen tiempo para poder verlas. A veces no salen como las hab\u00edamos imaginado, nos dijeron que era por la luz, aunque eso le da un toque especial.<\/p>\n","protected":false},"excerpt":{"rendered":"<p>Cada escuela tiene diferentes historias, la nuestra tiene muchas que nos ayudan a enraizarnos y queremos disfrutarlas con ustedes. Desde el 2022 venimos creando narrativas sobre nuestra vida cotidiana en la escuela usando diferentes dispositivos art\u00edsticos y l\u00fadicos. En 2024 trabajamos con registros fotogr\u00e1ficos y decidimos compartir, a trav\u00e9s de este libro, c\u00f3mo vivimos cada d\u00eda y acercar un poquito de nuestra mirada, para que imaginen ese espacio que es nuestro territorio y nuestro paisaje. Si de narrar se trata, entonces, queremos compartirles dos relatos de nuestra vida cotidiana. Estos dos relatos se cuentan as\u00ed: \u00bfCon qu\u00e9 imagen le mostrar\u00edas la escuela a alguien que no la conoce? (lado izquierdo) y \u00bfC\u00f3mo es un d\u00eda entero en la escuela? (lado derecho). Estas breves historias las contamos a trav\u00e9s de fotograf\u00edas anal\u00f3gicas. \u00bfAnal\u00f3gicas? S\u00ed, nosotros tambi\u00e9n nos preguntamos qu\u00e9 es eso. As\u00ed, aprendimos que son fotos que vienen adentro de un rollito, que tenemos que elegir bien a qu\u00e9 le queremos sacar porque son poquitas y despu\u00e9s esperar un buen tiempo para poder verlas. A veces no salen como las hab\u00edamos imaginado, nos dijeron que era por la luz, aunque eso le da un toque especial.<\/p>\n","protected":false},"featured_media":5129,"comment_status":"closed","ping_status":"closed","template":"","meta":{"_acf_changed":false,"colormag_page_container_layout":"default_layout","colormag_page_sidebar_layout":"default_layout"},"product_brand":[],"product_cat":[26],"product_tag":[1525,2779,1137],"autor":[2799,2803,2802,2801,2804,2789,2794,2782,2805,2795,2806,2785,2786,2792,2787,2790,2798,1824,2800,1819,2027,1823,2788,2780,2783,528,2556,2796,2797,2001,2791,2781,2793,2784],"editor":[2778,2777],"traductor":[],"compilador":[],"coordinador":[],"director":[],"class_list":{"0":"post-5126","1":"product","2":"type-product","3":"status-publish","4":"has-post-thumbnail","6":"product_cat-publicaciones-de-extension","7":"product_tag-educacion-primaria","8":"product_tag-escuela-albergue","9":"product_tag-extension-universitaria","10":"autor-adrian-moyano","11":"autor-agustin-cordoba","12":"autor-agustina-cortiglia","13":"autor-ana-rapi","14":"autor-belkys-giliberti","15":"autor-celeste-maylen-gonzalez","16":"autor-cesar-cuello","17":"autor-ciro-sebastian-barrera","18":"autor-cristian-rojo","19":"autor-fermina-heredia","20":"autor-franca-garraza","21":"autor-gael-mateo-bazan-gonzalez","22":"autor-ignacio-emanuel-brito","23":"autor-jeremias-lautaro-zapata","24":"autor-lautaro-alejandro-brito","25":"autor-lucas-joel-gonzalez","26":"autor-marcela-maldonado","27":"autor-marco-sottile","28":"autor-maria-bergero","29":"autor-maria-laura-freyre","30":"autor-mariano-pussetto","31":"autor-matias-cuellar","32":"autor-mia-jazmin-brito","33":"autor-michael-alanis","34":"autor-mikel-francisco-barrera","35":"autor-miriam-abate-daga","36":"autor-olga-bartolome","37":"autor-silvia-rocha","38":"autor-susana-bazan","39":"autor-susana-ferreyra","40":"autor-tiago-ledesma","41":"autor-tiziana-del-valle-arias","42":"autor-yuthiel-cristian-zapata","43":"autor-zahira-barros","44":"editor-agustina-cortiglia","45":"editor-ana-rapi","47":"first","48":"instock","49":"shipping-taxable","50":"product-type-external"},"acf":[],"_links":{"self":[{"href":"https:\/\/ffyh.unc.edu.ar\/publicaciones\/wp-json\/wp\/v2\/product\/5126","targetHints":{"allow":["GET"]}}],"collection":[{"href":"https:\/\/ffyh.unc.edu.ar\/publicaciones\/wp-json\/wp\/v2\/product"}],"about":[{"href":"https:\/\/ffyh.unc.edu.ar\/publicaciones\/wp-json\/wp\/v2\/types\/product"}],"replies":[{"embeddable":true,"href":"https:\/\/ffyh.unc.edu.ar\/publicaciones\/wp-json\/wp\/v2\/comments?post=5126"}],"wp:featuredmedia":[{"embeddable":true,"href":"https:\/\/ffyh.unc.edu.ar\/publicaciones\/wp-json\/wp\/v2\/media\/5129"}],"wp:attachment":[{"href":"https:\/\/ffyh.unc.edu.ar\/publicaciones\/wp-json\/wp\/v2\/media?parent=5126"}],"wp:term":[{"taxonomy":"product_brand","embeddable":true,"href":"https:\/\/ffyh.unc.edu.ar\/publicaciones\/wp-json\/wp\/v2\/product_brand?post=5126"},{"taxonomy":"product_cat","embeddable":true,"href":"https:\/\/ffyh.unc.edu.ar\/publicaciones\/wp-json\/wp\/v2\/product_cat?post=5126"},{"taxonomy":"product_tag","embeddable":true,"href":"https:\/\/ffyh.unc.edu.ar\/publicaciones\/wp-json\/wp\/v2\/product_tag?post=5126"},{"taxonomy":"autor","embeddable":true,"href":"https:\/\/ffyh.unc.edu.ar\/publicaciones\/wp-json\/wp\/v2\/autor?post=5126"},{"taxonomy":"editor","embeddable":true,"href":"https:\/\/ffyh.unc.edu.ar\/publicaciones\/wp-json\/wp\/v2\/editor?post=5126"},{"taxonomy":"traductor","embeddable":true,"href":"https:\/\/ffyh.unc.edu.ar\/publicaciones\/wp-json\/wp\/v2\/traductor?post=5126"},{"taxonomy":"compilador","embeddable":true,"href":"https:\/\/ffyh.unc.edu.ar\/publicaciones\/wp-json\/wp\/v2\/compilador?post=5126"},{"taxonomy":"coordinador","embeddable":true,"href":"https:\/\/ffyh.unc.edu.ar\/publicaciones\/wp-json\/wp\/v2\/coordinador?post=5126"},{"taxonomy":"director","embeddable":true,"href":"https:\/\/ffyh.unc.edu.ar\/publicaciones\/wp-json\/wp\/v2\/director?post=5126"}],"curies":[{"name":"wp","href":"https:\/\/api.w.org\/{rel}","templated":true}]}}