{"id":5134,"date":"2025-08-29T11:13:49","date_gmt":"2025-08-29T14:13:49","guid":{"rendered":"https:\/\/ffyh.unc.edu.ar\/publicaciones\/?post_type=product&#038;p=5134"},"modified":"2025-08-29T11:13:50","modified_gmt":"2025-08-29T14:13:50","slug":"las-del-mundo-al-reves-cartas-inevitables-para-todxs-desde-la-carcel","status":"publish","type":"product","link":"https:\/\/ffyh.unc.edu.ar\/publicaciones\/tienda\/sin-categorizar\/las-del-mundo-al-reves-cartas-inevitables-para-todxs-desde-la-carcel\/","title":{"rendered":"Las del mundo al rev\u00e9s. Cartas inevitables para todxs desde la c\u00e1rcel"},"content":{"rendered":"<p>En su juego singular con el espacio y el tiempo, en un contexto marcado por el encierro y lo irreversible, las cartas se revelan como un soporte poderoso para reencontrar y dar curso a toda la trama de relaciones-palabras que tejen el mundo, donde se cruzan lo \u00edntimo y lo social, lo secreto y lo p\u00fablico, las pasiones y las razones, el testimonio y la ficci\u00f3n. Donde se cruza tambi\u00e9n el umbral entre el afuera y el adentro, no un l\u00edmite, sino el borde que separa la doble faz, cara y cruz, anverso y reverso de lo mismo. Las del mundo al rev\u00e9s habitan en el rev\u00e9s del mundo al derecho y le env\u00edan cartas.<\/p>\n","protected":false},"excerpt":{"rendered":"<p>En su juego singular con el espacio y el tiempo, en un contexto marcado por el encierro y lo irreversible, las cartas se revelan como un soporte poderoso para reencontrar y dar curso a toda la trama de relaciones-palabras que tejen el mundo, donde se cruzan lo \u00edntimo y lo social, lo secreto y lo p\u00fablico, las pasiones y las razones, el testimonio y la ficci\u00f3n. Donde se cruza tambi\u00e9n el umbral entre el afuera y el adentro, no un l\u00edmite, sino el borde que separa la doble faz, cara y cruz, anverso y reverso de lo mismo. Las del mundo al rev\u00e9s habitan en el rev\u00e9s del mundo al derecho y le env\u00edan cartas.<\/p>\n","protected":false},"featured_media":5136,"comment_status":"closed","ping_status":"closed","template":"","meta":{"_acf_changed":false,"colormag_page_container_layout":"default_layout","colormag_page_sidebar_layout":"default_layout"},"product_brand":[],"product_cat":[17],"product_tag":[2807,2417,1367],"autor":[2820,2815,2818,2812,625,2813,2817,2824,1304,2810,2821,2219,2819,2822,426,2811,2825,2809,2808,2816,2814,2823],"editor":[],"traductor":[],"compilador":[],"coordinador":[],"director":[],"class_list":{"0":"post-5134","1":"product","2":"type-product","3":"status-publish","4":"has-post-thumbnail","6":"product_cat-sin-categorizar","7":"product_tag-carceles","8":"product_tag-escritura","9":"product_tag-mujeres","10":"autor-aldana-ramires","11":"autor-alicia-funes-bonemberg","12":"autor-andrea-oviedo","13":"autor-camila-bergel","14":"autor-carolina-rusca","15":"autor-cintia-bozo-cuba","16":"autor-claudia-macietti","17":"autor-emilse-villafane","18":"autor-flavia-romero","19":"autor-florencia-baratelli","20":"autor-graciela-sanabria","21":"autor-julia-monge","22":"autor-lucia-palacio","23":"autor-lucia-scoles","24":"autor-marcela-carignano","25":"autor-maria-lourdes-bentos","26":"autor-mariana","27":"autor-noemi-baldini","28":"autor-nora-abelleira","29":"autor-ricardo-lubrina","30":"autor-silvia-camargo","31":"autor-yesica-sinsky","33":"first","34":"instock","35":"shipping-taxable","36":"product-type-external"},"acf":[],"_links":{"self":[{"href":"https:\/\/ffyh.unc.edu.ar\/publicaciones\/wp-json\/wp\/v2\/product\/5134","targetHints":{"allow":["GET"]}}],"collection":[{"href":"https:\/\/ffyh.unc.edu.ar\/publicaciones\/wp-json\/wp\/v2\/product"}],"about":[{"href":"https:\/\/ffyh.unc.edu.ar\/publicaciones\/wp-json\/wp\/v2\/types\/product"}],"replies":[{"embeddable":true,"href":"https:\/\/ffyh.unc.edu.ar\/publicaciones\/wp-json\/wp\/v2\/comments?post=5134"}],"wp:featuredmedia":[{"embeddable":true,"href":"https:\/\/ffyh.unc.edu.ar\/publicaciones\/wp-json\/wp\/v2\/media\/5136"}],"wp:attachment":[{"href":"https:\/\/ffyh.unc.edu.ar\/publicaciones\/wp-json\/wp\/v2\/media?parent=5134"}],"wp:term":[{"taxonomy":"product_brand","embeddable":true,"href":"https:\/\/ffyh.unc.edu.ar\/publicaciones\/wp-json\/wp\/v2\/product_brand?post=5134"},{"taxonomy":"product_cat","embeddable":true,"href":"https:\/\/ffyh.unc.edu.ar\/publicaciones\/wp-json\/wp\/v2\/product_cat?post=5134"},{"taxonomy":"product_tag","embeddable":true,"href":"https:\/\/ffyh.unc.edu.ar\/publicaciones\/wp-json\/wp\/v2\/product_tag?post=5134"},{"taxonomy":"autor","embeddable":true,"href":"https:\/\/ffyh.unc.edu.ar\/publicaciones\/wp-json\/wp\/v2\/autor?post=5134"},{"taxonomy":"editor","embeddable":true,"href":"https:\/\/ffyh.unc.edu.ar\/publicaciones\/wp-json\/wp\/v2\/editor?post=5134"},{"taxonomy":"traductor","embeddable":true,"href":"https:\/\/ffyh.unc.edu.ar\/publicaciones\/wp-json\/wp\/v2\/traductor?post=5134"},{"taxonomy":"compilador","embeddable":true,"href":"https:\/\/ffyh.unc.edu.ar\/publicaciones\/wp-json\/wp\/v2\/compilador?post=5134"},{"taxonomy":"coordinador","embeddable":true,"href":"https:\/\/ffyh.unc.edu.ar\/publicaciones\/wp-json\/wp\/v2\/coordinador?post=5134"},{"taxonomy":"director","embeddable":true,"href":"https:\/\/ffyh.unc.edu.ar\/publicaciones\/wp-json\/wp\/v2\/director?post=5134"}],"curies":[{"name":"wp","href":"https:\/\/api.w.org\/{rel}","templated":true}]}}