{"id":5142,"date":"2025-09-02T09:43:05","date_gmt":"2025-09-02T12:43:05","guid":{"rendered":"https:\/\/ffyh.unc.edu.ar\/publicaciones\/?post_type=product&#038;p=5142"},"modified":"2025-09-02T09:43:20","modified_gmt":"2025-09-02T12:43:20","slug":"i-jornadas-geografias-indigenas-en-argentina-abordajes-perspectivas-y-activismos","status":"publish","type":"product","link":"https:\/\/ffyh.unc.edu.ar\/publicaciones\/tienda\/sin-categorizar\/i-jornadas-geografias-indigenas-en-argentina-abordajes-perspectivas-y-activismos\/","title":{"rendered":"I Jornadas Geograf\u00edas Ind\u00edgenas en Argentina Abordajes, perspectivas y activismos"},"content":{"rendered":"<p><span style=\"font-weight: 400\">La presente compilaci\u00f3n re\u00fane los res\u00famenes extendidos de las ponencias, posters y paneles compartidos en las I Jornadas Geograf\u00edas Ind\u00edgenas en Argentina: \u201cAbordajes, perspectivas y activismos\u201d, realizadas en C\u00f3rdoba entre el 15 y 16 de agosto de 2024. <\/span>Tal evento surge a partir de reconocer que existe una creciente movilizaci\u00f3n pol\u00edtica y territorial de grupos, pueblos naci\u00f3n o comunidades ind\u00edgenas, abor\u00edgenes y originarias en Am\u00e9rica Latina o Abya Yala, que expresan procesos de lucha por la ampliaci\u00f3n de la autonom\u00eda y la construcci\u00f3n identitaria en escenarios de invisibilizaci\u00f3n, as\u00ed como reivindicaciones por los derechos territoriales ancestrales, tanto en espacios urbanos como rurales. Si bien dentro de las Ciencias Sociales, algunas disciplinas vienen acompa\u00f1ando estos procesos, en Argentina no han sido preocupaciones centrales para la Geograf\u00eda, aunque existen investigaciones que crecientemente se vienen desarrollando de forma aislada pero sostenida.<\/p>\n","protected":false},"excerpt":{"rendered":"<p><span style=\"font-weight: 400\">La presente compilaci\u00f3n re\u00fane los res\u00famenes extendidos de las ponencias, posters y paneles compartidos en las I Jornadas Geograf\u00edas Ind\u00edgenas en Argentina: \u201cAbordajes, perspectivas y activismos\u201d, realizadas en C\u00f3rdoba entre el 15 y 16 de agosto de<\/span><\/p>\n<ol start=\"2024\">\n<li><span style=\"font-weight: 400\"> Tal evento surge a partir de reconocer que existe una creciente movilizaci\u00f3n pol\u00edtica y territorial de grupos, pueblos naci\u00f3n o comunidades ind\u00edgenas, abor\u00edgenes y originarias en Am\u00e9rica Latina o Abya Yala, que expresan procesos de lucha por la ampliaci\u00f3n de la autonom\u00eda y la construcci\u00f3n identitaria en escenarios de invisibilizaci\u00f3n, as\u00ed como reivindicaciones por los derechos territoriales ancestrales, tanto en espacios urbanos como rurales. Si bien dentro de las Ciencias Sociales, algunas disciplinas vienen acompa\u00f1ando estos procesos, en Argentina no han sido preocupaciones centrales para la Geograf\u00eda, aunque existen investigaciones que crecientemente se vienen desarrollando de forma aislada pero sostenida.<\/span><\/li>\n<\/ol>\n","protected":false},"featured_media":5143,"comment_status":"closed","ping_status":"closed","template":"","meta":{"_acf_changed":false,"colormag_page_container_layout":"default_layout","colormag_page_sidebar_layout":"default_layout"},"product_brand":[],"product_cat":[17],"product_tag":[1240,2838,2837,2839],"autor":[2865,2855,2864,2873,2858,2888,2854,2850,2844,2877,1307,2848,2870,2882,2849,2871,2845,2857,2847,2841,2883,1303,2846,2863,2884,2856,2885,2886,2874,2550,2876,2862,2859,2869,2860,2853,2887,2842,2880,2868,2872,2878,2881,2733,2851,2875,2867,2879,2852,2861,2843,2866,2840],"editor":[],"traductor":[],"compilador":[2889,2890,2892,2891],"coordinador":[],"director":[],"class_list":{"0":"post-5142","1":"product","2":"type-product","3":"status-publish","4":"has-post-thumbnail","6":"product_cat-sin-categorizar","7":"product_tag-argentina","8":"product_tag-geografia","9":"product_tag-geografia-indigena","10":"product_tag-indigena","11":"autor-adrian-nancufil","12":"autor-agustina-paula-fernandez-vilches","13":"autor-alberto-daniel","14":"autor-anabela-cadiz","15":"autor-andrea-milagros-ferrari","16":"autor-angela-catrilef-santana","17":"autor-blanca-antonela-alanis","18":"autor-brenda-sosa","19":"autor-camila-palomeque","20":"autor-camila-turtula","21":"autor-carolina-alvarez-avila","22":"autor-claudia-amuedo-gustavo-annesi","23":"autor-dary-garnautt","24":"autor-david-a-solis-aguilar","25":"autor-diego-catriel-leon","26":"autor-ernesto-llerena-garcia","27":"autor-fada-luna","28":"autor-freidine-evelyn-solange","29":"autor-gaston-frutos","30":"autor-gonzalo-dalbes","31":"autor-iracema-gavilan-galicia","32":"autor-jose-maria-bompadre","33":"autor-juan-helmann","34":"autor-juan-manuel-diez-tetamanti","35":"autor-kena-azevedo-chaves","36":"autor-leiza-abigail-lucero","37":"autor-leticia-larin","38":"autor-lorena-canuqueo-lof","39":"autor-lorena-higuera","40":"autor-lucas-palladino","41":"autor-luciana-clementi","42":"autor-malena-castilla","43":"autor-manuela-tejedor","44":"autor-maria-alejandra-taborda-caro","45":"autor-maria-candela-barale","46":"autor-maria-paula-contreras","47":"autor-mariano-epulef","48":"autor-mariela-tulian","49":"autor-marina-benzi","50":"autor-mayra-juanatey","51":"autor-melina-sanchez","52":"autor-mercedes-gomitolo","53":"autor-morita-carrasco","54":"autor-nelida-herrador","55":"autor-nicolas-nelson-giordano","56":"autor-nicolas-trivi","57":"autor-pablo-grane","58":"autor-pilar-cabre","59":"autor-rocio-ailen-ramirez","60":"autor-sol-elizabeth-tejerina","61":"autor-vanina-picapietra","62":"autor-vazquez","63":"autor-yazmin-asis-male","64":"compilador-ines-rosso","65":"compilador-lucas-cardozo","66":"compilador-lucas-palladino","67":"compilador-pilar-guadalupe-cabre","69":"first","70":"instock","71":"shipping-taxable","72":"product-type-external"},"acf":[],"_links":{"self":[{"href":"https:\/\/ffyh.unc.edu.ar\/publicaciones\/wp-json\/wp\/v2\/product\/5142","targetHints":{"allow":["GET"]}}],"collection":[{"href":"https:\/\/ffyh.unc.edu.ar\/publicaciones\/wp-json\/wp\/v2\/product"}],"about":[{"href":"https:\/\/ffyh.unc.edu.ar\/publicaciones\/wp-json\/wp\/v2\/types\/product"}],"replies":[{"embeddable":true,"href":"https:\/\/ffyh.unc.edu.ar\/publicaciones\/wp-json\/wp\/v2\/comments?post=5142"}],"wp:featuredmedia":[{"embeddable":true,"href":"https:\/\/ffyh.unc.edu.ar\/publicaciones\/wp-json\/wp\/v2\/media\/5143"}],"wp:attachment":[{"href":"https:\/\/ffyh.unc.edu.ar\/publicaciones\/wp-json\/wp\/v2\/media?parent=5142"}],"wp:term":[{"taxonomy":"product_brand","embeddable":true,"href":"https:\/\/ffyh.unc.edu.ar\/publicaciones\/wp-json\/wp\/v2\/product_brand?post=5142"},{"taxonomy":"product_cat","embeddable":true,"href":"https:\/\/ffyh.unc.edu.ar\/publicaciones\/wp-json\/wp\/v2\/product_cat?post=5142"},{"taxonomy":"product_tag","embeddable":true,"href":"https:\/\/ffyh.unc.edu.ar\/publicaciones\/wp-json\/wp\/v2\/product_tag?post=5142"},{"taxonomy":"autor","embeddable":true,"href":"https:\/\/ffyh.unc.edu.ar\/publicaciones\/wp-json\/wp\/v2\/autor?post=5142"},{"taxonomy":"editor","embeddable":true,"href":"https:\/\/ffyh.unc.edu.ar\/publicaciones\/wp-json\/wp\/v2\/editor?post=5142"},{"taxonomy":"traductor","embeddable":true,"href":"https:\/\/ffyh.unc.edu.ar\/publicaciones\/wp-json\/wp\/v2\/traductor?post=5142"},{"taxonomy":"compilador","embeddable":true,"href":"https:\/\/ffyh.unc.edu.ar\/publicaciones\/wp-json\/wp\/v2\/compilador?post=5142"},{"taxonomy":"coordinador","embeddable":true,"href":"https:\/\/ffyh.unc.edu.ar\/publicaciones\/wp-json\/wp\/v2\/coordinador?post=5142"},{"taxonomy":"director","embeddable":true,"href":"https:\/\/ffyh.unc.edu.ar\/publicaciones\/wp-json\/wp\/v2\/director?post=5142"}],"curies":[{"name":"wp","href":"https:\/\/api.w.org\/{rel}","templated":true}]}}