{"id":5171,"date":"2025-09-09T12:41:49","date_gmt":"2025-09-09T15:41:49","guid":{"rendered":"https:\/\/ffyh.unc.edu.ar\/publicaciones\/?post_type=product&#038;p=5171"},"modified":"2025-09-09T12:41:50","modified_gmt":"2025-09-09T15:41:50","slug":"malvinas-derechos-humanos-y-soberania-conversaciones-para-pensar-las-deudas-de-la-democracia","status":"publish","type":"product","link":"https:\/\/ffyh.unc.edu.ar\/publicaciones\/tienda\/publicaciones-de-ddhh-y-genero\/malvinas-derechos-humanos-y-soberania-conversaciones-para-pensar-las-deudas-de-la-democracia\/","title":{"rendered":"MALVINAS. Derechos Humanos y Soberan\u00eda Conversaciones para pensar las deudas de la democracia"},"content":{"rendered":"<p>El libro recoge los testimonios de cinco entrevistas realizadas en la Facultad de Filosof\u00eda y Humanidades de la UNC, con protagonistas de la guerra en el marco de un nuevo aniversario del inicio de la contienda b\u00e9lica, en una actividad llamada: \u201cMalvinas bajo bandera\u201d, el 4 de abril de 2024. Las personas que gentilmente aceptaron la<br \/>\ninvitaci\u00f3n para ser entrevistados p\u00fablicamente por Yanina Floridia, relatan sus memorias de la guerra, sus antecedentes y marcas que el conflicto les dej\u00f3. Se explayan sobre su vinculaci\u00f3n con las Fuerzas Armadas al momento del conflicto, sus vivencias e historias durante la guerra, su percepci\u00f3n sobre la marca que la misma dej\u00f3 en ellos, la posguerra y los motivos que los llevaron a agruparse en los colectivos que ahora integran. El volumen se completa con una introducci\u00f3n un apartado sobre la perspectiva de las nuevas generaciones y una breve contextualizaci\u00f3n hist\u00f3rica.<\/p>\n","protected":false},"excerpt":{"rendered":"<p>El libro recoge los testimonios de cinco entrevistas realizadas en la Facultad de Filosof\u00eda y Humanidades de la UNC, con protagonistas de la guerra en el marco de un nuevo aniversario del inicio de la contienda b\u00e9lica, en una actividad llamada: \u201cMalvinas bajo bandera\u201d, el 4 de abril de 2024. Las personas que gentilmente aceptaron la invitaci\u00f3n para ser entrevistados p\u00fablicamente por Yanina Floridia, relatan sus memorias de la guerra, sus antecedentes y marcas que el conflicto les dej\u00f3. Se explayan sobre su vinculaci\u00f3n con las Fuerzas Armadas al momento del conflicto, sus vivencias e historias durante la guerra, su percepci\u00f3n sobre la marca que la misma dej\u00f3 en ellos, la posguerra y los motivos que los llevaron a agruparse en los colectivos que ahora integran. El volumen se completa con una introducci\u00f3n un apartado sobre la perspectiva de las nuevas generaciones y una breve contextualizaci\u00f3n hist\u00f3rica.<\/p>\n","protected":false},"featured_media":5172,"comment_status":"closed","ping_status":"closed","template":"","meta":{"_acf_changed":false,"colormag_page_container_layout":"default_layout","colormag_page_sidebar_layout":"default_layout"},"product_brand":[],"product_cat":[1335],"product_tag":[],"autor":[1596,777,2899,207,822],"editor":[2895,2292,2898],"traductor":[],"compilador":[],"coordinador":[],"director":[],"class_list":{"0":"post-5171","1":"product","2":"type-product","3":"status-publish","4":"has-post-thumbnail","6":"product_cat-publicaciones-de-ddhh-y-genero","7":"autor-carolina-suescun","8":"autor-leandro-inchauspe","9":"autor-paloma-peralta","10":"autor-victoria-chabrando","11":"autor-yanina-floridia","12":"editor-leandro-inchauspe","13":"editor-victoria-chabrando","14":"editor-yanina-floridia","16":"first","17":"instock","18":"shipping-taxable","19":"product-type-external"},"acf":[],"_links":{"self":[{"href":"https:\/\/ffyh.unc.edu.ar\/publicaciones\/wp-json\/wp\/v2\/product\/5171","targetHints":{"allow":["GET"]}}],"collection":[{"href":"https:\/\/ffyh.unc.edu.ar\/publicaciones\/wp-json\/wp\/v2\/product"}],"about":[{"href":"https:\/\/ffyh.unc.edu.ar\/publicaciones\/wp-json\/wp\/v2\/types\/product"}],"replies":[{"embeddable":true,"href":"https:\/\/ffyh.unc.edu.ar\/publicaciones\/wp-json\/wp\/v2\/comments?post=5171"}],"wp:featuredmedia":[{"embeddable":true,"href":"https:\/\/ffyh.unc.edu.ar\/publicaciones\/wp-json\/wp\/v2\/media\/5172"}],"wp:attachment":[{"href":"https:\/\/ffyh.unc.edu.ar\/publicaciones\/wp-json\/wp\/v2\/media?parent=5171"}],"wp:term":[{"taxonomy":"product_brand","embeddable":true,"href":"https:\/\/ffyh.unc.edu.ar\/publicaciones\/wp-json\/wp\/v2\/product_brand?post=5171"},{"taxonomy":"product_cat","embeddable":true,"href":"https:\/\/ffyh.unc.edu.ar\/publicaciones\/wp-json\/wp\/v2\/product_cat?post=5171"},{"taxonomy":"product_tag","embeddable":true,"href":"https:\/\/ffyh.unc.edu.ar\/publicaciones\/wp-json\/wp\/v2\/product_tag?post=5171"},{"taxonomy":"autor","embeddable":true,"href":"https:\/\/ffyh.unc.edu.ar\/publicaciones\/wp-json\/wp\/v2\/autor?post=5171"},{"taxonomy":"editor","embeddable":true,"href":"https:\/\/ffyh.unc.edu.ar\/publicaciones\/wp-json\/wp\/v2\/editor?post=5171"},{"taxonomy":"traductor","embeddable":true,"href":"https:\/\/ffyh.unc.edu.ar\/publicaciones\/wp-json\/wp\/v2\/traductor?post=5171"},{"taxonomy":"compilador","embeddable":true,"href":"https:\/\/ffyh.unc.edu.ar\/publicaciones\/wp-json\/wp\/v2\/compilador?post=5171"},{"taxonomy":"coordinador","embeddable":true,"href":"https:\/\/ffyh.unc.edu.ar\/publicaciones\/wp-json\/wp\/v2\/coordinador?post=5171"},{"taxonomy":"director","embeddable":true,"href":"https:\/\/ffyh.unc.edu.ar\/publicaciones\/wp-json\/wp\/v2\/director?post=5171"}],"curies":[{"name":"wp","href":"https:\/\/api.w.org\/{rel}","templated":true}]}}