{"id":5176,"date":"2025-09-10T14:38:13","date_gmt":"2025-09-10T17:38:13","guid":{"rendered":"https:\/\/ffyh.unc.edu.ar\/publicaciones\/?post_type=product&#038;p=5176"},"modified":"2025-09-10T14:38:43","modified_gmt":"2025-09-10T17:38:43","slug":"reflexiones-y-practicas-metodologicas-en-las-geografias-argentinas","status":"publish","type":"product","link":"https:\/\/ffyh.unc.edu.ar\/publicaciones\/tienda\/sin-categorizar\/reflexiones-y-practicas-metodologicas-en-las-geografias-argentinas\/","title":{"rendered":"Reflexiones y pr\u00e1cticas metodol\u00f3gicas en las geograf\u00edas argentinas"},"content":{"rendered":"<p>Este libro colectivo surge de la necesidad de contar con materiales sistematizados sobre los desaf\u00edos y debates metodol\u00f3gicos en la Geograf\u00eda argentina. Re\u00fane aportes de docentes e investigadores\/as de universidades p\u00fablicas con trayectoria en la ense\u00f1anza de la metodolog\u00eda de la investigaci\u00f3n geogr\u00e1fica. La publicaci\u00f3n busca<br \/>\nvisibilizar la riqueza de enfoques, pr\u00e1cticas y reflexiones presentes en nuestras geograf\u00edas, recuperando experiencias situadas desde una perspectiva cr\u00edtica. Los cap\u00edtulos abordan dilemas epistemol\u00f3gicos, estrategias metodol\u00f3gicas, uso de tecnolog\u00edas geogr\u00e1ficas y desaf\u00edos pedag\u00f3gicos en la formaci\u00f3n investigativa. Se propone contribuir al debate sobre la producci\u00f3n de conocimiento geogr\u00e1fico, con \u00e9nfasis en la articulaci\u00f3n entre teor\u00eda, m\u00e9todo y territorio. El libro se ofrece como herramienta conceptual y did\u00e1ctica para quienes investigan, ense\u00f1an y aprenden en el campo de la Geograf\u00eda y las Ciencias Sociales.<\/p>\n","protected":false},"excerpt":{"rendered":"<p>Este libro colectivo surge de la necesidad de contar con materiales sistematizados sobre los desaf\u00edos y debates metodol\u00f3gicos en la Geograf\u00eda argentina. Re\u00fane aportes de docentes e investigadores\/as de universidades p\u00fablicas con trayectoria en la ense\u00f1anza de la metodolog\u00eda de la investigaci\u00f3n geogr\u00e1fica. La publicaci\u00f3n busca<br \/>\nvisibilizar la riqueza de enfoques, pr\u00e1cticas y reflexiones presentes en nuestras geograf\u00edas, recuperando experiencias situadas desde una perspectiva cr\u00edtica. Los cap\u00edtulos abordan dilemas epistemol\u00f3gicos, estrategias metodol\u00f3gicas, uso de tecnolog\u00edas geogr\u00e1ficas y desaf\u00edos pedag\u00f3gicos en la formaci\u00f3n investigativa. Se propone contribuir al debate sobre la producci\u00f3n de conocimiento geogr\u00e1fico, con \u00e9nfasis en la articulaci\u00f3n entre teor\u00eda, m\u00e9todo y territorio. El libro se ofrece como herramienta conceptual y did\u00e1ctica para quienes investigan, ense\u00f1an y aprenden en el campo de la Geograf\u00eda y las Ciencias Sociales.<\/p>\n","protected":false},"featured_media":5174,"comment_status":"closed","ping_status":"closed","template":"","meta":{"_acf_changed":false,"colormag_page_container_layout":"default_layout","colormag_page_sidebar_layout":"default_layout"},"product_brand":[],"product_cat":[17],"product_tag":[2838,2902],"autor":[2095,2913,2905,2919,2908,2904,2922,2907,2916,2920,2915,2921,2924,2918,2906,2917,2903,2912,2909,2923,2910,2914,2911],"editor":[2901,2900],"traductor":[],"compilador":[],"coordinador":[2926,2925],"director":[],"class_list":{"0":"post-5176","1":"product","2":"type-product","3":"status-publish","4":"has-post-thumbnail","6":"product_cat-sin-categorizar","7":"product_tag-geografia","8":"product_tag-metodologia","9":"autor-ailen-suyai-pereyra","10":"autor-aldana-mastrandrea","11":"autor-anabela-ivana-cadiz","12":"autor-andrea-ester-schaer","13":"autor-beatriz-ensabella","14":"autor-carolina-cisterna","15":"autor-claudia-a-sereno","16":"autor-del-rio-juan-pablo","17":"autor-derlis-daniela-parserisas","18":"autor-erica-schenkel","19":"autor-graciela-mugica","20":"autor-guillermo-nicolas-schiaffino","21":"autor-gustavo-buzai","22":"autor-ines-rosso","23":"autor-josefina-di-nucci","24":"autor-liliana-ramirez","25":"autor-luciana-buffalo","26":"autor-marcos-mare","27":"autor-maria-paula-ferrari","28":"autor-mariana-ines-suarez","29":"autor-matias-donato-laborde","30":"autor-norma-monzon","31":"autor-santiago-linares","32":"editor-carolina-cisterna","33":"editor-luciana-buffalo","34":"coordinador-carolina-cisterna","35":"coordinador-luciana-buffalo","37":"first","38":"instock","39":"shipping-taxable","40":"product-type-external"},"acf":[],"_links":{"self":[{"href":"https:\/\/ffyh.unc.edu.ar\/publicaciones\/wp-json\/wp\/v2\/product\/5176","targetHints":{"allow":["GET"]}}],"collection":[{"href":"https:\/\/ffyh.unc.edu.ar\/publicaciones\/wp-json\/wp\/v2\/product"}],"about":[{"href":"https:\/\/ffyh.unc.edu.ar\/publicaciones\/wp-json\/wp\/v2\/types\/product"}],"replies":[{"embeddable":true,"href":"https:\/\/ffyh.unc.edu.ar\/publicaciones\/wp-json\/wp\/v2\/comments?post=5176"}],"wp:featuredmedia":[{"embeddable":true,"href":"https:\/\/ffyh.unc.edu.ar\/publicaciones\/wp-json\/wp\/v2\/media\/5174"}],"wp:attachment":[{"href":"https:\/\/ffyh.unc.edu.ar\/publicaciones\/wp-json\/wp\/v2\/media?parent=5176"}],"wp:term":[{"taxonomy":"product_brand","embeddable":true,"href":"https:\/\/ffyh.unc.edu.ar\/publicaciones\/wp-json\/wp\/v2\/product_brand?post=5176"},{"taxonomy":"product_cat","embeddable":true,"href":"https:\/\/ffyh.unc.edu.ar\/publicaciones\/wp-json\/wp\/v2\/product_cat?post=5176"},{"taxonomy":"product_tag","embeddable":true,"href":"https:\/\/ffyh.unc.edu.ar\/publicaciones\/wp-json\/wp\/v2\/product_tag?post=5176"},{"taxonomy":"autor","embeddable":true,"href":"https:\/\/ffyh.unc.edu.ar\/publicaciones\/wp-json\/wp\/v2\/autor?post=5176"},{"taxonomy":"editor","embeddable":true,"href":"https:\/\/ffyh.unc.edu.ar\/publicaciones\/wp-json\/wp\/v2\/editor?post=5176"},{"taxonomy":"traductor","embeddable":true,"href":"https:\/\/ffyh.unc.edu.ar\/publicaciones\/wp-json\/wp\/v2\/traductor?post=5176"},{"taxonomy":"compilador","embeddable":true,"href":"https:\/\/ffyh.unc.edu.ar\/publicaciones\/wp-json\/wp\/v2\/compilador?post=5176"},{"taxonomy":"coordinador","embeddable":true,"href":"https:\/\/ffyh.unc.edu.ar\/publicaciones\/wp-json\/wp\/v2\/coordinador?post=5176"},{"taxonomy":"director","embeddable":true,"href":"https:\/\/ffyh.unc.edu.ar\/publicaciones\/wp-json\/wp\/v2\/director?post=5176"}],"curies":[{"name":"wp","href":"https:\/\/api.w.org\/{rel}","templated":true}]}}