{"id":5196,"date":"2025-09-19T12:37:20","date_gmt":"2025-09-19T15:37:20","guid":{"rendered":"https:\/\/ffyh.unc.edu.ar\/publicaciones\/?post_type=product&#038;p=5196"},"modified":"2025-09-19T12:38:41","modified_gmt":"2025-09-19T15:38:41","slug":"culturas-sexuales-juveniles-reconfiguraciones-subjetivas-entre-escuelas-y-entornos-digitales","status":"publish","type":"product","link":"https:\/\/ffyh.unc.edu.ar\/publicaciones\/tienda\/publicaciones-de-investigacion\/ciffyh\/colecciones-del-ciffyh\/culturas-sexuales-juveniles-reconfiguraciones-subjetivas-entre-escuelas-y-entornos-digitales\/","title":{"rendered":"Culturas sexuales juveniles: reconfiguraciones subjetivas entre escuelas y entornos digitales"},"content":{"rendered":"<p><span style=\"font-weight: 400\">Este libro re\u00fane algunos trabajos presentados en 2024 en el Simposio \u201cCulturas sexuales juveniles: expectativas, interpelaciones y nuevos mandatos\u201d, que se realiz\u00f3 en el marco del <\/span><i><span style=\"font-weight: 400\">XII Encuentro Interdisciplinario de Ciencias Sociales y Humanas. Democratizar el presente: desaf\u00edos epist\u00e9micos<\/span><\/i><span style=\"font-weight: 400\">, <\/span><i><span style=\"font-weight: 400\">interpelaciones pol\u00edticas.<\/span><\/i><span style=\"font-weight: 400\"> El encuentro sirvi\u00f3 para pensar las tensiones entre din\u00e1micas democratizadoras, luchas por la ampliaci\u00f3n de derechos y disputas por el reconocimiento, frente a movimientos autoritarios y acechos neoconservadores. All\u00ed se reunieron diversas perspectivas disciplinares, m\u00faltiples anclajes territoriales y variadas trayectorias de investigaci\u00f3n y experiencias de intervenci\u00f3n para intercambiar miradas y discusiones cr\u00edticas acerca de las rupturas y continuidades hist\u00f3ricas que configuran el escenario actual. En ese marco, el proyecto de investigaci\u00f3n \u201cCulturas sexuales juveniles: pedagog\u00edas de la sexualidad, mediaciones tecnol\u00f3gicas y afectividad en diferentes contextos de la provincia de C\u00f3rdoba\u201d, que celebra diez a\u00f1os de trabajo en el campo de estudio de experiencias juveniles de g\u00e9nero y sexualidad, propuso un eje de trabajo con foco en los desaf\u00edos y las transformaciones en distintos contextos, atendiendo a las caracter\u00edsticas de este momento epocal. En el presente libro reunimos algunos trabajos de ese eje que invitan a debatir la configuraci\u00f3n de culturas sexuales juveniles en torno a la producci\u00f3n de subjetividades poniendo el foco en los mundos digitales y el \u00e1mbito educativo.\u00a0<\/span><\/p>\n","protected":false},"excerpt":{"rendered":"<p><span style=\"font-weight: 400\">Este libro re\u00fane algunos trabajos presentados en 2024 en el Simposio \u201cCulturas sexuales juveniles: expectativas, interpelaciones y nuevos mandatos\u201d, que se realiz\u00f3 en el marco del <\/span><i><span style=\"font-weight: 400\">XII Encuentro Interdisciplinario de Ciencias Sociales y Humanas. Democratizar el presente: desaf\u00edos epist\u00e9micos<\/span><\/i><span style=\"font-weight: 400\">, <\/span><i><span style=\"font-weight: 400\">interpelaciones pol\u00edticas.<\/span><\/i><span style=\"font-weight: 400\"> El encuentro sirvi\u00f3 para pensar las tensiones entre din\u00e1micas democratizadoras, luchas por la ampliaci\u00f3n de derechos y disputas por el reconocimiento, frente a movimientos autoritarios y acechos neoconservadores. All\u00ed se reunieron diversas perspectivas disciplinares, m\u00faltiples anclajes territoriales y variadas trayectorias de investigaci\u00f3n y experiencias de intervenci\u00f3n para intercambiar miradas y discusiones cr\u00edticas acerca de las rupturas y continuidades hist\u00f3ricas que configuran el escenario actual.<\/span><\/p>\n","protected":false},"featured_media":5195,"comment_status":"closed","ping_status":"closed","template":"","meta":{"_acf_changed":false,"colormag_page_container_layout":"default_layout","colormag_page_sidebar_layout":"default_layout"},"product_brand":[],"product_cat":[31],"product_tag":[1177,2927,2928],"autor":[2936,2935,2938,2937,2929,2932,2934,466,2939,2940,571,572,2931,2107,2933,2930,2941],"editor":[],"traductor":[],"compilador":[],"coordinador":[2942,2943],"director":[],"class_list":{"0":"post-5196","1":"product","2":"type-product","3":"status-publish","4":"has-post-thumbnail","6":"product_cat-colecciones-del-ciffyh","7":"product_tag-educacion","8":"product_tag-genero","9":"product_tag-sexualidades","10":"autor-agustina-beltran-peirotti","11":"autor-ana-dolores-gonzalez-montbrun","12":"autor-ariana-maria-valle","13":"autor-camila-baez","14":"autor-camila-monso","15":"autor-daiana-zanel","16":"autor-evangelina-gabetta-fontanella","17":"autor-facundo-boccardi","18":"autor-giuliana-pates","19":"autor-guillermo-romero","20":"autor-maria-esteve","21":"autor-maria-gabriela-morales","22":"autor-maria-victoria-quaglia","23":"autor-marina-tomasini","24":"autor-martina-kaplan","25":"autor-natalia-gontero","26":"autor-pilar-anastasia-gonzalez","27":"coordinador-maria-esteve","28":"coordinador-maria-gabriela-morales","30":"first","31":"instock","32":"shipping-taxable","33":"product-type-external"},"acf":[],"_links":{"self":[{"href":"https:\/\/ffyh.unc.edu.ar\/publicaciones\/wp-json\/wp\/v2\/product\/5196","targetHints":{"allow":["GET"]}}],"collection":[{"href":"https:\/\/ffyh.unc.edu.ar\/publicaciones\/wp-json\/wp\/v2\/product"}],"about":[{"href":"https:\/\/ffyh.unc.edu.ar\/publicaciones\/wp-json\/wp\/v2\/types\/product"}],"replies":[{"embeddable":true,"href":"https:\/\/ffyh.unc.edu.ar\/publicaciones\/wp-json\/wp\/v2\/comments?post=5196"}],"wp:featuredmedia":[{"embeddable":true,"href":"https:\/\/ffyh.unc.edu.ar\/publicaciones\/wp-json\/wp\/v2\/media\/5195"}],"wp:attachment":[{"href":"https:\/\/ffyh.unc.edu.ar\/publicaciones\/wp-json\/wp\/v2\/media?parent=5196"}],"wp:term":[{"taxonomy":"product_brand","embeddable":true,"href":"https:\/\/ffyh.unc.edu.ar\/publicaciones\/wp-json\/wp\/v2\/product_brand?post=5196"},{"taxonomy":"product_cat","embeddable":true,"href":"https:\/\/ffyh.unc.edu.ar\/publicaciones\/wp-json\/wp\/v2\/product_cat?post=5196"},{"taxonomy":"product_tag","embeddable":true,"href":"https:\/\/ffyh.unc.edu.ar\/publicaciones\/wp-json\/wp\/v2\/product_tag?post=5196"},{"taxonomy":"autor","embeddable":true,"href":"https:\/\/ffyh.unc.edu.ar\/publicaciones\/wp-json\/wp\/v2\/autor?post=5196"},{"taxonomy":"editor","embeddable":true,"href":"https:\/\/ffyh.unc.edu.ar\/publicaciones\/wp-json\/wp\/v2\/editor?post=5196"},{"taxonomy":"traductor","embeddable":true,"href":"https:\/\/ffyh.unc.edu.ar\/publicaciones\/wp-json\/wp\/v2\/traductor?post=5196"},{"taxonomy":"compilador","embeddable":true,"href":"https:\/\/ffyh.unc.edu.ar\/publicaciones\/wp-json\/wp\/v2\/compilador?post=5196"},{"taxonomy":"coordinador","embeddable":true,"href":"https:\/\/ffyh.unc.edu.ar\/publicaciones\/wp-json\/wp\/v2\/coordinador?post=5196"},{"taxonomy":"director","embeddable":true,"href":"https:\/\/ffyh.unc.edu.ar\/publicaciones\/wp-json\/wp\/v2\/director?post=5196"}],"curies":[{"name":"wp","href":"https:\/\/api.w.org\/{rel}","templated":true}]}}