{"id":5222,"date":"2025-10-03T09:32:06","date_gmt":"2025-10-03T12:32:06","guid":{"rendered":"https:\/\/ffyh.unc.edu.ar\/publicaciones\/?post_type=product&#038;p=5222"},"modified":"2025-10-03T13:16:06","modified_gmt":"2025-10-03T16:16:06","slug":"lecturas-de-kafka-un-siglo-despues","status":"publish","type":"product","link":"https:\/\/ffyh.unc.edu.ar\/publicaciones\/tienda\/publicaciones-de-investigacion\/ciffyh\/colecciones-del-ciffyh\/lecturas-de-kafka-un-siglo-despues\/","title":{"rendered":"Lecturas de Kafka, un siglo despu\u00e9s"},"content":{"rendered":"<p><span style=\"font-weight: 400\">En sus Diarios, Kafka se refiere a la \u201cimposible abundancia\u201d de su propia obra, como una forma de se\u00f1alar las infinitas bifurcaciones que esta ofrece. L\u00edneas de paso tan ca\u00f3ticas como fugaces se entretejen en el mapa de un autor inclasificable que en la actualidad reafirma m\u00e1s que nunca su significaci\u00f3n. Ya sea desde el abordaje experiencial que realiza Canetti, pasando por los aportes de Hannah Arendt \u2013quien a trav\u00e9s de una \u201craz\u00f3n po\u00e9tica kafkiana\u201d encuentra el indicio de la espontaneidad creadora en su m\u00e1xima expresi\u00f3n\u2013, hasta la lectura deleuziana donde la literatura se vuelve una potencia pensada en la propia lengua para hacerla implosionar, los textos de Kafka se sustraen al poder interpretativo de turno y se encaminan a una instancia libre de intenciones. Vuelto cartograf\u00eda de una imposibilidad, el relato kafkiano siempre a punto de escribirse nos invita a repensar su lugar actual en la literatura. Este volumen recoge nuevas lecturas, realizadas tanto en Argentina como en Espa\u00f1a, de la obra de Kafka.<\/span><\/p>\n","protected":false},"excerpt":{"rendered":"<p><span style=\"font-weight: 400\">En sus Diarios, Kafka se refiere a la \u201cimposible abundancia\u201d de su propia obra, como una forma de se\u00f1alar las infinitas bifurcaciones que esta ofrece. L\u00edneas de paso tan ca\u00f3ticas como fugaces se entretejen en el mapa de un autor inclasificable que en la actualidad reafirma m\u00e1s que nunca su significaci\u00f3n. Ya sea desde el abordaje experiencial que realiza Canetti, pasando por los aportes de Hannah Arendt \u2013quien a trav\u00e9s de una \u201craz\u00f3n po\u00e9tica kafkiana\u201d encuentra el indicio de la espontaneidad creadora en su m\u00e1xima expresi\u00f3n\u2013, hasta la lectura deleuziana donde la literatura se vuelve una potencia pensada en la propia lengua para hacerla implosionar, los textos de Kafka se sustraen al poder interpretativo de turno y se encaminan a una instancia libre de intenciones.<\/span><\/p>\n","protected":false},"featured_media":5237,"comment_status":"closed","ping_status":"closed","template":"","meta":{"_acf_changed":false,"colormag_page_container_layout":"default_layout","colormag_page_sidebar_layout":"default_layout"},"product_brand":[],"product_cat":[30,31],"product_tag":[1425,2957,2956],"autor":[2966,2963,2969,2968,2971,2960,2965,2644,2643,2967,1540,2959,2961,2958,2962,2964,2970],"editor":[2955,2954],"traductor":[],"compilador":[],"coordinador":[],"director":[],"class_list":{"0":"post-5222","1":"product","2":"type-product","3":"status-publish","4":"has-post-thumbnail","6":"product_cat-ciffyh","7":"product_cat-colecciones-del-ciffyh","8":"product_tag-critica","9":"product_tag-kafka","10":"product_tag-lecturas","11":"autor-adriana-massa","12":"autor-annalisa-farina","13":"autor-ariadna-quiroga","14":"autor-atilio-rubino","15":"autor-facundo-saxe","16":"autor-fernando-castro-florez","17":"autor-flavio-kruger","18":"autor-francisco-martinez","19":"autor-francisco-salaris","20":"autor-gabriel-pascansky","21":"autor-gustavo-giovannini","22":"autor-hebe-castano","23":"autor-jorge-bracamonte","24":"autor-juan-valentin-brito","25":"autor-marcelo-burello","26":"autor-mariela-ferrari","27":"autor-ricardo-sanmartin","28":"editor-francisco-salaris","29":"editor-gustavo-giovannini","31":"first","32":"instock","33":"shipping-taxable","34":"product-type-external"},"acf":[],"_links":{"self":[{"href":"https:\/\/ffyh.unc.edu.ar\/publicaciones\/wp-json\/wp\/v2\/product\/5222","targetHints":{"allow":["GET"]}}],"collection":[{"href":"https:\/\/ffyh.unc.edu.ar\/publicaciones\/wp-json\/wp\/v2\/product"}],"about":[{"href":"https:\/\/ffyh.unc.edu.ar\/publicaciones\/wp-json\/wp\/v2\/types\/product"}],"replies":[{"embeddable":true,"href":"https:\/\/ffyh.unc.edu.ar\/publicaciones\/wp-json\/wp\/v2\/comments?post=5222"}],"wp:featuredmedia":[{"embeddable":true,"href":"https:\/\/ffyh.unc.edu.ar\/publicaciones\/wp-json\/wp\/v2\/media\/5237"}],"wp:attachment":[{"href":"https:\/\/ffyh.unc.edu.ar\/publicaciones\/wp-json\/wp\/v2\/media?parent=5222"}],"wp:term":[{"taxonomy":"product_brand","embeddable":true,"href":"https:\/\/ffyh.unc.edu.ar\/publicaciones\/wp-json\/wp\/v2\/product_brand?post=5222"},{"taxonomy":"product_cat","embeddable":true,"href":"https:\/\/ffyh.unc.edu.ar\/publicaciones\/wp-json\/wp\/v2\/product_cat?post=5222"},{"taxonomy":"product_tag","embeddable":true,"href":"https:\/\/ffyh.unc.edu.ar\/publicaciones\/wp-json\/wp\/v2\/product_tag?post=5222"},{"taxonomy":"autor","embeddable":true,"href":"https:\/\/ffyh.unc.edu.ar\/publicaciones\/wp-json\/wp\/v2\/autor?post=5222"},{"taxonomy":"editor","embeddable":true,"href":"https:\/\/ffyh.unc.edu.ar\/publicaciones\/wp-json\/wp\/v2\/editor?post=5222"},{"taxonomy":"traductor","embeddable":true,"href":"https:\/\/ffyh.unc.edu.ar\/publicaciones\/wp-json\/wp\/v2\/traductor?post=5222"},{"taxonomy":"compilador","embeddable":true,"href":"https:\/\/ffyh.unc.edu.ar\/publicaciones\/wp-json\/wp\/v2\/compilador?post=5222"},{"taxonomy":"coordinador","embeddable":true,"href":"https:\/\/ffyh.unc.edu.ar\/publicaciones\/wp-json\/wp\/v2\/coordinador?post=5222"},{"taxonomy":"director","embeddable":true,"href":"https:\/\/ffyh.unc.edu.ar\/publicaciones\/wp-json\/wp\/v2\/director?post=5222"}],"curies":[{"name":"wp","href":"https:\/\/api.w.org\/{rel}","templated":true}]}}