{"id":5241,"date":"2025-10-20T11:40:28","date_gmt":"2025-10-20T14:40:28","guid":{"rendered":"https:\/\/ffyh.unc.edu.ar\/publicaciones\/?post_type=product&#038;p=5241"},"modified":"2025-10-20T11:41:22","modified_gmt":"2025-10-20T14:41:22","slug":"actas-del-iii-encuentro-internacional-derechos-linguisticos-como-derechos-humanos","status":"publish","type":"product","link":"https:\/\/ffyh.unc.edu.ar\/publicaciones\/tienda\/sin-categorizar\/actas-del-iii-encuentro-internacional-derechos-linguisticos-como-derechos-humanos\/","title":{"rendered":"Actas del III Encuentro Internacional : Derechos Ling\u00fc\u00edsticos como Derechos Humanos"},"content":{"rendered":"<p>Este libro pretende acercar, tanto al p\u00fablico general como especializado, las conversaciones sostenidas en el III Encuentro Internacional: Derechos Ling\u00fc\u00edsticos como Derechos Humanos en Latinoam\u00e9rica. Sabemos que los estudios del lenguaje han tenido un rol central en los procesos de minorizaci\u00f3n con sus pol\u00edticas de control y a trav\u00e9s de la instalaci\u00f3n de ideas puristas sobre el lenguaje y las lenguas en el sentido com\u00fan. Conscientes de eso, esta publicaci\u00f3n re\u00fane gran parte de aquellos intercambios cuyo hilo conductor es el sentido cr\u00edtico a nuestro propio quehacer desde el \u00e1mbito de las ciencias sociales y las humanidades, como as\u00ed tambi\u00e9n a las nociones y conceptualizaciones que se ponen en juego en nuestras disciplinas.<\/p>\n","protected":false},"excerpt":{"rendered":"<p>Este libro pretende acercar, tanto al p\u00fablico general como especializado, las conversaciones sostenidas en el III Encuentro Internacional: Derechos Ling\u00fc\u00edsticos como Derechos Humanos en Latinoam\u00e9rica. Sabemos que los estudios del lenguaje han tenido un rol central en los procesos de minorizaci\u00f3n con sus pol\u00edticas de control y a trav\u00e9s de la instalaci\u00f3n de ideas puristas sobre el lenguaje y las lenguas en el sentido com\u00fan. Conscientes de eso, esta publicaci\u00f3n re\u00fane gran parte de aquellos intercambios cuyo hilo conductor es el sentido cr\u00edtico a nuestro propio quehacer desde el \u00e1mbito de las ciencias sociales y las humanidades, como as\u00ed tambi\u00e9n a las nociones y conceptualizaciones que se ponen en juego en nuestras disciplinas.<\/p>\n","protected":false},"featured_media":5242,"comment_status":"closed","ping_status":"closed","template":"","meta":{"_acf_changed":false,"colormag_page_container_layout":"default_layout","colormag_page_sidebar_layout":"default_layout"},"product_brand":[],"product_cat":[17],"product_tag":[1215,2974],"autor":[2994,2999,3005,3003,2979,2543,2022,2988,2983,3004,2993,2612,278,2982,277,2981,890,2978,2007,3009,228,2996,3001,2991,2985,2990,2554,2977,3000,2389,2196,3007,3008,2987,2986,2980,2984,2995,2989,2976,3006,2998,3002,2997,2975,1263,2992],"editor":[],"traductor":[],"compilador":[3011,3010],"coordinador":[],"director":[],"class_list":{"0":"post-5241","1":"product","2":"type-product","3":"status-publish","4":"has-post-thumbnail","6":"product_cat-sin-categorizar","7":"product_tag-derechos-humanos","8":"product_tag-derechos-linguisticos","9":"autor-alejandro-ballesteros","10":"autor-ana-moyano","11":"autor-ariel-gomez-serra","12":"autor-aylen-ytati-diaz","13":"autor-beatriz-bixio","14":"autor-camila-mendoza","15":"autor-cecilia-castro","16":"autor-cecilia-maltez","17":"autor-constanza-pellicci","18":"autor-federico-ternavasio","19":"autor-fernanda-libro","20":"autor-florencia-stalldecker","21":"autor-franca-maccioni","22":"autor-francisco-leal","23":"autor-gabriela-milone","24":"autor-guadalupe-garione","25":"autor-gustavo-gimenez","26":"autor-henry-boisrolin","27":"autor-joaquin-fernandez","28":"autor-jorge-aviles","29":"autor-leticia-paz-sena","30":"autor-luciana-almada","31":"autor-lucia-chiodi","32":"autor-lucia-santomero","33":"autor-luis-garcia","34":"autor-luisa-dominguez","35":"autor-luisa-ines-moreno","36":"autor-maria-florencia-sartori","37":"autor-maria-laura-grosso","38":"autor-maria-milagros-gonzalez","39":"autor-maria-soledad-boero","40":"autor-martin-tome","41":"autor-matias-larrosa","42":"autor-mercedes-ines-pandullo","43":"autor-monica-curiel","44":"autor-natalia-magrin","45":"autor-paloma-kreder","46":"autor-pam-ceccoli","47":"autor-pedro-viegas-barros","48":"autor-roberto-bein","49":"autor-roberto-rognoni","50":"autor-rocio-meichtri","51":"autor-romina-daniela-zanni","52":"autor-samira-castro","53":"autor-santiago-durante","54":"autor-sofia-de-mauro","55":"autor-victoria-scotto","56":"compilador-luisa-dominguez","57":"compilador-sofia-de-mauro","59":"first","60":"instock","61":"shipping-taxable","62":"product-type-external"},"acf":[],"_links":{"self":[{"href":"https:\/\/ffyh.unc.edu.ar\/publicaciones\/wp-json\/wp\/v2\/product\/5241","targetHints":{"allow":["GET"]}}],"collection":[{"href":"https:\/\/ffyh.unc.edu.ar\/publicaciones\/wp-json\/wp\/v2\/product"}],"about":[{"href":"https:\/\/ffyh.unc.edu.ar\/publicaciones\/wp-json\/wp\/v2\/types\/product"}],"replies":[{"embeddable":true,"href":"https:\/\/ffyh.unc.edu.ar\/publicaciones\/wp-json\/wp\/v2\/comments?post=5241"}],"wp:featuredmedia":[{"embeddable":true,"href":"https:\/\/ffyh.unc.edu.ar\/publicaciones\/wp-json\/wp\/v2\/media\/5242"}],"wp:attachment":[{"href":"https:\/\/ffyh.unc.edu.ar\/publicaciones\/wp-json\/wp\/v2\/media?parent=5241"}],"wp:term":[{"taxonomy":"product_brand","embeddable":true,"href":"https:\/\/ffyh.unc.edu.ar\/publicaciones\/wp-json\/wp\/v2\/product_brand?post=5241"},{"taxonomy":"product_cat","embeddable":true,"href":"https:\/\/ffyh.unc.edu.ar\/publicaciones\/wp-json\/wp\/v2\/product_cat?post=5241"},{"taxonomy":"product_tag","embeddable":true,"href":"https:\/\/ffyh.unc.edu.ar\/publicaciones\/wp-json\/wp\/v2\/product_tag?post=5241"},{"taxonomy":"autor","embeddable":true,"href":"https:\/\/ffyh.unc.edu.ar\/publicaciones\/wp-json\/wp\/v2\/autor?post=5241"},{"taxonomy":"editor","embeddable":true,"href":"https:\/\/ffyh.unc.edu.ar\/publicaciones\/wp-json\/wp\/v2\/editor?post=5241"},{"taxonomy":"traductor","embeddable":true,"href":"https:\/\/ffyh.unc.edu.ar\/publicaciones\/wp-json\/wp\/v2\/traductor?post=5241"},{"taxonomy":"compilador","embeddable":true,"href":"https:\/\/ffyh.unc.edu.ar\/publicaciones\/wp-json\/wp\/v2\/compilador?post=5241"},{"taxonomy":"coordinador","embeddable":true,"href":"https:\/\/ffyh.unc.edu.ar\/publicaciones\/wp-json\/wp\/v2\/coordinador?post=5241"},{"taxonomy":"director","embeddable":true,"href":"https:\/\/ffyh.unc.edu.ar\/publicaciones\/wp-json\/wp\/v2\/director?post=5241"}],"curies":[{"name":"wp","href":"https:\/\/api.w.org\/{rel}","templated":true}]}}