{"id":5246,"date":"2025-10-24T09:56:27","date_gmt":"2025-10-24T12:56:27","guid":{"rendered":"https:\/\/ffyh.unc.edu.ar\/publicaciones\/?post_type=product&#038;p=5246"},"modified":"2025-10-24T09:57:09","modified_gmt":"2025-10-24T12:57:09","slug":"por-una-filosofia-del-presente-derivas-foucaultianas","status":"publish","type":"product","link":"https:\/\/ffyh.unc.edu.ar\/publicaciones\/tienda\/publicaciones-de-investigacion\/ciffyh\/colecciones-del-ciffyh\/por-una-filosofia-del-presente-derivas-foucaultianas\/","title":{"rendered":"Por una filosof\u00eda del presente. Derivas Foucaultianas"},"content":{"rendered":"<p><span style=\"font-weight: 400\">Los aniversarios suelen ser ocasi\u00f3n para resignificar la vida y el trayecto de quienes nos han marcado, y Michel Foucault es un pensador cuyas reflexiones y pr\u00e1cticas intelectuales en Argentina y en el mundo no dejan de tocar las nuestras. Por eso, y a 40 a\u00f1os de su muerte, nos interesa propiciar un di\u00e1logo sobre el modo en que Foucault nos toc\u00f3 en nuestra pr\u00e1ctica como hacedoras de y en la Filosof\u00eda. Nos toc\u00f3 en tanto un modo de afectaci\u00f3n de nuestro pensamiento, nuestra producci\u00f3n, nuestras claves de lectura del mundo; y nos toc\u00f3 en suerte por el momento hist\u00f3rico, por docentes que nos acercaron su obra y las posibilidades de indagaci\u00f3n de su pensamiento. <\/span><span style=\"font-weight: 400\">Esta publicaci\u00f3n constituye un di\u00e1logo posible, quiz\u00e1s no siempre manifiesto, entre personas que se formaron en los a veces permeables m\u00e1rgenes de la filosof\u00eda acad\u00e9mica. Se trata del inicio de una conversaci\u00f3n, atemporal, que, en el acto de hacer p\u00fablicas estas discusiones, pone en com\u00fan lecturas sobre la potencia del pensamiento de Foucault. En tiempos aciagos, convocamos a crear este libro como un documento de \u00e9poca, un intento de di\u00e1logo intergeneracional. En estas p\u00e1ginas lxs invitamos a dejarse conmover por un pensamiento situado, cr\u00edtico, avezado. Por reflexiones que abren puertas, tienden puentes disciplinares, se escapan de ciertos marcos normativos que circunscriben un hacer filos\u00f3fico asc\u00e9tico.<\/span><\/p>\n<p>&nbsp;<\/p>\n","protected":false},"excerpt":{"rendered":"<p><span style=\"font-weight: 400\">Los aniversarios suelen ser ocasi\u00f3n para resignificar la vida y el trayecto de quienes nos han marcado, y Michel Foucault es un pensador cuyas reflexiones y pr\u00e1cticas intelectuales en Argentina y en el mundo no dejan de tocar las nuestras. Por eso, y a 40 a\u00f1os de su muerte, nos interesa propiciar un di\u00e1logo sobre el modo en que Foucault nos toc\u00f3 en nuestra pr\u00e1ctica como hacedoras de y en la Filosof\u00eda. Nos toc\u00f3 en tanto un modo de afectaci\u00f3n de nuestro pensamiento, nuestra producci\u00f3n, nuestras claves de lectura del mundo; y nos toc\u00f3 en suerte por el momento hist\u00f3rico, por docentes que nos acercaron su obra y las posibilidades de indagaci\u00f3n de su pensamiento.<\/span><\/p>\n","protected":false},"featured_media":5245,"comment_status":"closed","ping_status":"closed","template":"","meta":{"_acf_changed":false,"colormag_page_container_layout":"default_layout","colormag_page_sidebar_layout":"default_layout"},"product_brand":[],"product_cat":[31],"product_tag":[],"autor":[2512,950,1253,3012,364,3013,1890,2219,1579,2510,3014],"editor":[2503,2504],"traductor":[],"compilador":[],"coordinador":[],"director":[],"class_list":{"0":"post-5246","1":"product","2":"type-product","3":"status-publish","4":"has-post-thumbnail","6":"product_cat-colecciones-del-ciffyh","7":"autor-alberto-canseco","8":"autor-andrea-torrano","9":"autor-constanza-san-pedro","10":"autor-cristina-solange-donda","11":"autor-eduardo-mattio","12":"autor-hernan-garcia-romanutti","13":"autor-ianina-moretti-basso","14":"autor-julia-monge","15":"autor-magali-herranz","16":"autor-maria-victoria-dahbar","17":"autor-martin-de-mauro-rocovsky","18":"editor-constanza-san-pedro","19":"editor-maria-victoria-dahbar","21":"first","22":"instock","23":"shipping-taxable","24":"product-type-external"},"acf":[],"_links":{"self":[{"href":"https:\/\/ffyh.unc.edu.ar\/publicaciones\/wp-json\/wp\/v2\/product\/5246","targetHints":{"allow":["GET"]}}],"collection":[{"href":"https:\/\/ffyh.unc.edu.ar\/publicaciones\/wp-json\/wp\/v2\/product"}],"about":[{"href":"https:\/\/ffyh.unc.edu.ar\/publicaciones\/wp-json\/wp\/v2\/types\/product"}],"replies":[{"embeddable":true,"href":"https:\/\/ffyh.unc.edu.ar\/publicaciones\/wp-json\/wp\/v2\/comments?post=5246"}],"wp:featuredmedia":[{"embeddable":true,"href":"https:\/\/ffyh.unc.edu.ar\/publicaciones\/wp-json\/wp\/v2\/media\/5245"}],"wp:attachment":[{"href":"https:\/\/ffyh.unc.edu.ar\/publicaciones\/wp-json\/wp\/v2\/media?parent=5246"}],"wp:term":[{"taxonomy":"product_brand","embeddable":true,"href":"https:\/\/ffyh.unc.edu.ar\/publicaciones\/wp-json\/wp\/v2\/product_brand?post=5246"},{"taxonomy":"product_cat","embeddable":true,"href":"https:\/\/ffyh.unc.edu.ar\/publicaciones\/wp-json\/wp\/v2\/product_cat?post=5246"},{"taxonomy":"product_tag","embeddable":true,"href":"https:\/\/ffyh.unc.edu.ar\/publicaciones\/wp-json\/wp\/v2\/product_tag?post=5246"},{"taxonomy":"autor","embeddable":true,"href":"https:\/\/ffyh.unc.edu.ar\/publicaciones\/wp-json\/wp\/v2\/autor?post=5246"},{"taxonomy":"editor","embeddable":true,"href":"https:\/\/ffyh.unc.edu.ar\/publicaciones\/wp-json\/wp\/v2\/editor?post=5246"},{"taxonomy":"traductor","embeddable":true,"href":"https:\/\/ffyh.unc.edu.ar\/publicaciones\/wp-json\/wp\/v2\/traductor?post=5246"},{"taxonomy":"compilador","embeddable":true,"href":"https:\/\/ffyh.unc.edu.ar\/publicaciones\/wp-json\/wp\/v2\/compilador?post=5246"},{"taxonomy":"coordinador","embeddable":true,"href":"https:\/\/ffyh.unc.edu.ar\/publicaciones\/wp-json\/wp\/v2\/coordinador?post=5246"},{"taxonomy":"director","embeddable":true,"href":"https:\/\/ffyh.unc.edu.ar\/publicaciones\/wp-json\/wp\/v2\/director?post=5246"}],"curies":[{"name":"wp","href":"https:\/\/api.w.org\/{rel}","templated":true}]}}