{"id":5281,"date":"2025-11-05T12:19:39","date_gmt":"2025-11-05T15:19:39","guid":{"rendered":"https:\/\/ffyh.unc.edu.ar\/publicaciones\/?post_type=product&#038;p=5281"},"modified":"2025-11-05T12:21:01","modified_gmt":"2025-11-05T15:21:01","slug":"tosco-rucci-el-debate-2","status":"publish","type":"product","link":"https:\/\/ffyh.unc.edu.ar\/publicaciones\/tienda\/sin-categorizar\/tosco-rucci-el-debate-2\/","title":{"rendered":"Tosco-Rucci. El debate"},"content":{"rendered":"<p>El debate entre los dirigentes sindicales Agust\u00edn Tosco y Jos\u00e9 Ignacio Rucci fue emitido en vivo, con gran audiencia, el martes 13 de febrero de 1973, en el programa \u201cLas Dos Campanas\u201d de Canal 11, con la conducci\u00f3n de Gerardo Sofovich y Jorge Conti. Desde aquella fecha a esta parte, ese debate fue publicado en varios libros y revistas. Sin embargo, siempre se hizo sobre el texto transcripto por la revista As\u00ed, publicada tres d\u00edas despu\u00e9s del debate televisivo. En la mayor\u00eda de sus partes, aquella transcripci\u00f3n de la revista ten\u00eda grandes omisiones, tergiversaciones y no era fiel a la oralidad de lo que all\u00ed se discut\u00eda. Aqu\u00ed se publica por primera vez la versi\u00f3n m\u00e1s completa del debate, fruto de la desgrabaci\u00f3n de la mayor parte de la cinta conservada con el audio original.<\/p>\n","protected":false},"excerpt":{"rendered":"<p>El debate entre los dirigentes sindicales Agust\u00edn Tosco y Jos\u00e9 Ignacio Rucci fue emitido en vivo, con gran audiencia, el martes 13 de febrero de 1973, en el programa \u201cLas Dos Campanas\u201d de Canal 11, con la conducci\u00f3n de Gerardo Sofovich y Jorge Conti. Desde aquella fecha a esta parte, ese debate fue publicado en varios libros y revistas. Sin embargo, siempre se hizo sobre el texto transcripto por la revista As\u00ed, publicada tres d\u00edas despu\u00e9s del debate televisivo. En la mayor\u00eda de sus partes, aquella transcripci\u00f3n de la revista ten\u00eda grandes omisiones, tergiversaciones y no era fiel a la oralidad de lo que all\u00ed se discut\u00eda. Aqu\u00ed se publica por primera vez la versi\u00f3n m\u00e1s completa del debate, fruto de la desgrabaci\u00f3n de la mayor parte de la cinta conservada con el audio original.<\/p>\n","protected":false},"featured_media":5282,"comment_status":"closed","ping_status":"closed","template":"","meta":{"_acf_changed":false,"colormag_page_container_layout":"default_layout","colormag_page_sidebar_layout":"default_layout"},"product_brand":[],"product_cat":[17],"product_tag":[],"autor":[208],"editor":[],"traductor":[],"compilador":[],"coordinador":[],"director":[],"class_list":{"0":"post-5281","1":"product","2":"type-product","3":"status-publish","4":"has-post-thumbnail","6":"product_cat-sin-categorizar","7":"autor-guillermo-vazquez","9":"first","10":"instock","11":"shipping-taxable","12":"product-type-simple"},"acf":[],"_links":{"self":[{"href":"https:\/\/ffyh.unc.edu.ar\/publicaciones\/wp-json\/wp\/v2\/product\/5281","targetHints":{"allow":["GET"]}}],"collection":[{"href":"https:\/\/ffyh.unc.edu.ar\/publicaciones\/wp-json\/wp\/v2\/product"}],"about":[{"href":"https:\/\/ffyh.unc.edu.ar\/publicaciones\/wp-json\/wp\/v2\/types\/product"}],"replies":[{"embeddable":true,"href":"https:\/\/ffyh.unc.edu.ar\/publicaciones\/wp-json\/wp\/v2\/comments?post=5281"}],"wp:featuredmedia":[{"embeddable":true,"href":"https:\/\/ffyh.unc.edu.ar\/publicaciones\/wp-json\/wp\/v2\/media\/5282"}],"wp:attachment":[{"href":"https:\/\/ffyh.unc.edu.ar\/publicaciones\/wp-json\/wp\/v2\/media?parent=5281"}],"wp:term":[{"taxonomy":"product_brand","embeddable":true,"href":"https:\/\/ffyh.unc.edu.ar\/publicaciones\/wp-json\/wp\/v2\/product_brand?post=5281"},{"taxonomy":"product_cat","embeddable":true,"href":"https:\/\/ffyh.unc.edu.ar\/publicaciones\/wp-json\/wp\/v2\/product_cat?post=5281"},{"taxonomy":"product_tag","embeddable":true,"href":"https:\/\/ffyh.unc.edu.ar\/publicaciones\/wp-json\/wp\/v2\/product_tag?post=5281"},{"taxonomy":"autor","embeddable":true,"href":"https:\/\/ffyh.unc.edu.ar\/publicaciones\/wp-json\/wp\/v2\/autor?post=5281"},{"taxonomy":"editor","embeddable":true,"href":"https:\/\/ffyh.unc.edu.ar\/publicaciones\/wp-json\/wp\/v2\/editor?post=5281"},{"taxonomy":"traductor","embeddable":true,"href":"https:\/\/ffyh.unc.edu.ar\/publicaciones\/wp-json\/wp\/v2\/traductor?post=5281"},{"taxonomy":"compilador","embeddable":true,"href":"https:\/\/ffyh.unc.edu.ar\/publicaciones\/wp-json\/wp\/v2\/compilador?post=5281"},{"taxonomy":"coordinador","embeddable":true,"href":"https:\/\/ffyh.unc.edu.ar\/publicaciones\/wp-json\/wp\/v2\/coordinador?post=5281"},{"taxonomy":"director","embeddable":true,"href":"https:\/\/ffyh.unc.edu.ar\/publicaciones\/wp-json\/wp\/v2\/director?post=5281"}],"curies":[{"name":"wp","href":"https:\/\/api.w.org\/{rel}","templated":true}]}}