{"id":5284,"date":"2025-11-05T12:57:16","date_gmt":"2025-11-05T15:57:16","guid":{"rendered":"https:\/\/ffyh.unc.edu.ar\/publicaciones\/?post_type=product&#038;p=5284"},"modified":"2025-11-05T12:57:17","modified_gmt":"2025-11-05T15:57:17","slug":"cartografias-de-las-memorias-lenguajes-de-la-cultura-cuerpos-y-escrituras","status":"publish","type":"product","link":"https:\/\/ffyh.unc.edu.ar\/publicaciones\/tienda\/publicaciones-de-investigacion\/ciffyh\/colecciones-del-ciffyh\/cartografias-de-las-memorias-lenguajes-de-la-cultura-cuerpos-y-escrituras\/","title":{"rendered":"Cartograf\u00edas de las memorias. Lenguajes de la cultura, cuerpos y escrituras"},"content":{"rendered":"<p><span style=\"font-weight: 400\">Este libro recoge las discusiones del equipo de investigaci\u00f3n de Cartograf\u00edas literarias del Cono Sur: 1970-2025: memoria, cuerpo y DDHH (SeCyT-CIFFyH-CIFAL). Tambi\u00e9n re\u00fane algunas colaboraciones presentadas en el Ateneo \u201cCuerpos, comunidad y libertad en el contexto de las actuales agendas de memoria y DDHH\u201d realizado en 2024 y contribuciones de personas con diversas trayectorias acad\u00e9micas, personales y militantes.\u00a0<\/span><\/p>\n<p><i><span style=\"font-weight: 400\">Cartograf\u00edas de las memorias: lenguajes de la cultura, cuerpos y escrituras <\/span><\/i><span style=\"font-weight: 400\">es el fruto de un esfuerzo colaborativo que re\u00fane las diversas voces de autores y autoras comprometidos\/as con los Derechos Humanos, la memoria hist\u00f3rica, y las disputas ling\u00fc\u00edstico-sem\u00e1nticas sobre libertad, experiencia y comunidad. Cada art\u00edculo refleja un aporte \u00fanico, pero en conjunto comparten un objetivo com\u00fan: ofrecer una mirada l\u00fadica y matizada de los lenguajes de la cultura frente a los discursos hegem\u00f3nicos actuales, en pos de trazar cartograf\u00edas que nos permitan transcurrir entre memorias, cuerpos y escrituras.<\/span><\/p>\n","protected":false},"excerpt":{"rendered":"<p><span style=\"font-weight: 400\">Este libro recoge las discusiones del equipo de investigaci\u00f3n de Cartograf\u00edas literarias del Cono Sur: 1970-2025: memoria, cuerpo y DDHH (SeCyT-CIFFyH-CIFAL). Tambi\u00e9n re\u00fane algunas colaboraciones presentadas en el Ateneo \u201cCuerpos, comunidad y libertad en el contexto de las actuales agendas de memoria y DDHH\u201d realizado en 2024 y contribuciones de personas con diversas trayectorias acad\u00e9micas, personales y militantes.\u00a0<\/span><\/p>\n<p>&nbsp;<\/p>\n","protected":false},"featured_media":5286,"comment_status":"closed","ping_status":"closed","template":"","meta":{"_acf_changed":false,"colormag_page_container_layout":"default_layout","colormag_page_sidebar_layout":"default_layout"},"product_brand":[],"product_cat":[31],"product_tag":[1215,2172,1080],"autor":[3022,3024,2317,171,2541,2318,3020,3021,2753,3017,719,3018,343,2575,3019,3023],"editor":[3016,3015],"traductor":[],"compilador":[],"coordinador":[],"director":[],"class_list":{"0":"post-5284","1":"product","2":"type-product","3":"status-publish","4":"has-post-thumbnail","6":"product_cat-colecciones-del-ciffyh","7":"product_tag-derechos-humanos","8":"product_tag-linguistica","9":"product_tag-memoria","10":"autor-edith-silveira","11":"autor-emiliana-gregoire","12":"autor-gabriela-sosa-san-martin","13":"autor-irene-audisio","14":"autor-lucia-rios","15":"autor-maria-manuela-corral","16":"autor-maria-trinidad-cornavaca","17":"autor-maria-virginia-saint-bonnet","18":"autor-mariana-garces","19":"autor-miriam-pino","20":"autor-paula-massano","21":"autor-sacha-kun-sabo","22":"autor-sebastian-martin","23":"autor-sofia-marciale-ochea","24":"autor-tatiana-del-valle-alvarez","25":"autor-yanina-luponio-saenz","26":"editor-lucia-rios","27":"editor-paula-massano","29":"first","30":"instock","31":"shipping-taxable","32":"product-type-external"},"acf":[],"_links":{"self":[{"href":"https:\/\/ffyh.unc.edu.ar\/publicaciones\/wp-json\/wp\/v2\/product\/5284","targetHints":{"allow":["GET"]}}],"collection":[{"href":"https:\/\/ffyh.unc.edu.ar\/publicaciones\/wp-json\/wp\/v2\/product"}],"about":[{"href":"https:\/\/ffyh.unc.edu.ar\/publicaciones\/wp-json\/wp\/v2\/types\/product"}],"replies":[{"embeddable":true,"href":"https:\/\/ffyh.unc.edu.ar\/publicaciones\/wp-json\/wp\/v2\/comments?post=5284"}],"wp:featuredmedia":[{"embeddable":true,"href":"https:\/\/ffyh.unc.edu.ar\/publicaciones\/wp-json\/wp\/v2\/media\/5286"}],"wp:attachment":[{"href":"https:\/\/ffyh.unc.edu.ar\/publicaciones\/wp-json\/wp\/v2\/media?parent=5284"}],"wp:term":[{"taxonomy":"product_brand","embeddable":true,"href":"https:\/\/ffyh.unc.edu.ar\/publicaciones\/wp-json\/wp\/v2\/product_brand?post=5284"},{"taxonomy":"product_cat","embeddable":true,"href":"https:\/\/ffyh.unc.edu.ar\/publicaciones\/wp-json\/wp\/v2\/product_cat?post=5284"},{"taxonomy":"product_tag","embeddable":true,"href":"https:\/\/ffyh.unc.edu.ar\/publicaciones\/wp-json\/wp\/v2\/product_tag?post=5284"},{"taxonomy":"autor","embeddable":true,"href":"https:\/\/ffyh.unc.edu.ar\/publicaciones\/wp-json\/wp\/v2\/autor?post=5284"},{"taxonomy":"editor","embeddable":true,"href":"https:\/\/ffyh.unc.edu.ar\/publicaciones\/wp-json\/wp\/v2\/editor?post=5284"},{"taxonomy":"traductor","embeddable":true,"href":"https:\/\/ffyh.unc.edu.ar\/publicaciones\/wp-json\/wp\/v2\/traductor?post=5284"},{"taxonomy":"compilador","embeddable":true,"href":"https:\/\/ffyh.unc.edu.ar\/publicaciones\/wp-json\/wp\/v2\/compilador?post=5284"},{"taxonomy":"coordinador","embeddable":true,"href":"https:\/\/ffyh.unc.edu.ar\/publicaciones\/wp-json\/wp\/v2\/coordinador?post=5284"},{"taxonomy":"director","embeddable":true,"href":"https:\/\/ffyh.unc.edu.ar\/publicaciones\/wp-json\/wp\/v2\/director?post=5284"}],"curies":[{"name":"wp","href":"https:\/\/api.w.org\/{rel}","templated":true}]}}