{"id":5318,"date":"2025-11-20T13:27:58","date_gmt":"2025-11-20T16:27:58","guid":{"rendered":"https:\/\/ffyh.unc.edu.ar\/publicaciones\/?post_type=product&#038;p=5318"},"modified":"2025-11-20T13:28:37","modified_gmt":"2025-11-20T16:28:37","slug":"tramas-de-lo-tecnico-cinco-aproximaciones-antropologicas","status":"publish","type":"product","link":"https:\/\/ffyh.unc.edu.ar\/publicaciones\/tienda\/publicaciones-de-investigacion\/ciffyh\/colecciones-del-ciffyh\/tramas-de-lo-tecnico-cinco-aproximaciones-antropologicas\/","title":{"rendered":"Tramas de lo t\u00e9cnico: cinco aproximaciones antropol\u00f3gicas"},"content":{"rendered":"<p><span style=\"font-weight: 400\">Este libro es el resultado de un trabajo colectivo de egresados de la Universidad Nacional de C\u00f3rdoba vinculados a la antropolog\u00eda, que se encontraron durante sus posgrados para dialogar sobre sus investigaciones. Centrado en el an\u00e1lisis de sujetos y objetos t\u00e9cnicos en sus trabajos de campo, el libro surge de la necesidad de compartir, dialogar y construir colectivamente ideas. A partir de un workshop realizado en 2023, desarrollaron un formato de comentario colectivo que refleja un a\u00f1o de intercambios sincr\u00f3nicos y asincr\u00f3nicos. Su objetivo es ofrecer un di\u00e1logo plural, accesible y riguroso, dirigido tanto a acad\u00e9micos como a p\u00fablicos interesados en el mundo t\u00e9cnico, mostrando un ejercicio de colaboraci\u00f3n y reflexi\u00f3n conjunta.<\/span><\/p>\n","protected":false},"excerpt":{"rendered":"<p><span style=\"font-weight: 400\">Este libro es el resultado de un trabajo colectivo de egresados de la Universidad Nacional de C\u00f3rdoba vinculados a la antropolog\u00eda, que se encontraron durante sus posgrados para dialogar sobre sus investigaciones. Centrado en el an\u00e1lisis de sujetos y objetos t\u00e9cnicos en sus trabajos de campo, el libro surge de la necesidad de compartir, dialogar y construir colectivamente ideas. A partir de un workshop realizado en 2023, desarrollaron un formato de comentario colectivo que refleja un a\u00f1o de intercambios sincr\u00f3nicos y asincr\u00f3nicos. Su objetivo es ofrecer un di\u00e1logo plural, accesible y riguroso, dirigido tanto a acad\u00e9micos como a p\u00fablicos interesados en el mundo t\u00e9cnico, mostrando un ejercicio de colaboraci\u00f3n y reflexi\u00f3n conjunta.<\/span><\/p>\n","protected":false},"featured_media":5317,"comment_status":"closed","ping_status":"closed","template":"","meta":{"_acf_changed":false,"colormag_page_container_layout":"default_layout","colormag_page_sidebar_layout":"default_layout"},"product_brand":[],"product_cat":[31],"product_tag":[1366,1106,3025],"autor":[2632,2661,3026,1411,1416],"editor":[],"traductor":[],"compilador":[],"coordinador":[3031,3028,3027,3030,3029],"director":[],"class_list":{"0":"post-5318","1":"product","2":"type-product","3":"status-publish","4":"has-post-thumbnail","6":"product_cat-colecciones-del-ciffyh","7":"product_tag-antropologia","8":"product_tag-ciencias-sociales","9":"product_tag-tecnica","10":"autor-armando-mudrik","11":"autor-cecilia-arganaraz","12":"autor-kest-ambrogi","13":"autor-maria-roberta-mina","14":"autor-mercedes-catalina-funes","15":"coordinador-armando-mudrik","16":"coordinador-cecilia-arganaraz","17":"coordinador-kest-ambrogi","18":"coordinador-maria-roberta-mina","19":"coordinador-mercedes-catalina-funes","21":"first","22":"instock","23":"shipping-taxable","24":"product-type-external"},"acf":[],"_links":{"self":[{"href":"https:\/\/ffyh.unc.edu.ar\/publicaciones\/wp-json\/wp\/v2\/product\/5318","targetHints":{"allow":["GET"]}}],"collection":[{"href":"https:\/\/ffyh.unc.edu.ar\/publicaciones\/wp-json\/wp\/v2\/product"}],"about":[{"href":"https:\/\/ffyh.unc.edu.ar\/publicaciones\/wp-json\/wp\/v2\/types\/product"}],"replies":[{"embeddable":true,"href":"https:\/\/ffyh.unc.edu.ar\/publicaciones\/wp-json\/wp\/v2\/comments?post=5318"}],"wp:featuredmedia":[{"embeddable":true,"href":"https:\/\/ffyh.unc.edu.ar\/publicaciones\/wp-json\/wp\/v2\/media\/5317"}],"wp:attachment":[{"href":"https:\/\/ffyh.unc.edu.ar\/publicaciones\/wp-json\/wp\/v2\/media?parent=5318"}],"wp:term":[{"taxonomy":"product_brand","embeddable":true,"href":"https:\/\/ffyh.unc.edu.ar\/publicaciones\/wp-json\/wp\/v2\/product_brand?post=5318"},{"taxonomy":"product_cat","embeddable":true,"href":"https:\/\/ffyh.unc.edu.ar\/publicaciones\/wp-json\/wp\/v2\/product_cat?post=5318"},{"taxonomy":"product_tag","embeddable":true,"href":"https:\/\/ffyh.unc.edu.ar\/publicaciones\/wp-json\/wp\/v2\/product_tag?post=5318"},{"taxonomy":"autor","embeddable":true,"href":"https:\/\/ffyh.unc.edu.ar\/publicaciones\/wp-json\/wp\/v2\/autor?post=5318"},{"taxonomy":"editor","embeddable":true,"href":"https:\/\/ffyh.unc.edu.ar\/publicaciones\/wp-json\/wp\/v2\/editor?post=5318"},{"taxonomy":"traductor","embeddable":true,"href":"https:\/\/ffyh.unc.edu.ar\/publicaciones\/wp-json\/wp\/v2\/traductor?post=5318"},{"taxonomy":"compilador","embeddable":true,"href":"https:\/\/ffyh.unc.edu.ar\/publicaciones\/wp-json\/wp\/v2\/compilador?post=5318"},{"taxonomy":"coordinador","embeddable":true,"href":"https:\/\/ffyh.unc.edu.ar\/publicaciones\/wp-json\/wp\/v2\/coordinador?post=5318"},{"taxonomy":"director","embeddable":true,"href":"https:\/\/ffyh.unc.edu.ar\/publicaciones\/wp-json\/wp\/v2\/director?post=5318"}],"curies":[{"name":"wp","href":"https:\/\/api.w.org\/{rel}","templated":true}]}}