{"id":5349,"date":"2025-12-16T11:36:54","date_gmt":"2025-12-16T14:36:54","guid":{"rendered":"https:\/\/ffyh.unc.edu.ar\/publicaciones\/?post_type=product&#038;p=5349"},"modified":"2025-12-16T11:38:11","modified_gmt":"2025-12-16T14:38:11","slug":"el-discurso-erotico-en-la-literatura-argentina","status":"publish","type":"product","link":"https:\/\/ffyh.unc.edu.ar\/publicaciones\/tienda\/sin-categorizar\/el-discurso-erotico-en-la-literatura-argentina\/","title":{"rendered":"El discurso er\u00f3tico en la literatura argentina"},"content":{"rendered":"<p>La discursividad er\u00f3tica performativa, denuncia, incomoda, hace explotar, deleita; y este libro es un convite a (re) leer las obras desde un balizado te\u00f3rico que redefine el goce de\/en la experiencia de recepci\u00f3n. La investigaci\u00f3n de Marcelo Moreno, cuidadosamente cr\u00edtica, rigurosa en sus decisiones metodol\u00f3gicas , caracteriza lo er\u00f3tico lo obsceno, lo pornogr\u00e1fico y sus derivas, en producciones argentinas de finales del siglo XX y del XXI, examinando las tensiones entre las corporalidades, la cultura, la sociedad, lo pol\u00edtico y las pol\u00edticas. Moreno, curador discursivo de la ficci\u00f3n er\u00f3tica argentina, selecciona poes\u00edas, cuentos, novelas, piezas dram\u00e1ticas \u2013 atendiendo a las liminalidades gen\u00e9ricas \u2013 para indagar sobre las problem\u00e1ticas de visibilidad y decibilidad en la puesta en escena del discurso er\u00f3tico, y reflexionar sobre las modalidades del deseo que cuestionan, desnaturalizan y hacen estallar estereotipos y convenciones sociales.<\/p>\n","protected":false},"excerpt":{"rendered":"<p>La discursividad er\u00f3tica performativa, denuncia, incomoda, hace explotar, deleita; y este libro es un convite a (re) leer las obras desde un balizado te\u00f3rico que redefine el goce de\/en la experiencia de recepci\u00f3n. La investigaci\u00f3n de Marcelo Moreno, cuidadosamente cr\u00edtica, rigurosa en sus decisiones metodol\u00f3gicas , caracteriza lo er\u00f3tico lo obsceno, lo pornogr\u00e1fico y sus derivas, en producciones argentinas de finales del siglo XX y del XXI, examinando las tensiones entre las corporalidades, la cultura, la sociedad, lo pol\u00edtico y las pol\u00edticas. Moreno, curador discursivo de la ficci\u00f3n er\u00f3tica argentina, selecciona poes\u00edas, cuentos, novelas, piezas dram\u00e1ticas \u2013 atendiendo a las liminalidades gen\u00e9ricas \u2013 para indagar sobre las problem\u00e1ticas de visibilidad y decibilidad en la puesta en escena del discurso er\u00f3tico, y reflexionar sobre las modalidades del deseo que cuestionan, desnaturalizan y hacen estallar estereotipos y convenciones sociales.<\/p>\n","protected":false},"featured_media":5348,"comment_status":"closed","ping_status":"closed","template":"","meta":{"_acf_changed":false,"colormag_page_container_layout":"default_layout","colormag_page_sidebar_layout":"default_layout"},"product_brand":[],"product_cat":[17],"product_tag":[3035,1229,3034,3032,3033],"autor":[982],"editor":[],"traductor":[],"compilador":[],"coordinador":[],"director":[],"class_list":{"0":"post-5349","1":"product","2":"type-product","3":"status-publish","4":"has-post-thumbnail","6":"product_cat-sin-categorizar","7":"product_tag-cuerpo","8":"product_tag-discurso","9":"product_tag-erotismo","10":"product_tag-lo-pornografico","11":"product_tag-politicas-discursivas-de-lo-erotico","12":"autor-marcelo-alejandro-moreno","14":"first","15":"instock","16":"shipping-taxable","17":"product-type-external"},"acf":[],"_links":{"self":[{"href":"https:\/\/ffyh.unc.edu.ar\/publicaciones\/wp-json\/wp\/v2\/product\/5349","targetHints":{"allow":["GET"]}}],"collection":[{"href":"https:\/\/ffyh.unc.edu.ar\/publicaciones\/wp-json\/wp\/v2\/product"}],"about":[{"href":"https:\/\/ffyh.unc.edu.ar\/publicaciones\/wp-json\/wp\/v2\/types\/product"}],"replies":[{"embeddable":true,"href":"https:\/\/ffyh.unc.edu.ar\/publicaciones\/wp-json\/wp\/v2\/comments?post=5349"}],"wp:featuredmedia":[{"embeddable":true,"href":"https:\/\/ffyh.unc.edu.ar\/publicaciones\/wp-json\/wp\/v2\/media\/5348"}],"wp:attachment":[{"href":"https:\/\/ffyh.unc.edu.ar\/publicaciones\/wp-json\/wp\/v2\/media?parent=5349"}],"wp:term":[{"taxonomy":"product_brand","embeddable":true,"href":"https:\/\/ffyh.unc.edu.ar\/publicaciones\/wp-json\/wp\/v2\/product_brand?post=5349"},{"taxonomy":"product_cat","embeddable":true,"href":"https:\/\/ffyh.unc.edu.ar\/publicaciones\/wp-json\/wp\/v2\/product_cat?post=5349"},{"taxonomy":"product_tag","embeddable":true,"href":"https:\/\/ffyh.unc.edu.ar\/publicaciones\/wp-json\/wp\/v2\/product_tag?post=5349"},{"taxonomy":"autor","embeddable":true,"href":"https:\/\/ffyh.unc.edu.ar\/publicaciones\/wp-json\/wp\/v2\/autor?post=5349"},{"taxonomy":"editor","embeddable":true,"href":"https:\/\/ffyh.unc.edu.ar\/publicaciones\/wp-json\/wp\/v2\/editor?post=5349"},{"taxonomy":"traductor","embeddable":true,"href":"https:\/\/ffyh.unc.edu.ar\/publicaciones\/wp-json\/wp\/v2\/traductor?post=5349"},{"taxonomy":"compilador","embeddable":true,"href":"https:\/\/ffyh.unc.edu.ar\/publicaciones\/wp-json\/wp\/v2\/compilador?post=5349"},{"taxonomy":"coordinador","embeddable":true,"href":"https:\/\/ffyh.unc.edu.ar\/publicaciones\/wp-json\/wp\/v2\/coordinador?post=5349"},{"taxonomy":"director","embeddable":true,"href":"https:\/\/ffyh.unc.edu.ar\/publicaciones\/wp-json\/wp\/v2\/director?post=5349"}],"curies":[{"name":"wp","href":"https:\/\/api.w.org\/{rel}","templated":true}]}}