{"id":5351,"date":"2026-02-03T11:32:28","date_gmt":"2026-02-03T14:32:28","guid":{"rendered":"https:\/\/ffyh.unc.edu.ar\/publicaciones\/?post_type=product&#038;p=5351"},"modified":"2026-02-03T11:33:10","modified_gmt":"2026-02-03T14:33:10","slug":"paisajes-de-guemes-habitar-la-casa-el-barrio-y-la-ciudad","status":"publish","type":"product","link":"https:\/\/ffyh.unc.edu.ar\/publicaciones\/tienda\/sin-categorizar\/paisajes-de-guemes-habitar-la-casa-el-barrio-y-la-ciudad\/","title":{"rendered":"Paisajes de G\u00fcemes. Habitar la casa, el barrio y la ciudad"},"content":{"rendered":"<p>A partir del encuentro entre diferentes disciplinas se invita a conocer y caminar los paisajes de una ciudad de C\u00f3rdoba cotidiana pero tambi\u00e9n poco conocida, que se despleg\u00f3 entre finales del siglo XIX y mediados del XX.<br \/>\nLos distintos art\u00edculos van entremezclando la historia de un barrio particular de C\u00f3rdoba como G\u00fcemes a partir de documentos y testimonios presentes en distintos soportes (escritos, visuales y orales).<\/p>\n","protected":false},"excerpt":{"rendered":"<p>A partir del encuentro entre diferentes disciplinas se invita a conocer y caminar los paisajes de una ciudad de C\u00f3rdoba cotidiana pero tambi\u00e9n poco conocida, que se despleg\u00f3 entre finales del siglo XIX y mediados del XX.<br \/>\nLos distintos art\u00edculos van entremezclando la historia de un barrio particular de C\u00f3rdoba como G\u00fcemes a partir de documentos y testimonios presentes en distintos soportes (escritos, visuales y orales).<\/p>\n","protected":false},"featured_media":5353,"comment_status":"closed","ping_status":"closed","template":"","meta":{"_acf_changed":false,"colormag_page_container_layout":"default_layout","colormag_page_sidebar_layout":"default_layout"},"product_brand":[],"product_cat":[17],"product_tag":[1080],"autor":[1298,3040,3038,3042,3046,3041,3039,3045,3044,3043],"editor":[3037,3036],"traductor":[],"compilador":[],"coordinador":[],"director":[],"class_list":{"0":"post-5351","1":"product","2":"type-product","3":"status-publish","4":"has-post-thumbnail","6":"product_cat-sin-categorizar","7":"product_tag-memoria","8":"autor-ana-sofia-maizon","9":"autor-carlos-angel-gonzalez","10":"autor-cecilia-moreyra","11":"autor-graciela-tedesco","12":"autor-hector-luis-tiraboschi","13":"autor-jose-montenegro","14":"autor-ma-cristina-amaya","15":"autor-mariana-amanda-eguia","16":"autor-mariel-arias","17":"autor-mauricio-di-gianantonio","18":"editor-cecilia-moreyra","19":"editor-graciela-tedesco","21":"first","22":"instock","23":"shipping-taxable","24":"product-type-external"},"acf":[],"_links":{"self":[{"href":"https:\/\/ffyh.unc.edu.ar\/publicaciones\/wp-json\/wp\/v2\/product\/5351","targetHints":{"allow":["GET"]}}],"collection":[{"href":"https:\/\/ffyh.unc.edu.ar\/publicaciones\/wp-json\/wp\/v2\/product"}],"about":[{"href":"https:\/\/ffyh.unc.edu.ar\/publicaciones\/wp-json\/wp\/v2\/types\/product"}],"replies":[{"embeddable":true,"href":"https:\/\/ffyh.unc.edu.ar\/publicaciones\/wp-json\/wp\/v2\/comments?post=5351"}],"wp:featuredmedia":[{"embeddable":true,"href":"https:\/\/ffyh.unc.edu.ar\/publicaciones\/wp-json\/wp\/v2\/media\/5353"}],"wp:attachment":[{"href":"https:\/\/ffyh.unc.edu.ar\/publicaciones\/wp-json\/wp\/v2\/media?parent=5351"}],"wp:term":[{"taxonomy":"product_brand","embeddable":true,"href":"https:\/\/ffyh.unc.edu.ar\/publicaciones\/wp-json\/wp\/v2\/product_brand?post=5351"},{"taxonomy":"product_cat","embeddable":true,"href":"https:\/\/ffyh.unc.edu.ar\/publicaciones\/wp-json\/wp\/v2\/product_cat?post=5351"},{"taxonomy":"product_tag","embeddable":true,"href":"https:\/\/ffyh.unc.edu.ar\/publicaciones\/wp-json\/wp\/v2\/product_tag?post=5351"},{"taxonomy":"autor","embeddable":true,"href":"https:\/\/ffyh.unc.edu.ar\/publicaciones\/wp-json\/wp\/v2\/autor?post=5351"},{"taxonomy":"editor","embeddable":true,"href":"https:\/\/ffyh.unc.edu.ar\/publicaciones\/wp-json\/wp\/v2\/editor?post=5351"},{"taxonomy":"traductor","embeddable":true,"href":"https:\/\/ffyh.unc.edu.ar\/publicaciones\/wp-json\/wp\/v2\/traductor?post=5351"},{"taxonomy":"compilador","embeddable":true,"href":"https:\/\/ffyh.unc.edu.ar\/publicaciones\/wp-json\/wp\/v2\/compilador?post=5351"},{"taxonomy":"coordinador","embeddable":true,"href":"https:\/\/ffyh.unc.edu.ar\/publicaciones\/wp-json\/wp\/v2\/coordinador?post=5351"},{"taxonomy":"director","embeddable":true,"href":"https:\/\/ffyh.unc.edu.ar\/publicaciones\/wp-json\/wp\/v2\/director?post=5351"}],"curies":[{"name":"wp","href":"https:\/\/api.w.org\/{rel}","templated":true}]}}