{"id":5412,"date":"2026-03-11T10:52:38","date_gmt":"2026-03-11T13:52:38","guid":{"rendered":"https:\/\/ffyh.unc.edu.ar\/publicaciones\/?post_type=product&#038;p=5412"},"modified":"2026-03-17T13:06:46","modified_gmt":"2026-03-17T16:06:46","slug":"pueblo-nacion-querandi-comunidad-telomian-condic-nuestra-historia","status":"publish","type":"product","link":"https:\/\/ffyh.unc.edu.ar\/publicaciones\/tienda\/sin-categorizar\/pueblo-nacion-querandi-comunidad-telomian-condic-nuestra-historia\/","title":{"rendered":"PUEBLO NACI\u00d3N QUERAND\u00cd. COMUNIDAD TELOMIAN CONDIC. Nuestra historia"},"content":{"rendered":"<p>Esta publicaci\u00f3n es el producto del trabajo que viene realizando la Comunidad Telomian Condic, del Pueblo Naci\u00f3n Querand\u00ed, junto con un grupo de ling\u00fcistas de diferentes universidades nacionales (UBA, UNC, UNRN). Desde hace unos a\u00f1os, han comenzado a difundir distinto tipo de comunicaciones acerca de los temas que vienen investigando en eventos, escuelas, jornadas acad\u00e9micas, muestras, revistas cient\u00edficas. Este material est\u00e1 dise\u00f1ado para contar la historia de la comunidad en particular, y del pueblo naci\u00f3n querand\u00ed en general, a partir de distintos documentos y la memoria oral que les fue transmitida. As\u00ed, se retoman fuentes hist\u00f3ricas, datos censales, de archivo; pero adem\u00e1s, se cuenta sobre la actualidad de la comunidad. Esto es, los distintos tipos de actividades que realizan, la alfarer\u00eda, la carpinter\u00eda, sus ceremonias, etc.<\/p>\n","protected":false},"excerpt":{"rendered":"<p>Esta publicaci\u00f3n es el producto del trabajo que viene realizando la Comunidad Telomian Condic, del Pueblo Naci\u00f3n Querand\u00ed, junto con un grupo de ling\u00fcistas de diferentes universidades nacionales (UBA, UNC, UNRN). Desde hace unos a\u00f1os, han comenzado a difundir distinto tipo de comunicaciones acerca de los temas que vienen investigando en eventos, escuelas, jornadas acad\u00e9micas, muestras, revistas cient\u00edficas. Este material est\u00e1 dise\u00f1ado para contar la historia de la comunidad en particular, y del pueblo naci\u00f3n querand\u00ed en general, a partir de distintos documentos y la memoria oral que les fue transmitida. As\u00ed, se retoman fuentes hist\u00f3ricas, datos censales, de archivo; pero adem\u00e1s, se cuenta sobre la actualidad de la comunidad. Esto es, los distintos tipos de actividades que realizan, la alfarer\u00eda, la carpinter\u00eda, sus ceremonias, etc.<\/p>\n","protected":false},"featured_media":5411,"comment_status":"closed","ping_status":"closed","template":"","meta":{"_acf_changed":false,"colormag_page_container_layout":"default_layout","colormag_page_sidebar_layout":"default_layout"},"product_brand":[],"product_cat":[17],"product_tag":[1240,3048,3047],"autor":[3050,3049,2990,3051,2989,1263],"editor":[],"traductor":[],"compilador":[],"coordinador":[],"director":[],"class_list":{"0":"post-5412","1":"product","2":"type-product","3":"status-publish","4":"has-post-thumbnail","6":"product_cat-sin-categorizar","7":"product_tag-argentina","8":"product_tag-pueblos-indigenas","9":"product_tag-querandi","10":"autor-carla-gorbalan","11":"autor-guillermo-gomez","12":"autor-luisa-dominguez","13":"autor-marisa-malvestitti","14":"autor-pedro-viegas-barros","15":"autor-sofia-de-mauro","17":"first","18":"instock","19":"shipping-taxable","20":"product-type-external"},"acf":[],"_links":{"self":[{"href":"https:\/\/ffyh.unc.edu.ar\/publicaciones\/wp-json\/wp\/v2\/product\/5412","targetHints":{"allow":["GET"]}}],"collection":[{"href":"https:\/\/ffyh.unc.edu.ar\/publicaciones\/wp-json\/wp\/v2\/product"}],"about":[{"href":"https:\/\/ffyh.unc.edu.ar\/publicaciones\/wp-json\/wp\/v2\/types\/product"}],"replies":[{"embeddable":true,"href":"https:\/\/ffyh.unc.edu.ar\/publicaciones\/wp-json\/wp\/v2\/comments?post=5412"}],"wp:featuredmedia":[{"embeddable":true,"href":"https:\/\/ffyh.unc.edu.ar\/publicaciones\/wp-json\/wp\/v2\/media\/5411"}],"wp:attachment":[{"href":"https:\/\/ffyh.unc.edu.ar\/publicaciones\/wp-json\/wp\/v2\/media?parent=5412"}],"wp:term":[{"taxonomy":"product_brand","embeddable":true,"href":"https:\/\/ffyh.unc.edu.ar\/publicaciones\/wp-json\/wp\/v2\/product_brand?post=5412"},{"taxonomy":"product_cat","embeddable":true,"href":"https:\/\/ffyh.unc.edu.ar\/publicaciones\/wp-json\/wp\/v2\/product_cat?post=5412"},{"taxonomy":"product_tag","embeddable":true,"href":"https:\/\/ffyh.unc.edu.ar\/publicaciones\/wp-json\/wp\/v2\/product_tag?post=5412"},{"taxonomy":"autor","embeddable":true,"href":"https:\/\/ffyh.unc.edu.ar\/publicaciones\/wp-json\/wp\/v2\/autor?post=5412"},{"taxonomy":"editor","embeddable":true,"href":"https:\/\/ffyh.unc.edu.ar\/publicaciones\/wp-json\/wp\/v2\/editor?post=5412"},{"taxonomy":"traductor","embeddable":true,"href":"https:\/\/ffyh.unc.edu.ar\/publicaciones\/wp-json\/wp\/v2\/traductor?post=5412"},{"taxonomy":"compilador","embeddable":true,"href":"https:\/\/ffyh.unc.edu.ar\/publicaciones\/wp-json\/wp\/v2\/compilador?post=5412"},{"taxonomy":"coordinador","embeddable":true,"href":"https:\/\/ffyh.unc.edu.ar\/publicaciones\/wp-json\/wp\/v2\/coordinador?post=5412"},{"taxonomy":"director","embeddable":true,"href":"https:\/\/ffyh.unc.edu.ar\/publicaciones\/wp-json\/wp\/v2\/director?post=5412"}],"curies":[{"name":"wp","href":"https:\/\/api.w.org\/{rel}","templated":true}]}}