{"id":5430,"date":"2026-03-19T12:16:30","date_gmt":"2026-03-19T15:16:30","guid":{"rendered":"https:\/\/ffyh.unc.edu.ar\/publicaciones\/?post_type=product&#038;p=5430"},"modified":"2026-03-19T12:18:00","modified_gmt":"2026-03-19T15:18:00","slug":"los-de-filo-estudiantes-y-egresados-de-la-facultad-de-filosofia-y-humanidades-de-la-unc-desaparecidos-y-asesinados-en-los-70","status":"publish","type":"product","link":"https:\/\/ffyh.unc.edu.ar\/publicaciones\/tienda\/sin-categorizar\/los-de-filo-estudiantes-y-egresados-de-la-facultad-de-filosofia-y-humanidades-de-la-unc-desaparecidos-y-asesinados-en-los-70\/","title":{"rendered":"Los de FILO: Estudiantes y egresados de la Facultad de Filosof\u00eda y Humanidades de la UNC desaparecidos y asesinados en los 70"},"content":{"rendered":"<p><!--more--><\/p>\n<p>La Facultad de Filosof\u00eda y Humanidades ha construido a lo largo de los a\u00f1os un s\u00f3lido compromiso con la memoria, la verdad y la justicia, que se ha traducido en diversas acciones institucionales, ubic\u00e1ndola tempranamente como un espacio de referencia en el marco de la Universidad con relaci\u00f3n a la tem\u00e1tica. Junto a las luchas por la institucionalizaci\u00f3n democr\u00e1tica y los posteriores esfuerzos para avanzar en la revitalizaci\u00f3n acad\u00e9mica y pol\u00edtica de la Facultad, se organizaron y apoyaron m\u00faltiples esfuerzos por visibilizar la problem\u00e1tica de las violaciones a los derechos humanos de la \u00faltima dictadura militar. Iniciativas gestadas tanto desde las secretar\u00edas de Asuntos Estudiantiles y Extensi\u00f3n, como del Centro de Estudiantes, agrupaciones estudiantiles, escuelas, departamentos, centros o c\u00e1tedras con sus equipos de docentes e investigadores.<\/p>\n<p>En esa l\u00ednea de definiciones, asumimos la necesidad de profundizar la incorporaci\u00f3n de la Memoria y los Derechos Humanos como eje constitutivo de la formaci\u00f3n en ciudadan\u00eda universitaria, en estricta consonancia con la apuesta, desde la universidad p\u00fablica, a la consolidaci\u00f3n de una sociedad democr\u00e1tica, justa e igualitaria. En diversos planos de la tarea institucional, este fue el eje organizador de diversos proyectos acad\u00e9micos, adem\u00e1s de una apuesta a la formaci\u00f3n comprometida firmemente con el nunca m\u00e1s al Terrorismo de Estado, a la impunidad frente a cr\u00edmenes de lesa humanidad, la tortura, la muerte, la desaparici\u00f3n de personas y sus hijos, la persecuci\u00f3n ideol\u00f3gica, las cesant\u00edas y el control policial de la vida acad\u00e9mica.<\/p>\n<p>Conmemorar los 35 a\u00f1os del Golpe Militar en Argentina fue una decisi\u00f3n institucional que, desde el inicio, tuvo una alta adhesi\u00f3n en miembros de la comunidad de nuestra Facultad. Docentes, estudiantes y egresados se avocaron decididamente a imaginar las m\u00e1s variadas expresiones que permitieran dar curso, tambi\u00e9n, a diversificadas formas de participaci\u00f3n y acompa\u00f1amiento a una conmemoraci\u00f3n alejada de todo viso de formalidad y estereotipia. Conmemoraci\u00f3n que acogiera en cambio todas aquellas producciones, reflexiones y emociones de un hecho que necesariamente se vincula con procesos identitarios individuales, grupales e institucionales muy profundos.<\/p>\n<p>Como uno de los frutos m\u00e1s acabados de estos esfuerzos surge \u00abLos de Filo\u00bb, publicaci\u00f3n en homenaje a estudiantes y egresados muertos y desaparecidos de la Facultad. \u00abLos de Filo\u00bb alude a una forma compartida de nombrarnos, acu\u00f1ada en los avatares cotidianos. Marca plural que nos remite a las identidades que buscamos rescatar y reconocer.<\/p>\n<p>Recuperar identidades de quienes eran parte de nuestra comunidad por aqu\u00e9l entonces, desde im\u00e1genes y relatos que llenan vac\u00edos en nuestra historia. Vac\u00edos que estamos convencidos\/as es necesario continuar poblando desde la construcci\u00f3n colectiva, con la certeza de que s\u00f3lo de esa manera abriremos un horizonte que en presente y hacia futuro se torne m\u00e1s humano, sin retaceos de ning\u00fan tipo.<\/p>\n<p>En este sentido, el trabajo del equipo de investigaci\u00f3n del CDA aporta datos trabajados con rigurosidad metodol\u00f3gica y amplios resguardos \u00e9ticos, que dejan abiertos nuevos caminos de b\u00fasqueda y convoca a continuar en el acopio de informaci\u00f3n, reconstrucci\u00f3n de detalles, y clarificaci\u00f3n de referencias que hagan m\u00e1s precisas la vida y la militancia de esos compa\u00f1eros.<\/p>\n<p>Las notas publicadas en \u00abAlfilo\u00bb acerca de la dictadura se integran a la trama de este texto, profundizando sentidos cuando en ellas se despliegan historias que reflejan a toda una generaci\u00f3n, y proponen l\u00edneas de an\u00e1lisis y reflexi\u00f3n acerca del valor de la Justicia como una instancia reparadora desde el Estado.<\/p>\n<p>A 35 a\u00f1os del Golpe, en tiempos en que esta problem\u00e1tica conmueve y moviliza a amplios sectores de nuestra sociedad, con la significativa emergencia del papel de los j\u00f3venes, esta Facultad de Filosof\u00eda y Humanidades renueva su compromiso \u00e9tico, pol\u00edtico y acad\u00e9mico en la profundizaci\u00f3n de la vida democr\u00e1tica, el avance de la sociedad en la condena del Terrorismo de Estado y el proyecto pol\u00edtico que lo acompa\u00f1\u00f3, y la ampliaci\u00f3n de los Derechos Humanos en todas sus expresiones.<\/p>\n","protected":false},"excerpt":{"rendered":"<p>La Facultad de Filosof\u00eda y Humanidades ha construido a lo largo de los a\u00f1os un s\u00f3lido compromiso con la memoria, la verdad y la justicia. En diversos planos de la tarea institucional, este fue el eje organizador de diversos proyectos acad\u00e9micos, adem\u00e1s de una apuesta a la formaci\u00f3n comprometida firmemente con el nunca m\u00e1s al Terrorismo de Estado. Conmemorar los 35 a\u00f1os del Golpe Militar en Argentina fue una decisi\u00f3n institucional que, desde el inicio, tuvo una alta adhesi\u00f3n en miembros de la comunidad de nuestra Facultad. Como uno de los frutos m\u00e1s acabados de estos esfuerzos surge \u00abLos de Filo\u00bb, publicaci\u00f3n en homenaje a estudiantes y egresados muertos y desaparecidos de la Facultad. Recuperar identidades de quienes eran parte de nuestra comunidad por aqu\u00e9l entonces, desde im\u00e1genes y relatos que llenan vac\u00edos en nuestra historia. En este sentido, el trabajo del equipo de investigaci\u00f3n del CDA aporta datos trabajados con rigurosidad metodol\u00f3gica y amplios resguardos \u00e9ticos, que dejan abiertos nuevos caminos de b\u00fasqueda. Las notas publicadas en \u00abAlfilo\u00bb acerca de la dictadura se integran a la trama de este texto. A 35 a\u00f1os del Golpe, esta Facultad de Filosof\u00eda y Humanidades renueva su compromiso \u00e9tico, pol\u00edtico y acad\u00e9mico en la profundizaci\u00f3n de la vida democr\u00e1tica, el avance de la sociedad en la condena del Terrorismo de Estado y la ampliaci\u00f3n de los Derechos Humanos en todas sus expresiones.<\/p>\n","protected":false},"featured_media":5433,"comment_status":"closed","ping_status":"closed","template":"","meta":{"_acf_changed":false,"colormag_page_container_layout":"default_layout","colormag_page_sidebar_layout":"default_layout"},"product_brand":[],"product_cat":[17],"product_tag":[1215,2651],"autor":[648,3054,3055,3056,854,3052,859,1073,3053,858],"editor":[],"traductor":[],"compilador":[],"coordinador":[],"director":[],"class_list":{"0":"post-5430","1":"product","2":"type-product","3":"status-publish","4":"has-post-thumbnail","6":"product_cat-sin-categorizar","7":"product_tag-derechos-humanos","8":"product_tag-dictadura","9":"autor-agustin-minatti","10":"autor-camilo-ratti","11":"autor-gloria-e-edelstein","12":"autor-leandro-hichauspe","13":"autor-malvina-gonzalez-lanfir","14":"autor-marta-paty-palacios","15":"autor-norma-san-nicolas","16":"autor-olga-silvia-avila","17":"autor-pablo-giordana","18":"autor-silvia-romano","20":"first","21":"instock","22":"shipping-taxable","23":"product-type-external"},"acf":[],"_links":{"self":[{"href":"https:\/\/ffyh.unc.edu.ar\/publicaciones\/wp-json\/wp\/v2\/product\/5430","targetHints":{"allow":["GET"]}}],"collection":[{"href":"https:\/\/ffyh.unc.edu.ar\/publicaciones\/wp-json\/wp\/v2\/product"}],"about":[{"href":"https:\/\/ffyh.unc.edu.ar\/publicaciones\/wp-json\/wp\/v2\/types\/product"}],"replies":[{"embeddable":true,"href":"https:\/\/ffyh.unc.edu.ar\/publicaciones\/wp-json\/wp\/v2\/comments?post=5430"}],"wp:featuredmedia":[{"embeddable":true,"href":"https:\/\/ffyh.unc.edu.ar\/publicaciones\/wp-json\/wp\/v2\/media\/5433"}],"wp:attachment":[{"href":"https:\/\/ffyh.unc.edu.ar\/publicaciones\/wp-json\/wp\/v2\/media?parent=5430"}],"wp:term":[{"taxonomy":"product_brand","embeddable":true,"href":"https:\/\/ffyh.unc.edu.ar\/publicaciones\/wp-json\/wp\/v2\/product_brand?post=5430"},{"taxonomy":"product_cat","embeddable":true,"href":"https:\/\/ffyh.unc.edu.ar\/publicaciones\/wp-json\/wp\/v2\/product_cat?post=5430"},{"taxonomy":"product_tag","embeddable":true,"href":"https:\/\/ffyh.unc.edu.ar\/publicaciones\/wp-json\/wp\/v2\/product_tag?post=5430"},{"taxonomy":"autor","embeddable":true,"href":"https:\/\/ffyh.unc.edu.ar\/publicaciones\/wp-json\/wp\/v2\/autor?post=5430"},{"taxonomy":"editor","embeddable":true,"href":"https:\/\/ffyh.unc.edu.ar\/publicaciones\/wp-json\/wp\/v2\/editor?post=5430"},{"taxonomy":"traductor","embeddable":true,"href":"https:\/\/ffyh.unc.edu.ar\/publicaciones\/wp-json\/wp\/v2\/traductor?post=5430"},{"taxonomy":"compilador","embeddable":true,"href":"https:\/\/ffyh.unc.edu.ar\/publicaciones\/wp-json\/wp\/v2\/compilador?post=5430"},{"taxonomy":"coordinador","embeddable":true,"href":"https:\/\/ffyh.unc.edu.ar\/publicaciones\/wp-json\/wp\/v2\/coordinador?post=5430"},{"taxonomy":"director","embeddable":true,"href":"https:\/\/ffyh.unc.edu.ar\/publicaciones\/wp-json\/wp\/v2\/director?post=5430"}],"curies":[{"name":"wp","href":"https:\/\/api.w.org\/{rel}","templated":true}]}}