{"id":5446,"date":"2026-04-27T10:26:53","date_gmt":"2026-04-27T13:26:53","guid":{"rendered":"https:\/\/ffyh.unc.edu.ar\/publicaciones\/?post_type=product&#038;p=5446"},"modified":"2026-04-28T10:58:04","modified_gmt":"2026-04-28T13:58:04","slug":"reinvenciones-de-lo-escolar-en-la-escuela-publica-instituciones-sujetos-y-experiencias-en-tiempos-de-demandas-de-igualdad","status":"publish","type":"product","link":"https:\/\/ffyh.unc.edu.ar\/publicaciones\/tienda\/sin-categorizar\/reinvenciones-de-lo-escolar-en-la-escuela-publica-instituciones-sujetos-y-experiencias-en-tiempos-de-demandas-de-igualdad\/","title":{"rendered":"Reinvenciones de lo escolar en la escuela p\u00fablica. Instituciones, sujetos y experiencias en tiempos de demandas de igualdad."},"content":{"rendered":"<p>Esta publicaci\u00f3n re\u00fane una serie de trabajos del proyecto de investigaci\u00f3n \u201cReinvenciones de lo escolar en la escuela p\u00fablica. Instituciones, sujetos y experiencias en tiempos de demandas de igualdad\u201d, proyecto Consolidar, aprobado y subsidiado por la Secretar\u00eda de Ciencia y Tecnolog\u00eda de la Universidad Nacional de C\u00f3rdoba.<\/p>\n","protected":false},"excerpt":{"rendered":"<p>Esta publicaci\u00f3n re\u00fane una serie de trabajos del proyecto de investigaci\u00f3n \u201cReinvenciones de lo escolar en la escuela p\u00fablica. Instituciones, sujetos y experiencias en tiempos de demandas de igualdad\u201d, proyecto Consolidar, aprobado y subsidiado por la Secretar\u00eda de Ciencia y Tecnolog\u00eda de la Universidad Nacional de C\u00f3rdoba.<\/p>\n","protected":false},"featured_media":5447,"comment_status":"closed","ping_status":"closed","template":"","meta":{"_acf_changed":false,"colormag_page_container_layout":"default_layout","colormag_page_sidebar_layout":"default_layout"},"product_brand":[],"product_cat":[17],"product_tag":[1177,3061],"autor":[1076,426,3058,422,1075],"editor":[],"traductor":[],"compilador":[],"coordinador":[3059,3060],"director":[],"class_list":{"0":"post-5446","1":"product","2":"type-product","3":"status-publish","4":"has-post-thumbnail","6":"product_cat-sin-categorizar","7":"product_tag-educacion","8":"product_tag-escuela","9":"autor-carina-bertolino","10":"autor-marcela-carignano","11":"autor-mariela-marcuzzi","12":"autor-marina-yazyi","13":"autor-marisa-muchiut","14":"coordinador-gustavo-enrique-rinaudo","15":"coordinador-olga-silvia-avila","17":"first","18":"instock","19":"shipping-taxable","20":"product-type-external"},"acf":[],"_links":{"self":[{"href":"https:\/\/ffyh.unc.edu.ar\/publicaciones\/wp-json\/wp\/v2\/product\/5446","targetHints":{"allow":["GET"]}}],"collection":[{"href":"https:\/\/ffyh.unc.edu.ar\/publicaciones\/wp-json\/wp\/v2\/product"}],"about":[{"href":"https:\/\/ffyh.unc.edu.ar\/publicaciones\/wp-json\/wp\/v2\/types\/product"}],"replies":[{"embeddable":true,"href":"https:\/\/ffyh.unc.edu.ar\/publicaciones\/wp-json\/wp\/v2\/comments?post=5446"}],"wp:featuredmedia":[{"embeddable":true,"href":"https:\/\/ffyh.unc.edu.ar\/publicaciones\/wp-json\/wp\/v2\/media\/5447"}],"wp:attachment":[{"href":"https:\/\/ffyh.unc.edu.ar\/publicaciones\/wp-json\/wp\/v2\/media?parent=5446"}],"wp:term":[{"taxonomy":"product_brand","embeddable":true,"href":"https:\/\/ffyh.unc.edu.ar\/publicaciones\/wp-json\/wp\/v2\/product_brand?post=5446"},{"taxonomy":"product_cat","embeddable":true,"href":"https:\/\/ffyh.unc.edu.ar\/publicaciones\/wp-json\/wp\/v2\/product_cat?post=5446"},{"taxonomy":"product_tag","embeddable":true,"href":"https:\/\/ffyh.unc.edu.ar\/publicaciones\/wp-json\/wp\/v2\/product_tag?post=5446"},{"taxonomy":"autor","embeddable":true,"href":"https:\/\/ffyh.unc.edu.ar\/publicaciones\/wp-json\/wp\/v2\/autor?post=5446"},{"taxonomy":"editor","embeddable":true,"href":"https:\/\/ffyh.unc.edu.ar\/publicaciones\/wp-json\/wp\/v2\/editor?post=5446"},{"taxonomy":"traductor","embeddable":true,"href":"https:\/\/ffyh.unc.edu.ar\/publicaciones\/wp-json\/wp\/v2\/traductor?post=5446"},{"taxonomy":"compilador","embeddable":true,"href":"https:\/\/ffyh.unc.edu.ar\/publicaciones\/wp-json\/wp\/v2\/compilador?post=5446"},{"taxonomy":"coordinador","embeddable":true,"href":"https:\/\/ffyh.unc.edu.ar\/publicaciones\/wp-json\/wp\/v2\/coordinador?post=5446"},{"taxonomy":"director","embeddable":true,"href":"https:\/\/ffyh.unc.edu.ar\/publicaciones\/wp-json\/wp\/v2\/director?post=5446"}],"curies":[{"name":"wp","href":"https:\/\/api.w.org\/{rel}","templated":true}]}}