{"id":1056,"date":"2022-08-31T19:01:30","date_gmt":"2022-08-31T19:01:30","guid":{"rendered":"https:\/\/ffyh.unc.edu.ar\/sae\/?page_id=1056"},"modified":"2026-02-05T18:47:47","modified_gmt":"2026-02-05T18:47:47","slug":"ingreso-2023","status":"publish","type":"page","link":"https:\/\/ffyh.unc.edu.ar\/sae\/ingreso-2023\/","title":{"rendered":"INGRESO 2026"},"content":{"rendered":"<h4><strong>Ingreso 2026 a la FFyH\u00a0<\/strong><\/h4>\n<p>Las <a href=\"https:\/\/blogs.ffyh.unc.edu.ar\/ingreso\/\">inscripciones<\/a> para el Ingreso 2026 ser\u00e1n del 25 de noviembre al 15 de diciembre hasta las 14hs por el Sistema Guaran\u00ed (de manera virtual).<\/p>\n<p>El Curso de Nivelaci\u00f3n 2026 es de modalidad PRESENCIAL, y se dictar\u00e1 en febrero del 2026.<\/p>\n<p>\ud83d\udc49En el\u00a0<a href=\"https:\/\/blogs.ffyh.unc.edu.ar\/ingreso\/\">Blog de Ingreso de la FFyH<\/a> vas a encontrar toda la informaci\u00f3n sobre las carreras y un instructivo para realizar la inscripci\u00f3n.<\/p>\n<p><a href=\"https:\/\/blogs.ffyh.unc.edu.ar\/ingreso\/2021\/10\/28\/eximicion-del-curso-de-nivelacion\/\">Eximici\u00f3n del Curso de Nivelaci\u00f3n.<\/a><\/p>\n<hr \/>\n<h4>Programa de Apoyo y Fortalecimiento al Ingreso &#8211; PAFI 2026<\/h4>\n<p>Si est\u00e1s pensando en ingresar a la Universidad estas actividades son para vos. Te invitamos a participar del\u00a0<strong>Programa de apoyo y fortalecimiento al ingreso (PAFI 2026),\u00a0<\/strong>que consisten en una serie de acciones que buscan fortalecer los lazos entre la escuela secundaria y la Universidad, para fortalecer el tramo de ingreso.<\/p>\n<p>Es fundamental acompa\u00f1ar el cambio que atraviesan las\/os estudiantes al pensar en la Universidad, entendiendo que el paso de \u201cser estudiante secundaria\/o\u201d a ser \u201cestudiante universitaria\/o\u201d es complejo, y se vuelve necesario brindar acciones tendientes a favorecer la apropiaci\u00f3n de una nueva cultura acad\u00e9mica, la incorporaci\u00f3n de nuevas herramientas de autogesti\u00f3n de los aprendizajes, incorporar palabras nuevas, apropiarse de un mayor volumen de material de estudio que requerir\u00e1 reforzar estrategias y h\u00e1bitos de estudio, entre otros aspectos.<\/p>\n<p>Te invitamos a participar de las diferentes actividades.<\/p>\n<p><strong>Objetivos<\/strong><\/p>\n<p>-Acompa\u00f1ar a las\/os estudiantes en la transici\u00f3n entre escuela secundaria y universidad para favorecer la inclusi\u00f3n y permanencia en la Universidad.<\/p>\n<p>-Brindar herramientas que propicien el desarrollo de buenos aprendizajes, h\u00e1bitos de estudio, organizaci\u00f3n y autogesti\u00f3n.<\/p>\n<p>-Reforzar en contenidos de \u00e1reas disciplinares que se desarrollan en los cursos de ingreso de las carreras.<\/p>\n<p><strong>\u00bfQu\u00e9 actividades es posible realizar?<\/strong><\/p>\n<p><strong>Orientaci\u00f3n vocacional:<\/strong>\u00a0destinado a estudiantes que se encuentran con dudas en relaci\u00f3n a la elecci\u00f3n de un proyecto educativo.<\/p>\n<p><strong>Charlas sobre becas:<\/strong>\u00a0se brindar\u00e1 informaci\u00f3n sobre los programas de becas disponibles para estudiantes, tanto en el \u00e1mbito de la UNC, como las provinciales y nacionales, se aclarar\u00e1n dudas sobre convocatorias y requisitos.<\/p>\n<p><strong>Herramientas de estudio y organizaci\u00f3n del tiempo:<\/strong>\u00a0se trabaja con las estrategias de estudio que vienen implementando y se ofrecen herramientas para la organizaci\u00f3n, administraci\u00f3n del tiempo, t\u00e9cnicas de acercamiento a la informaci\u00f3n, lectura y s\u00edntesis, que propicien el desarrollo de aprendizajes significativos.<\/p>\n<p><strong>Grupos de apoyo educativo:<\/strong>\u00a0tienen como prop\u00f3sito reforzar conocimientos b\u00e1sicos de materias transversales a los contenidos de cursos de nivelaci\u00f3n de las carreras de la UNC (matem\u00e1tica, f\u00edsica, qu\u00edmica, biolog\u00eda, lectura y comprensi\u00f3n de textos, lectocomprensi\u00f3n de ingl\u00e9s)<\/p>\n<p><strong>Conversatorio Acompa\u00f1ar el ingreso a la UNC \u201ctutor\u00edas, talleres y accesibilidad\u201d:<\/strong>\u00a0espacio de intercambio de experiencias entre estudiantes con y sin discapacidad que cursan en la Universidad y estudiantes secundarios. Se brindar\u00e1 informaci\u00f3n sobre los servicios, apoyos y reglamentaciones que garantizan los derechos de estudiantes y el acceso a los diferentes programas de tutor\u00edas y acciones de acompa\u00f1amiento.<\/p>\n<p><strong>Conversatorios sobre Introducci\u00f3n a la Vida Universitaria:<\/strong>\u00a0espacio de intercambio de experiencias sobre la vida estudiantil, en conjunto con el equipo de Docentes Tutores se brindar un acercamiento a la informaci\u00f3n de los cursos de nivelaci\u00f3n de las carreras de la UNC, nociones b\u00e1sicas sobre la Universidad, como por ej. Que son los estudios superiores, la funci\u00f3n social de la universidad p\u00fablica, derechos estudiantiles, tutor\u00edas universitarias, accesibilidad e inclusi\u00f3n educativa, funcionamiento de los espacios institucionales y organizaci\u00f3n de la UNC y programas de la Secretar\u00eda de Bienestar Universitario y Modernizaci\u00f3n.-<\/p>\n<p><strong>\u00bfQu\u00e9 duraci\u00f3n tiene el PAFI 2026?<\/strong><\/p>\n<p>Desde el mes de Noviembre 2025 a Marzo de 2026.<\/p>\n<p><strong>\u00bfQui\u00e9nes pueden participar?<\/strong><\/p>\n<p>-Estudiantes que quieren ingresar a la Universidad.<\/p>\n<p>-Estudiantes que tengan dudas sobre el funcionamiento de la Universidad.<\/p>\n<p>-Estudiantes que consideren que requieran reforzar contenidos para el ingreso.<\/p>\n<p><strong>\u00bfC\u00f3mo se realiza la inscripci\u00f3n?<\/strong><\/p>\n<p>Las actividades son gratuitas. Requieren inscripci\u00f3n previa a trav\u00e9s del siguiente\u00a0<a href=\"https:\/\/forms.gle\/RCKUjsv8SDEUfynE6\" data-saferedirecturl=\"https:\/\/www.google.com\/url?q=https:\/\/forms.gle\/RCKUjsv8SDEUfynE6&amp;source=gmail&amp;ust=1761664177170000&amp;usg=AOvVaw3GUskeCJ8m6duHZ3FkIJY9\">https:\/\/forms.gle\/RCKUjsv8SDEUfynE6<\/a><\/p>\n<p><strong>\u00bfD\u00f3nde se realizan las actividades?<\/strong><\/p>\n<p>Todas las actividades propuestas en el PAFI 2026 se realizar\u00e1n con modalidad presencial, en las aulas de las Unidades Acad\u00e9micas de la Universidad.<\/p>\n<p><a href=\"https:\/\/ffyh.unc.edu.ar\/sae\/2026\/02\/05\/programa-de-apoyo-y-fortalecimiento-al-ingreso-2026-2\/\"><strong>Cronograma de actividades AC\u00c1<\/strong><\/a><\/p>\n<p><strong>Dudas y\/o consultas:<\/strong>\u00a0<a href=\"mailto:trayectoriasacademicas@estudiantiles.unc.edu.ar\">trayectoriasacademicas@estudiantiles.unc.edu.ar<\/a><\/p>\n<p><strong>D\u00edas y Horarios:<\/strong>\u00a0Lunes a viernes de 9 a 16 hs.<\/p>\n<p><strong>Lugar:<\/strong>\u00a0Departamento de Acompa\u00f1amiento a las Trayectorias Acad\u00e9micas Estudiantiles, Primer Piso, Secretar\u00eda de Bienestar Universitario y Modernizaci\u00f3n.<\/p>\n<p><strong>Departamento de Acompa\u00f1amiento a las Trayectorias Acad\u00e9micas Estudiantiles \u2013 Secretar\u00eda de Bienestar Universitario y Modernizaci\u00f3n &#8211; UNC\u00a0<\/strong><\/p>\n<p>-Tel\u00e9fono.:\u00a0351-5353761 interno 15014<\/p>\n<p>-Sitio Web:\u00a0<a href=\"https:\/\/www.unc.edu.ar\/vida-estudiantil\/trayectorias-acad%C3%A9micas-estudiantiles\" data-saferedirecturl=\"https:\/\/www.google.com\/url?q=https:\/\/www.unc.edu.ar\/vida-estudiantil\/trayectorias-acad%25C3%25A9micas-estudiantiles&amp;source=gmail&amp;ust=1761664177171000&amp;usg=AOvVaw29ihA-r3guQ2fdrO-R6gFI\">https:\/\/www.unc.edu.ar\/vida-estudiantil\/trayectorias-acad%C3%A9micas-estudiantiles<\/a><\/p>\n<p>-Lugar: Secretaria de Bienestar Universitario y Modernizaci\u00f3n. Av. Juan Filloy 1\u00ba piso.<\/p>\n","protected":false},"excerpt":{"rendered":"<p>Ingreso 2026 a la FFyH\u00a0 Las inscripciones para el Ingreso 2026 ser\u00e1n del 25 de noviembre al 15 de diciembre<\/p>\n","protected":false},"author":27,"featured_media":0,"parent":0,"menu_order":0,"comment_status":"closed","ping_status":"closed","template":"","meta":{"_acf_changed":false,"saved_in_kubio":false,"colormag_page_container_layout":"default_layout","colormag_page_sidebar_layout":"default_layout","_monsterinsights_skip_tracking":false,"_monsterinsights_sitenote_active":false,"_monsterinsights_sitenote_note":"","_monsterinsights_sitenote_category":0,"footnotes":""},"class_list":["post-1056","page","type-page","status-publish","hentry"],"acf":[],"kubio_ai_page_context":{"short_desc":"","purpose":"general"},"_links":{"self":[{"href":"https:\/\/ffyh.unc.edu.ar\/sae\/wp-json\/wp\/v2\/pages\/1056","targetHints":{"allow":["GET"]}}],"collection":[{"href":"https:\/\/ffyh.unc.edu.ar\/sae\/wp-json\/wp\/v2\/pages"}],"about":[{"href":"https:\/\/ffyh.unc.edu.ar\/sae\/wp-json\/wp\/v2\/types\/page"}],"author":[{"embeddable":true,"href":"https:\/\/ffyh.unc.edu.ar\/sae\/wp-json\/wp\/v2\/users\/27"}],"replies":[{"embeddable":true,"href":"https:\/\/ffyh.unc.edu.ar\/sae\/wp-json\/wp\/v2\/comments?post=1056"}],"version-history":[{"count":26,"href":"https:\/\/ffyh.unc.edu.ar\/sae\/wp-json\/wp\/v2\/pages\/1056\/revisions"}],"predecessor-version":[{"id":2386,"href":"https:\/\/ffyh.unc.edu.ar\/sae\/wp-json\/wp\/v2\/pages\/1056\/revisions\/2386"}],"wp:attachment":[{"href":"https:\/\/ffyh.unc.edu.ar\/sae\/wp-json\/wp\/v2\/media?parent=1056"}],"curies":[{"name":"wp","href":"https:\/\/api.w.org\/{rel}","templated":true}]}}